{"id":42911,"date":"2022-12-01T12:49:37","date_gmt":"2022-12-01T11:49:37","guid":{"rendered":"https:\/\/dacarcomercial.com\/?post_type=product&#038;p=42911"},"modified":"2023-12-11T09:44:41","modified_gmt":"2023-12-11T08:44:41","slug":"filtre-electronique-soudeur-grand-v999d-plus","status":"publish","type":"product","link":"https:\/\/dacarcomercial.com\/fr\/producto\/filtre-electronique-soudeur-grand-v999d-plus\/","title":{"rendered":"Filtre \u00e9lectronique soudeur Grand V999D PLUS + (ADF999D PLUS+)"},"content":{"rendered":"","protected":false},"excerpt":{"rendered":"<ul>\n<li><strong>Dimensions (mm):\u00a0<\/strong>133x114x10<\/li>\n<li><strong>Champ de vision (mm):\u00a0<\/strong>98 x 87<\/li>\n<li><strong>Teinte claire: <\/strong>True color vert-jaune teinte 3, avec filtre lumi\u00e8re bleue<\/li>\n<li><strong>Classe optique EN379:\u00a0<\/strong>1\/1\/1\/1<\/li>\n<li><strong>Nombre de capteurs:\u00a0<\/strong>5<\/li>\n<li><strong>R\u00e9glage de la teinte fonc\u00e9e:\u00a0<\/strong>4-8\/9-14 avec s\u00e9lecteur digital interne<\/li>\n<li><strong>Fonction s\u00e9lection automatique de la teinte fonc\u00e9e: <\/strong>Oui, avec option d\u00b4ajuster +\/- 2 teintes<\/li>\n<li><strong>Fonction m\u00e9moire:\u00a0<\/strong>Oui, 10 m\u00e9moires disponibles<\/li>\n<li><strong>Fonction meulage:\u00a0<\/strong>Oui, avec bouton poussoir externe<\/li>\n<li><strong>R\u00e9glage sensibilit\u00e9:\u00a0<\/strong>8 niveaux, avec s\u00e9lecteur digital interne et fonction automatique<\/li>\n<li><strong>Temps de r\u00e9action (ms):\u00a0<\/strong>0,04 et fonction \u201cGradient\u201c<\/li>\n<li><strong>Fonction Gradient:\u00a0<\/strong>De 0,04 (soudage sp\u00e9cial par points (TAK)) \u00e0 2 s r\u00e9glable manuellement et fonction de<br \/>\nr\u00e9glage automatique<\/li>\n<li><strong>Funci\u00f3n Gradient:\u00a0<\/strong>Oui<\/li>\n<li><strong>Alimentation:\u00a0<\/strong>Solaire + 2 pile CR2032 rempla\u00e7able<\/li>\n<li><strong>Garantie<\/strong> 2 ans<\/li>\n<\/ul>\n","protected":false},"featured_media":42998,"template":"","meta":{"site-sidebar-layout":"default","site-content-layout":"default","ast-site-content-layout":"default","site-content-style":"default","site-sidebar-style":"default","ast-global-header-display":"","ast-banner-title-visibility":"","ast-main-header-display":"","ast-hfb-above-header-display":"","ast-hfb-below-header-display":"","ast-hfb-mobile-header-display":"","site-post-title":"","ast-breadcrumbs-content":"","ast-featured-img":"","footer-sml-layout":"","ast-disable-related-posts":"","theme-transparent-header-meta":"default","adv-header-id-meta":"","stick-header-meta":"default","header-above-stick-meta":"","header-main-stick-meta":"","header-below-stick-meta":"","astra-migrate-meta-layouts":"set","ast-page-background-enabled":"default","ast-page-background-meta":{"desktop":{"background-color":"","background-image":"","background-repeat":"repeat","background-position":"center center","background-size":"auto","background-attachment":"scroll","background-type":"","background-media":"","overlay-type":"","overlay-color":"","overlay-opacity":"","overlay-gradient":""},"tablet":{"background-color":"","background-image":"","background-repeat":"repeat","background-position":"center center","background-size":"auto","background-attachment":"scroll","background-type":"","background-media":"","overlay-type":"","overlay-color":"","overlay-opacity":"","overlay-gradient":""},"mobile":{"background-color":"","background-image":"","background-repeat":"repeat","background-position":"center center","background-size":"auto","background-attachment":"scroll","background-type":"","background-media":"","overlay-type":"","overlay-color":"","overlay-opacity":"","overlay-gradient":""}},"ast-content-background-meta":{"desktop":{"background-color":"var(--ast-global-color-5)","background-image":"","background-repeat":"repeat","background-position":"center center","background-size":"auto","background-attachment":"scroll","background-type":"","background-media":"","overlay-type":"","overlay-color":"","overlay-opacity":"","overlay-gradient":""},"tablet":{"background-color":"var(--ast-global-color-5)","background-image":"","background-repeat":"repeat","background-position":"center center","background-size":"auto","background-attachment":"scroll","background-type":"","background-media":"","overlay-type":"","overlay-color":"","overlay-opacity":"","overlay-gradient":""},"mobile":{"background-color":"var(--ast-global-color-5)","background-image":"","background-repeat":"repeat","background-position":"center center","background-size":"auto","background-attachment":"scroll","background-type":"","background-media":"","overlay-type":"","overlay-color":"","overlay-opacity":"","overlay-gradient":""}}},"product_brand":[],"product_cat":[957],"product_tag":[],"class_list":{"0":"post-42911","1":"product","2":"type-product","3":"status-publish","4":"has-post-thumbnail","6":"product_cat-filtres-electroniques-soudeur","7":"desktop-align-left","8":"tablet-align-left","9":"mobile-align-left","10":"ast-product-gallery-layout-horizontal-slider","11":"ast-product-tabs-layout-horizontal","13":"first","14":"instock","15":"taxable","16":"shipping-taxable","17":"purchasable","18":"product-type-simple"},"_links":{"self":[{"href":"https:\/\/dacarcomercial.com\/fr\/wp-json\/wp\/v2\/product\/42911","targetHints":{"allow":["GET"]}}],"collection":[{"href":"https:\/\/dacarcomercial.com\/fr\/wp-json\/wp\/v2\/product"}],"about":[{"href":"https:\/\/dacarcomercial.com\/fr\/wp-json\/wp\/v2\/types\/product"}],"version-history":[{"count":0,"href":"https:\/\/dacarcomercial.com\/fr\/wp-json\/wp\/v2\/product\/42911\/revisions"}],"wp:featuredmedia":[{"embeddable":true,"href":"https:\/\/dacarcomercial.com\/fr\/wp-json\/wp\/v2\/media\/42998"}],"wp:attachment":[{"href":"https:\/\/dacarcomercial.com\/fr\/wp-json\/wp\/v2\/media?parent=42911"}],"wp:term":[{"taxonomy":"product_brand","embeddable":true,"href":"https:\/\/dacarcomercial.com\/fr\/wp-json\/wp\/v2\/product_brand?post=42911"},{"taxonomy":"product_cat","embeddable":true,"href":"https:\/\/dacarcomercial.com\/fr\/wp-json\/wp\/v2\/product_cat?post=42911"},{"taxonomy":"product_tag","embeddable":true,"href":"https:\/\/dacarcomercial.com\/fr\/wp-json\/wp\/v2\/product_tag?post=42911"}],"curies":[{"name":"wp","href":"https:\/\/api.w.org\/{rel}","templated":true}]}}