{"id":43132,"date":"2023-06-07T09:40:36","date_gmt":"2023-06-08T13:50:38","guid":{"rendered":"https:\/\/dacarcomercial.com\/?post_type=product&#038;p=43132"},"modified":"2023-06-15T15:02:44","modified_gmt":"2023-06-15T13:02:44","slug":"veste-de-soudeur-en-cuir-comfort","status":"publish","type":"product","link":"https:\/\/dacarcomercial.com\/fr\/producto\/veste-de-soudeur-en-cuir-comfort\/","title":{"rendered":"Veste de soudeur en cuir Comfort"},"content":{"rendered":"<h2><strong>Caract\u00e9ristiques de la veste de soudeur en cuir Comfort<\/strong><\/h2>\n<ul>\n<li>Veste en cro\u00fbte de cuir de 1068 g\/m2 (manches, \u00e9paules et col en couleur verte, devant et dos en noir) assurant une protection maximale ainsi qu\u00b4une totale libert\u00e9 de mouvements<\/li>\n<li>Col droit ajustable avec bande velcro<\/li>\n<li>Fermeture frontale avec double velcro et syst\u00e8me de pression<\/li>\n<li>Coutures avec fil de Kevlar pour une plus grande r\u00e9sistance<\/li>\n<li>Manches avec poignets \u00e9lastiques qui peuvent se mettre dans les gants ou par dessus suivant les n\u00e9cessit\u00e9s de chacun<\/li>\n<li>Poche int\u00e9rieure sur le devant gauche du v\u00eatement.<\/li>\n<li>Certifi\u00e9 CE EN ISO 13688:2013\/A1:2021 et EN ISO 11611:2015 niveau A1, classe 2 pour la plus haute protection f\u00e2ce aux projections intenses de soudure<\/li>\n<li>Con\u00e7u pour \u00eatre utilis\u00e9 lors d&rsquo;op\u00e9rations de soudage et d&rsquo;activit\u00e9s similaires<\/li>\n<li>Prot\u00e8ge contre les projections de m\u00e9tal en fusion, le contact avec une flamme pendant de courtes p\u00e9riodes, la chaleur rayonnante et minimise la possibilit\u00e9 d&rsquo;un petit choc \u00e9lectrique<\/li>\n<li>Convient pour les contacts accidentels avec des conducteurs \u00e9lectriques d&rsquo;une tension allant jusqu&rsquo;\u00e0 100 V CC dans des conditions de soudage normales<\/li>\n<li>Disponible en tailles M, L, XL et XXL.<\/li>\n<li>Poids de la veste en taille XL: 1870 grammes.<\/li>\n<\/ul>\n","protected":false},"excerpt":{"rendered":"<p>La <strong>veste de soudeur en cuir Comfort<\/strong> de haute qualit\u00e9 est con\u00e7ue pour assurer confort et protection pendant les travaux de soudure. Elle est fabriqu\u00e9e en cro\u00fbte de cuir\u00a0 de 1068 g\/m2 de premi\u00e8re qualit\u00e9 assurant protection et confort d\u00b4utilisation puisque sa grande souplesse permet une grande libert\u00e9 de mouvements.<\/p>\n<p>Elle est dot\u00e9e d&rsquo;un col droit ajustable avec bande velcro et d&rsquo;un double syst\u00e8me de fermeture sur le devant, par velcro et boutons-pression, qui permet une parfaite \u00e9tanch\u00e9it\u00e9 contre les projections de soudure. Les coutures de la veste soudeur cuir Comfort sont renforc\u00e9es par du fil de Kevlar, ce qui lui conf\u00e8re une plus grande solidit\u00e9 et une plus grande durabilit\u00e9.<\/p>\n<p>Certifi\u00e9 selon les normes CE EN ISO 13688:2013\/A1:2021 et EN ISO 11611:2015 niveau A1, classe 2, la veste soudeur cuir Comfort r\u00e9pond aux normes de protection contre les projections de m\u00e9tal en fusion, le contact avec une flamme pendant de courtes p\u00e9riodes, la chaleur radiante et minimise la possibilit\u00e9 d&rsquo;un petit choc \u00e9lectrique ou d&rsquo;un contact accidentel avec des conducteurs \u00e9lectriques jusqu&rsquo;\u00e0 100V DC dans des conditions de soudage normales.<\/p>\n<p>La <strong>veste de soudeur en cuir Comfort<\/strong> offre \u00e9galement des d\u00e9tails suppl\u00e9mentaires qui am\u00e9liorent sa fonctionnalit\u00e9, tels que des manches avec ajustement \u00e9lastique aux poignets pour un meilleur ajustement par dessus ou dans le gant de soudeur selon les n\u00e9cessit\u00e9s de chacun ainsi que d\u00b4une poche int\u00e9rieure sur le c\u00f4t\u00e9 avant gauche de la veste pour le rangement de petits objets.<\/p>\n<div class=\"elementor-element elementor-element-166c857 ob-has-background-overlay elementor-widget elementor-widget-woocommerce-product-short-description\" data-id=\"166c857\" data-element_type=\"widget\" data-settings=\"{&quot;_ob_perspektive_use&quot;:&quot;no&quot;,&quot;_ob_poopart_use&quot;:&quot;yes&quot;,&quot;_ob_shadough_use&quot;:&quot;no&quot;,&quot;_ob_allow_hoveranimator&quot;:&quot;no&quot;,&quot;_ob_widget_stalker_use&quot;:&quot;no&quot;}\" data-widget_type=\"woocommerce-product-short-description.default\">\n<div class=\"elementor-widget-container\">\n<div class=\"woocommerce-product-details__short-description\">\n<p><em>Les produits Dacar peuvent \u00eatre achet\u00e9s en ligne ou par le biais de notre vaste r\u00e9seau de distributeurs. Demandez-nous des informations sur le distributeur le plus proche de chez vous!<\/em><\/p>\n<\/div>\n<\/div>\n<\/div>\n<p>&nbsp;<\/p>\n","protected":false},"featured_media":43146,"template":"","meta":{"site-sidebar-layout":"default","site-content-layout":"default","ast-site-content-layout":"default","site-content-style":"default","site-sidebar-style":"default","ast-global-header-display":"","ast-banner-title-visibility":"","ast-main-header-display":"","ast-hfb-above-header-display":"","ast-hfb-below-header-display":"","ast-hfb-mobile-header-display":"","site-post-title":"","ast-breadcrumbs-content":"","ast-featured-img":"","footer-sml-layout":"","ast-disable-related-posts":"","theme-transparent-header-meta":"default","adv-header-id-meta":"","stick-header-meta":"default","header-above-stick-meta":"","header-main-stick-meta":"","header-below-stick-meta":"","astra-migrate-meta-layouts":"default","ast-page-background-enabled":"default","ast-page-background-meta":{"desktop":{"background-color":"","background-image":"","background-repeat":"repeat","background-position":"center center","background-size":"auto","background-attachment":"scroll","background-type":"","background-media":"","overlay-type":"","overlay-color":"","overlay-opacity":"","overlay-gradient":""},"tablet":{"background-color":"","background-image":"","background-repeat":"repeat","background-position":"center center","background-size":"auto","background-attachment":"scroll","background-type":"","background-media":"","overlay-type":"","overlay-color":"","overlay-opacity":"","overlay-gradient":""},"mobile":{"background-color":"","background-image":"","background-repeat":"repeat","background-position":"center center","background-size":"auto","background-attachment":"scroll","background-type":"","background-media":"","overlay-type":"","overlay-color":"","overlay-opacity":"","overlay-gradient":""}},"ast-content-background-meta":{"desktop":{"background-color":"var(--ast-global-color-5)","background-image":"","background-repeat":"repeat","background-position":"center center","background-size":"auto","background-attachment":"scroll","background-type":"","background-media":"","overlay-type":"","overlay-color":"","overlay-opacity":"","overlay-gradient":""},"tablet":{"background-color":"var(--ast-global-color-5)","background-image":"","background-repeat":"repeat","background-position":"center center","background-size":"auto","background-attachment":"scroll","background-type":"","background-media":"","overlay-type":"","overlay-color":"","overlay-opacity":"","overlay-gradient":""},"mobile":{"background-color":"var(--ast-global-color-5)","background-image":"","background-repeat":"repeat","background-position":"center center","background-size":"auto","background-attachment":"scroll","background-type":"","background-media":"","overlay-type":"","overlay-color":"","overlay-opacity":"","overlay-gradient":""}}},"product_brand":[],"product_cat":[932,1755],"product_tag":[],"class_list":{"0":"post-43132","1":"product","2":"type-product","3":"status-publish","4":"has-post-thumbnail","6":"product_cat-soudeur","7":"product_cat-vetements-pour-soudeur","8":"desktop-align-left","9":"tablet-align-left","10":"mobile-align-left","11":"ast-product-gallery-layout-horizontal-slider","12":"ast-product-single-variable","13":"ast-product-tabs-layout-horizontal","15":"first","16":"instock","17":"taxable","18":"shipping-taxable","19":"purchasable","20":"product-type-variable"},"_links":{"self":[{"href":"https:\/\/dacarcomercial.com\/fr\/wp-json\/wp\/v2\/product\/43132","targetHints":{"allow":["GET"]}}],"collection":[{"href":"https:\/\/dacarcomercial.com\/fr\/wp-json\/wp\/v2\/product"}],"about":[{"href":"https:\/\/dacarcomercial.com\/fr\/wp-json\/wp\/v2\/types\/product"}],"version-history":[{"count":0,"href":"https:\/\/dacarcomercial.com\/fr\/wp-json\/wp\/v2\/product\/43132\/revisions"}],"wp:featuredmedia":[{"embeddable":true,"href":"https:\/\/dacarcomercial.com\/fr\/wp-json\/wp\/v2\/media\/43146"}],"wp:attachment":[{"href":"https:\/\/dacarcomercial.com\/fr\/wp-json\/wp\/v2\/media?parent=43132"}],"wp:term":[{"taxonomy":"product_brand","embeddable":true,"href":"https:\/\/dacarcomercial.com\/fr\/wp-json\/wp\/v2\/product_brand?post=43132"},{"taxonomy":"product_cat","embeddable":true,"href":"https:\/\/dacarcomercial.com\/fr\/wp-json\/wp\/v2\/product_cat?post=43132"},{"taxonomy":"product_tag","embeddable":true,"href":"https:\/\/dacarcomercial.com\/fr\/wp-json\/wp\/v2\/product_tag?post=43132"}],"curies":[{"name":"wp","href":"https:\/\/api.w.org\/{rel}","templated":true}]}}