{"id":44971,"date":"2023-11-08T12:44:13","date_gmt":"2023-11-08T11:44:13","guid":{"rendered":"https:\/\/dacarcomercial.com\/producto\/capuche-en-cuir-avec-pare-soleil-rabattable\/"},"modified":"2026-04-24T09:20:11","modified_gmt":"2026-04-24T07:20:11","slug":"capuche-en-cuir-avec-pare-soleil-rabattable","status":"publish","type":"product","link":"https:\/\/dacarcomercial.com\/fr\/producto\/capuche-en-cuir-avec-pare-soleil-rabattable\/","title":{"rendered":"Capuche en cuir avec pare-soleil rabattable"},"content":{"rendered":"","protected":false},"excerpt":{"rendered":"<p>Fabriqu\u00e9e en cuir-tissu de premi\u00e8re qualit\u00e9, cette cagoule prot\u00e8ge la t\u00eate et la poitrine des \u00e9tincelles, des \u00e9claboussures et d&rsquo;autres dangers. Le cuir-tissu, connu pour sa solidit\u00e9 et sa durabilit\u00e9, s&rsquo;adapte aux contours du porteur, offrant une barri\u00e8re s\u00fbre sans sacrifier la mobilit\u00e9.<\/p>\n<p>Gr\u00e2ce aux lunettes rabattables, cette cagoule garantit une bonne vision, m\u00eame dans les conditions les plus extr\u00eames. Le cadre r\u00e9sistant \u00e0 la chaleur est capable de supporter les temp\u00e9ratures \u00e9lev\u00e9es typiques des processus de soudage et de travail des m\u00e9taux.<\/p>\n<p>Les lunettes \u00e0 cagoule sont disponibles en DIN 5 et 11, ce qui permet aux utilisateurs de les ajuster en fonction des besoins en mati\u00e8re de protection oculaire. Ces verres sp\u00e9cialis\u00e9s prot\u00e8gent non seulement les yeux de l&rsquo;\u00e9blouissement intense du soudage, mais am\u00e9liorent \u00e9galement la clart\u00e9 pour garantir la pr\u00e9cision du travail.<\/p>\n<p>Gr\u00e2ce \u00e0 un syst\u00e8me de lunettes rabattables, l&rsquo;utilisateur peut facilement les relever ou les abaisser selon ses besoins, ce qui facilite la transition entre les t\u00e2ches de pr\u00e9cision et les inspections.<\/p>\n","protected":false},"featured_media":44946,"template":"","meta":{"site-sidebar-layout":"default","site-content-layout":"","ast-site-content-layout":"default","site-content-style":"default","site-sidebar-style":"default","ast-global-header-display":"","ast-banner-title-visibility":"","ast-main-header-display":"","ast-hfb-above-header-display":"","ast-hfb-below-header-display":"","ast-hfb-mobile-header-display":"","site-post-title":"","ast-breadcrumbs-content":"","ast-featured-img":"","footer-sml-layout":"","ast-disable-related-posts":"","theme-transparent-header-meta":"default","adv-header-id-meta":"","stick-header-meta":"default","header-above-stick-meta":"","header-main-stick-meta":"","header-below-stick-meta":"","astra-migrate-meta-layouts":"set","ast-page-background-enabled":"default","ast-page-background-meta":{"desktop":{"background-color":"","background-image":"","background-repeat":"repeat","background-position":"center center","background-size":"auto","background-attachment":"scroll","background-type":"","background-media":"","overlay-type":"","overlay-color":"","overlay-opacity":"","overlay-gradient":""},"tablet":{"background-color":"","background-image":"","background-repeat":"repeat","background-position":"center center","background-size":"auto","background-attachment":"scroll","background-type":"","background-media":"","overlay-type":"","overlay-color":"","overlay-opacity":"","overlay-gradient":""},"mobile":{"background-color":"","background-image":"","background-repeat":"repeat","background-position":"center center","background-size":"auto","background-attachment":"scroll","background-type":"","background-media":"","overlay-type":"","overlay-color":"","overlay-opacity":"","overlay-gradient":""}},"ast-content-background-meta":{"desktop":{"background-color":"var(--ast-global-color-5)","background-image":"","background-repeat":"repeat","background-position":"center center","background-size":"auto","background-attachment":"scroll","background-type":"","background-media":"","overlay-type":"","overlay-color":"","overlay-opacity":"","overlay-gradient":""},"tablet":{"background-color":"var(--ast-global-color-5)","background-image":"","background-repeat":"repeat","background-position":"center center","background-size":"auto","background-attachment":"scroll","background-type":"","background-media":"","overlay-type":"","overlay-color":"","overlay-opacity":"","overlay-gradient":""},"mobile":{"background-color":"var(--ast-global-color-5)","background-image":"","background-repeat":"repeat","background-position":"center center","background-size":"auto","background-attachment":"scroll","background-type":"","background-media":"","overlay-type":"","overlay-color":"","overlay-opacity":"","overlay-gradient":""}}},"product_brand":[],"product_cat":[943,939],"product_tag":[],"class_list":{"0":"post-44971","1":"product","2":"type-product","3":"status-publish","4":"has-post-thumbnail","6":"product_cat-masques-avec-fenetre-relevable","7":"product_cat-masques-de-soudure","8":"desktop-align-left","9":"tablet-align-left","10":"mobile-align-left","11":"ast-product-gallery-layout-horizontal-slider","12":"ast-product-gallery-with-no-image","13":"ast-product-tabs-layout-horizontal","15":"first","16":"instock","17":"taxable","18":"shipping-taxable","19":"purchasable","20":"product-type-simple"},"_links":{"self":[{"href":"https:\/\/dacarcomercial.com\/fr\/wp-json\/wp\/v2\/product\/44971","targetHints":{"allow":["GET"]}}],"collection":[{"href":"https:\/\/dacarcomercial.com\/fr\/wp-json\/wp\/v2\/product"}],"about":[{"href":"https:\/\/dacarcomercial.com\/fr\/wp-json\/wp\/v2\/types\/product"}],"version-history":[{"count":1,"href":"https:\/\/dacarcomercial.com\/fr\/wp-json\/wp\/v2\/product\/44971\/revisions"}],"predecessor-version":[{"id":55716,"href":"https:\/\/dacarcomercial.com\/fr\/wp-json\/wp\/v2\/product\/44971\/revisions\/55716"}],"wp:featuredmedia":[{"embeddable":true,"href":"https:\/\/dacarcomercial.com\/fr\/wp-json\/wp\/v2\/media\/44946"}],"wp:attachment":[{"href":"https:\/\/dacarcomercial.com\/fr\/wp-json\/wp\/v2\/media?parent=44971"}],"wp:term":[{"taxonomy":"product_brand","embeddable":true,"href":"https:\/\/dacarcomercial.com\/fr\/wp-json\/wp\/v2\/product_brand?post=44971"},{"taxonomy":"product_cat","embeddable":true,"href":"https:\/\/dacarcomercial.com\/fr\/wp-json\/wp\/v2\/product_cat?post=44971"},{"taxonomy":"product_tag","embeddable":true,"href":"https:\/\/dacarcomercial.com\/fr\/wp-json\/wp\/v2\/product_tag?post=44971"}],"curies":[{"name":"wp","href":"https:\/\/api.w.org\/{rel}","templated":true}]}}