{"id":44978,"date":"2023-11-09T15:35:35","date_gmt":"2023-11-09T14:35:35","guid":{"rendered":"https:\/\/dacarcomercial.com\/producto\/masque-en-cuir-pliable\/"},"modified":"2026-04-24T09:04:58","modified_gmt":"2026-04-24T07:04:58","slug":"masque-en-cuir-pliable","status":"publish","type":"product","link":"https:\/\/dacarcomercial.com\/fr\/producto\/masque-en-cuir-pliable\/","title":{"rendered":"Masque en cuir pliable"},"content":{"rendered":"<h2><strong>Comprend un masque en cuir pliable :<\/strong><\/h2>\n<ul>\n<li>Conception pliable pour faciliter le stockage et le transport.<\/li>\n<li>La sangle \u00e9lastique r\u00e9glable permet un ajustement sur mesure.<\/li>\n<li>Verre adh\u00e9sif inactinique \u00e0 carreaux 11 tons pour une vision et une protection optimales.<\/li>\n<\/ul>\n","protected":false},"excerpt":{"rendered":"<p><strong>Protection et confort garantis!<\/strong> Notre <strong>bouclier facial pliable en cuir<\/strong> est le choix id\u00e9al pour ceux qui recherchent une solution de qualit\u00e9 et facile \u00e0 porter. Gr\u00e2ce \u00e0 sa conception pliable et \u00e0 sa sangle \u00e9lastique r\u00e9glable, cet \u00e9cran facial s&rsquo;adapte confortablement au visage de l&rsquo;op\u00e9rateur et le recouvre enti\u00e8rement.<\/p>\n<p>Ce qui rend notre masque encore plus exceptionnel, ce sont ses lunettes de soleil inactiniques aux dimensions de 51 x 108 mm et \u00e0 la teinte 11. Ce verre offre une vision claire et une protection contre les rayonnements, ce qui vous permet de travailler en toute s\u00e9curit\u00e9 et avec pr\u00e9cision.<\/p>\n","protected":false},"featured_media":44960,"template":"","meta":{"site-sidebar-layout":"default","site-content-layout":"","ast-site-content-layout":"default","site-content-style":"default","site-sidebar-style":"default","ast-global-header-display":"","ast-banner-title-visibility":"","ast-main-header-display":"","ast-hfb-above-header-display":"","ast-hfb-below-header-display":"","ast-hfb-mobile-header-display":"","site-post-title":"","ast-breadcrumbs-content":"","ast-featured-img":"","footer-sml-layout":"","ast-disable-related-posts":"","theme-transparent-header-meta":"default","adv-header-id-meta":"","stick-header-meta":"default","header-above-stick-meta":"","header-main-stick-meta":"","header-below-stick-meta":"","astra-migrate-meta-layouts":"set","ast-page-background-enabled":"default","ast-page-background-meta":{"desktop":{"background-color":"","background-image":"","background-repeat":"repeat","background-position":"center center","background-size":"auto","background-attachment":"scroll","background-type":"","background-media":"","overlay-type":"","overlay-color":"","overlay-opacity":"","overlay-gradient":""},"tablet":{"background-color":"","background-image":"","background-repeat":"repeat","background-position":"center center","background-size":"auto","background-attachment":"scroll","background-type":"","background-media":"","overlay-type":"","overlay-color":"","overlay-opacity":"","overlay-gradient":""},"mobile":{"background-color":"","background-image":"","background-repeat":"repeat","background-position":"center center","background-size":"auto","background-attachment":"scroll","background-type":"","background-media":"","overlay-type":"","overlay-color":"","overlay-opacity":"","overlay-gradient":""}},"ast-content-background-meta":{"desktop":{"background-color":"var(--ast-global-color-5)","background-image":"","background-repeat":"repeat","background-position":"center center","background-size":"auto","background-attachment":"scroll","background-type":"","background-media":"","overlay-type":"","overlay-color":"","overlay-opacity":"","overlay-gradient":""},"tablet":{"background-color":"var(--ast-global-color-5)","background-image":"","background-repeat":"repeat","background-position":"center center","background-size":"auto","background-attachment":"scroll","background-type":"","background-media":"","overlay-type":"","overlay-color":"","overlay-opacity":"","overlay-gradient":""},"mobile":{"background-color":"var(--ast-global-color-5)","background-image":"","background-repeat":"repeat","background-position":"center center","background-size":"auto","background-attachment":"scroll","background-type":"","background-media":"","overlay-type":"","overlay-color":"","overlay-opacity":"","overlay-gradient":""}}},"product_brand":[],"product_cat":[949,939],"product_tag":[],"class_list":{"0":"post-44978","1":"product","2":"type-product","3":"status-publish","4":"has-post-thumbnail","6":"product_cat-avec-verre-soudeur","7":"product_cat-masques-de-soudure","8":"desktop-align-left","9":"tablet-align-left","10":"mobile-align-left","11":"ast-product-gallery-layout-horizontal-slider","12":"ast-product-gallery-with-no-image","13":"ast-product-tabs-layout-horizontal","15":"first","16":"instock","17":"taxable","18":"shipping-taxable","19":"purchasable","20":"product-type-simple"},"_links":{"self":[{"href":"https:\/\/dacarcomercial.com\/fr\/wp-json\/wp\/v2\/product\/44978","targetHints":{"allow":["GET"]}}],"collection":[{"href":"https:\/\/dacarcomercial.com\/fr\/wp-json\/wp\/v2\/product"}],"about":[{"href":"https:\/\/dacarcomercial.com\/fr\/wp-json\/wp\/v2\/types\/product"}],"version-history":[{"count":1,"href":"https:\/\/dacarcomercial.com\/fr\/wp-json\/wp\/v2\/product\/44978\/revisions"}],"predecessor-version":[{"id":55691,"href":"https:\/\/dacarcomercial.com\/fr\/wp-json\/wp\/v2\/product\/44978\/revisions\/55691"}],"wp:featuredmedia":[{"embeddable":true,"href":"https:\/\/dacarcomercial.com\/fr\/wp-json\/wp\/v2\/media\/44960"}],"wp:attachment":[{"href":"https:\/\/dacarcomercial.com\/fr\/wp-json\/wp\/v2\/media?parent=44978"}],"wp:term":[{"taxonomy":"product_brand","embeddable":true,"href":"https:\/\/dacarcomercial.com\/fr\/wp-json\/wp\/v2\/product_brand?post=44978"},{"taxonomy":"product_cat","embeddable":true,"href":"https:\/\/dacarcomercial.com\/fr\/wp-json\/wp\/v2\/product_cat?post=44978"},{"taxonomy":"product_tag","embeddable":true,"href":"https:\/\/dacarcomercial.com\/fr\/wp-json\/wp\/v2\/product_tag?post=44978"}],"curies":[{"name":"wp","href":"https:\/\/api.w.org\/{rel}","templated":true}]}}