{"id":46850,"date":"2024-02-12T13:27:44","date_gmt":"2024-02-12T12:27:44","guid":{"rendered":"https:\/\/dacarcomercial.com\/producto\/manchettes-cuir-noir-20\/"},"modified":"2024-02-12T15:30:34","modified_gmt":"2024-02-12T14:30:34","slug":"manchettes-cuir-noir-20","status":"publish","type":"product","link":"https:\/\/dacarcomercial.com\/fr\/producto\/manchettes-cuir-noir-20\/","title":{"rendered":"Manchettes cuir noir 20\u201d"},"content":{"rendered":"","protected":false},"excerpt":{"rendered":"<p>Ces <strong>manchettes en cuir<\/strong> sont con\u00e7us pour r\u00e9sister aux exigences des environnements de travail les plus difficiles, offrant une combinaison parfaite de durabilit\u00e9, de confort et de protection.<\/p>\n<p>Fabriqu\u00e9es en cro\u00fbte de cuir noir de haute qualit\u00e9, ces manchettes offrent non seulement une protection exceptionnelle contre les \u00e9tincelles et les \u00e9claboussures, mais elles ajoutent \u00e9galement une touche de style \u00e0 votre \u00e9quipement de travail. Avec des finitions \u00e9lastiques et du velcro aux deux extr\u00e9mit\u00e9s, ils garantissent un ajustement s\u00fbr et confortable, s&rsquo;adaptant \u00e0 une vari\u00e9t\u00e9 de tailles de bras.<\/p>\n<p>Les coutures en fil de Kevlar garantissent une r\u00e9sistance suppl\u00e9mentaire, une durabilit\u00e9 et une fiabilit\u00e9 accrues dans les environnements \u00e0 haute temp\u00e9rature. D&rsquo;une longueur de 508 mm (20 pouces), ces manches offrent une couverture optimale du poignet au coude, prot\u00e9geant ainsi vos bras de tout risque potentiel.<\/p>\n<p>Certifi\u00e9s EN ISO11611, vous pouvez \u00eatre s\u00fbrs que ces manchons r\u00e9pondent aux normes les plus strictes en mati\u00e8re de s\u00e9curit\u00e9 et de performance. Que vous travailliez dans le soudage, la fonderie ou d&rsquo;autres industries similaires, ces manchettes sont indispensables pour garder vos bras prot\u00e9g\u00e9s et en s\u00e9curit\u00e9 \u00e0 tout moment.<\/p>\n","protected":false},"featured_media":46845,"template":"","meta":{"site-sidebar-layout":"default","site-content-layout":"","ast-site-content-layout":"default","site-content-style":"default","site-sidebar-style":"default","ast-global-header-display":"","ast-banner-title-visibility":"","ast-main-header-display":"","ast-hfb-above-header-display":"","ast-hfb-below-header-display":"","ast-hfb-mobile-header-display":"","site-post-title":"","ast-breadcrumbs-content":"","ast-featured-img":"","footer-sml-layout":"","ast-disable-related-posts":"","theme-transparent-header-meta":"default","adv-header-id-meta":"","stick-header-meta":"default","header-above-stick-meta":"","header-main-stick-meta":"","header-below-stick-meta":"","astra-migrate-meta-layouts":"default","ast-page-background-enabled":"default","ast-page-background-meta":{"desktop":{"background-color":"","background-image":"","background-repeat":"repeat","background-position":"center center","background-size":"auto","background-attachment":"scroll","background-type":"","background-media":"","overlay-type":"","overlay-color":"","overlay-opacity":"","overlay-gradient":""},"tablet":{"background-color":"","background-image":"","background-repeat":"repeat","background-position":"center center","background-size":"auto","background-attachment":"scroll","background-type":"","background-media":"","overlay-type":"","overlay-color":"","overlay-opacity":"","overlay-gradient":""},"mobile":{"background-color":"","background-image":"","background-repeat":"repeat","background-position":"center center","background-size":"auto","background-attachment":"scroll","background-type":"","background-media":"","overlay-type":"","overlay-color":"","overlay-opacity":"","overlay-gradient":""}},"ast-content-background-meta":{"desktop":{"background-color":"var(--ast-global-color-5)","background-image":"","background-repeat":"repeat","background-position":"center center","background-size":"auto","background-attachment":"scroll","background-type":"","background-media":"","overlay-type":"","overlay-color":"","overlay-opacity":"","overlay-gradient":""},"tablet":{"background-color":"var(--ast-global-color-5)","background-image":"","background-repeat":"repeat","background-position":"center center","background-size":"auto","background-attachment":"scroll","background-type":"","background-media":"","overlay-type":"","overlay-color":"","overlay-opacity":"","overlay-gradient":""},"mobile":{"background-color":"var(--ast-global-color-5)","background-image":"","background-repeat":"repeat","background-position":"center center","background-size":"auto","background-attachment":"scroll","background-type":"","background-media":"","overlay-type":"","overlay-color":"","overlay-opacity":"","overlay-gradient":""}}},"product_brand":[],"product_cat":[1758,932,931],"product_tag":[],"class_list":{"0":"post-46850","1":"product","2":"type-product","3":"status-publish","4":"has-post-thumbnail","6":"product_cat-gants","7":"product_cat-soudeur","8":"product_cat-vetements-de-protection","9":"desktop-align-left","10":"tablet-align-left","11":"mobile-align-left","12":"ast-product-gallery-layout-horizontal-slider","13":"ast-product-gallery-with-no-image","14":"ast-product-tabs-layout-horizontal","16":"first","17":"onbackorder","18":"taxable","19":"shipping-taxable","20":"purchasable","21":"product-type-simple"},"_links":{"self":[{"href":"https:\/\/dacarcomercial.com\/fr\/wp-json\/wp\/v2\/product\/46850","targetHints":{"allow":["GET"]}}],"collection":[{"href":"https:\/\/dacarcomercial.com\/fr\/wp-json\/wp\/v2\/product"}],"about":[{"href":"https:\/\/dacarcomercial.com\/fr\/wp-json\/wp\/v2\/types\/product"}],"version-history":[{"count":0,"href":"https:\/\/dacarcomercial.com\/fr\/wp-json\/wp\/v2\/product\/46850\/revisions"}],"wp:featuredmedia":[{"embeddable":true,"href":"https:\/\/dacarcomercial.com\/fr\/wp-json\/wp\/v2\/media\/46845"}],"wp:attachment":[{"href":"https:\/\/dacarcomercial.com\/fr\/wp-json\/wp\/v2\/media?parent=46850"}],"wp:term":[{"taxonomy":"product_brand","embeddable":true,"href":"https:\/\/dacarcomercial.com\/fr\/wp-json\/wp\/v2\/product_brand?post=46850"},{"taxonomy":"product_cat","embeddable":true,"href":"https:\/\/dacarcomercial.com\/fr\/wp-json\/wp\/v2\/product_cat?post=46850"},{"taxonomy":"product_tag","embeddable":true,"href":"https:\/\/dacarcomercial.com\/fr\/wp-json\/wp\/v2\/product_tag?post=46850"}],"curies":[{"name":"wp","href":"https:\/\/api.w.org\/{rel}","templated":true}]}}