{"id":46900,"date":"2024-02-14T14:08:49","date_gmt":"2024-02-14T13:08:49","guid":{"rendered":"https:\/\/dacarcomercial.com\/producto\/demi-masque-ts01\/"},"modified":"2024-02-14T15:52:00","modified_gmt":"2024-02-14T14:52:00","slug":"demi-masque-ts01","status":"publish","type":"product","link":"https:\/\/dacarcomercial.com\/fr\/producto\/demi-masque-ts01\/","title":{"rendered":"Demi-masque TS01"},"content":{"rendered":"","protected":false},"excerpt":{"rendered":"<p>Le <strong>demi-masque TS01<\/strong> offre une protection fiable et un confort exceptionnel dans les environnements de travail. Pesant seulement 115 grammes en orange, ce masque garantit une sensation de l\u00e9g\u00e8ret\u00e9 et de confort tout au long de la journ\u00e9e.<\/p>\n<p>Fabriqu\u00e9 avec un joint facial en TPE souple, le demi-masque TS01 assure un ajustement confortable et s\u00fbr, minimisant l&rsquo;inconfort lors d&rsquo;une utilisation prolong\u00e9e. En outre, il est \u00e9quip\u00e9 d&rsquo;un dispositif int\u00e9gr\u00e9 de contr\u00f4le de l&rsquo;ajustement facial, qui assure un scellement optimal et personnalis\u00e9, s&rsquo;adaptant aux besoins individuels de chaque utilisateur.<\/p>\n<p>Le demi-masque TS01 est compatible avec les filtres de la s\u00e9rie Y (non inclus), offrant une polyvalence exceptionnelle pour r\u00e9pondre \u00e0 une vari\u00e9t\u00e9 d&rsquo;environnements et de besoins de protection. Il est conforme aux normes de s\u00e9curit\u00e9 EN140:1998 et est disponible en tailles M et L, ce qui en fait le choix id\u00e9al pour les professionnels qui recherchent protection, confort et performance dans leur \u00e9quipement de protection respiratoire.<\/p>\n<div class=\"elementor-element elementor-element-166c857 ob-has-background-overlay elementor-widget elementor-widget-woocommerce-product-short-description\" data-id=\"166c857\" data-element_type=\"widget\" data-settings=\"{\"_ob_perspektive_use\":\"no\",\"_ob_poopart_use\":\"yes\",\"_ob_shadough_use\":\"no\",\"_ob_allow_hoveranimator\":\"no\",\"_ob_widget_stalker_use\":\"no\"}\" data-widget_type=\"woocommerce-product-short-description.default\">\n<div class=\"elementor-widget-container\">\n<div class=\"woocommerce-product-details__short-description\">\n<div class=\"elementor-element elementor-element-166c857 ob-has-background-overlay elementor-widget elementor-widget-woocommerce-product-short-description\" data-id=\"166c857\" data-element_type=\"widget\" data-settings=\"{\"_ob_perspektive_use\":\"no\",\"_ob_poopart_use\":\"yes\",\"_ob_shadough_use\":\"no\",\"_ob_allow_hoveranimator\":\"no\",\"_ob_widget_stalker_use\":\"no\"}\" data-widget_type=\"woocommerce-product-short-description.default\">\n<div class=\"elementor-widget-container\">\n<div class=\"woocommerce-product-details__short-description\">\n<p><em>Les produits Dacar peuvent \u00eatre achet\u00e9s en ligne ou via notre r\u00e9seau de distributeurs. N\u00b4h\u00e9sitez pas \u00e0 nous consulter votre revendeur le plus proche!<\/em><\/p>\n<\/div>\n<\/div>\n<\/div>\n<\/div>\n<\/div>\n<\/div>\n","protected":false},"featured_media":46894,"template":"","meta":{"site-sidebar-layout":"default","site-content-layout":"","ast-site-content-layout":"default","site-content-style":"default","site-sidebar-style":"default","ast-global-header-display":"","ast-banner-title-visibility":"","ast-main-header-display":"","ast-hfb-above-header-display":"","ast-hfb-below-header-display":"","ast-hfb-mobile-header-display":"","site-post-title":"","ast-breadcrumbs-content":"","ast-featured-img":"","footer-sml-layout":"","ast-disable-related-posts":"","theme-transparent-header-meta":"default","adv-header-id-meta":"","stick-header-meta":"default","header-above-stick-meta":"","header-main-stick-meta":"","header-below-stick-meta":"","astra-migrate-meta-layouts":"default","ast-page-background-enabled":"default","ast-page-background-meta":{"desktop":{"background-color":"","background-image":"","background-repeat":"repeat","background-position":"center center","background-size":"auto","background-attachment":"scroll","background-type":"","background-media":"","overlay-type":"","overlay-color":"","overlay-opacity":"","overlay-gradient":""},"tablet":{"background-color":"","background-image":"","background-repeat":"repeat","background-position":"center center","background-size":"auto","background-attachment":"scroll","background-type":"","background-media":"","overlay-type":"","overlay-color":"","overlay-opacity":"","overlay-gradient":""},"mobile":{"background-color":"","background-image":"","background-repeat":"repeat","background-position":"center center","background-size":"auto","background-attachment":"scroll","background-type":"","background-media":"","overlay-type":"","overlay-color":"","overlay-opacity":"","overlay-gradient":""}},"ast-content-background-meta":{"desktop":{"background-color":"var(--ast-global-color-5)","background-image":"","background-repeat":"repeat","background-position":"center center","background-size":"auto","background-attachment":"scroll","background-type":"","background-media":"","overlay-type":"","overlay-color":"","overlay-opacity":"","overlay-gradient":""},"tablet":{"background-color":"var(--ast-global-color-5)","background-image":"","background-repeat":"repeat","background-position":"center center","background-size":"auto","background-attachment":"scroll","background-type":"","background-media":"","overlay-type":"","overlay-color":"","overlay-opacity":"","overlay-gradient":""},"mobile":{"background-color":"var(--ast-global-color-5)","background-image":"","background-repeat":"repeat","background-position":"center center","background-size":"auto","background-attachment":"scroll","background-type":"","background-media":"","overlay-type":"","overlay-color":"","overlay-opacity":"","overlay-gradient":""}}},"product_brand":[],"product_cat":[1722,981,959],"product_tag":[],"class_list":{"0":"post-46900","1":"product","2":"type-product","3":"status-publish","4":"has-post-thumbnail","6":"product_cat-demi-masques","7":"product_cat-protection-respiratoire","8":"product_cat-sts-shigematsu-2","9":"desktop-align-left","10":"tablet-align-left","11":"mobile-align-left","12":"ast-product-gallery-layout-horizontal-slider","13":"ast-product-gallery-with-no-image","14":"ast-product-single-variable","15":"ast-product-tabs-layout-horizontal","17":"first","18":"instock","19":"taxable","20":"shipping-taxable","21":"purchasable","22":"product-type-variable"},"_links":{"self":[{"href":"https:\/\/dacarcomercial.com\/fr\/wp-json\/wp\/v2\/product\/46900","targetHints":{"allow":["GET"]}}],"collection":[{"href":"https:\/\/dacarcomercial.com\/fr\/wp-json\/wp\/v2\/product"}],"about":[{"href":"https:\/\/dacarcomercial.com\/fr\/wp-json\/wp\/v2\/types\/product"}],"version-history":[{"count":0,"href":"https:\/\/dacarcomercial.com\/fr\/wp-json\/wp\/v2\/product\/46900\/revisions"}],"wp:featuredmedia":[{"embeddable":true,"href":"https:\/\/dacarcomercial.com\/fr\/wp-json\/wp\/v2\/media\/46894"}],"wp:attachment":[{"href":"https:\/\/dacarcomercial.com\/fr\/wp-json\/wp\/v2\/media?parent=46900"}],"wp:term":[{"taxonomy":"product_brand","embeddable":true,"href":"https:\/\/dacarcomercial.com\/fr\/wp-json\/wp\/v2\/product_brand?post=46900"},{"taxonomy":"product_cat","embeddable":true,"href":"https:\/\/dacarcomercial.com\/fr\/wp-json\/wp\/v2\/product_cat?post=46900"},{"taxonomy":"product_tag","embeddable":true,"href":"https:\/\/dacarcomercial.com\/fr\/wp-json\/wp\/v2\/product_tag?post=46900"}],"curies":[{"name":"wp","href":"https:\/\/api.w.org\/{rel}","templated":true}]}}