{"id":47098,"date":"2024-02-20T12:49:20","date_gmt":"2024-02-20T11:49:20","guid":{"rendered":"https:\/\/dacarcomercial.com\/producto\/masque-a-souder-dc-1-multi-xi-avec-casque-radius\/"},"modified":"2026-04-22T10:24:26","modified_gmt":"2026-04-22T08:24:26","slug":"masque-a-souder-dc-1-multi-xi-avec-casque-radius","status":"publish","type":"product","link":"https:\/\/dacarcomercial.com\/fr\/producto\/masque-a-souder-dc-1-multi-xi-avec-casque-radius\/","title":{"rendered":"Masque \u00e0 souder DC-1 Multi-Xi avec casque Radius"},"content":{"rendered":"<h2><strong>Masque \u00e0 souder DC-1 Multi-Xi avec casque Radius<\/strong><\/h2>\n<p>Le masque \u00e0 souder DC-1 Multi-Xi est con\u00e7u pour r\u00e9pondre aux besoins des soudeurs les plus exigeants, offrant des caract\u00e9ristiques uniques qui le distinguent sur le march\u00e9.<\/p>\n<p>Les adaptateurs fournis avec le masque de soudure DC-1 Multi-Xi permettent de l&rsquo;int\u00e9grer facilement au casque Radius, offrant ainsi une solution compl\u00e8te de s\u00e9curit\u00e9 pour la t\u00eate et les yeux. Ce syst\u00e8me de protection combin\u00e9 r\u00e9pond non seulement aux normes de s\u00e9curit\u00e9 les plus strictes, mais offre \u00e9galement un confort et un style in\u00e9gal\u00e9s.<\/p>\n<p>Id\u00e9al pour un large \u00e9ventail d&rsquo;applications de soudage, le casque de soudage DC-1 Multi-Xi avec Radius est le choix parfait pour ceux qui recherchent le meilleur de la protection, de la fonctionnalit\u00e9 et du design. Que vous travailliez sur des projets industriels, de construction ou de bricolage, cet \u00e9quipement vous apportera la s\u00e9curit\u00e9 et la performance dont vous avez besoin pour ex\u00e9cuter votre travail avec confiance et pr\u00e9cision.<\/p>\n","protected":false},"excerpt":{"rendered":"<p>Le design \u00e9l\u00e9gant du masque, avec sa monture grise et sa couleur principale noire, est parfaitement compl\u00e9t\u00e9 par le casque Radius disponible dans une vari\u00e9t\u00e9 de couleurs : Bleu (A), Blanc (B), Orange (N), Jaune (J), Vert (V) y Rouge (R). Cette large gamme de couleurs vous permet non seulement de personnaliser votre \u00e9quipement en fonction de vos pr\u00e9f\u00e9rences ou des normes de s\u00e9curit\u00e9 de votre environnement de travail, mais aussi de vous distinguer lorsque vous travaillez.<\/p>\n<p>Le masque \u00e0 souder DC-1 Multi-Xi int\u00e8gre le filtre \u00e9lectronique ADF718i PRO, une technologie avanc\u00e9e qui prot\u00e8ge vos yeux des rayonnements nocifs et am\u00e9liore la clart\u00e9 visuelle pendant le processus de soudage. Ce filtre garantit une vue claire et nette du mat\u00e9riau de travail, ce qui vous permet de r\u00e9aliser facilement des soudages pr\u00e9cis et de haute qualit\u00e9.<\/p>\n<p>En outre, le masque est dot\u00e9 d&rsquo;une visi\u00e8re courte et non ventil\u00e9e, con\u00e7ue pour offrir une protection optimale contre les \u00e9tincelles et les projections. Le blocage de roue inclus assure un ajustement personnalis\u00e9 et confortable, permettant de longues heures de travail sans inconfort.<\/p>\n<div class=\"elementor-element elementor-element-375c5fc ob-has-background-overlay elementor-widget elementor-widget-woocommerce-product-price\" data-id=\"375c5fc\" data-element_type=\"widget\" data-settings=\"{\" data-widget_type=\"woocommerce-product-price.default\">\n<div class=\"elementor-widget-container\"><\/div>\n<\/div>\n","protected":false},"featured_media":47082,"template":"","meta":{"site-sidebar-layout":"default","site-content-layout":"","ast-site-content-layout":"default","site-content-style":"default","site-sidebar-style":"default","ast-global-header-display":"","ast-banner-title-visibility":"","ast-main-header-display":"","ast-hfb-above-header-display":"","ast-hfb-below-header-display":"","ast-hfb-mobile-header-display":"","site-post-title":"","ast-breadcrumbs-content":"","ast-featured-img":"","footer-sml-layout":"","ast-disable-related-posts":"","theme-transparent-header-meta":"default","adv-header-id-meta":"","stick-header-meta":"default","header-above-stick-meta":"","header-main-stick-meta":"","header-below-stick-meta":"","astra-migrate-meta-layouts":"set","ast-page-background-enabled":"default","ast-page-background-meta":{"desktop":{"background-color":"","background-image":"","background-repeat":"repeat","background-position":"center center","background-size":"auto","background-attachment":"scroll","background-type":"","background-media":"","overlay-type":"","overlay-color":"","overlay-opacity":"","overlay-gradient":""},"tablet":{"background-color":"","background-image":"","background-repeat":"repeat","background-position":"center center","background-size":"auto","background-attachment":"scroll","background-type":"","background-media":"","overlay-type":"","overlay-color":"","overlay-opacity":"","overlay-gradient":""},"mobile":{"background-color":"","background-image":"","background-repeat":"repeat","background-position":"center center","background-size":"auto","background-attachment":"scroll","background-type":"","background-media":"","overlay-type":"","overlay-color":"","overlay-opacity":"","overlay-gradient":""}},"ast-content-background-meta":{"desktop":{"background-color":"var(--ast-global-color-5)","background-image":"","background-repeat":"repeat","background-position":"center center","background-size":"auto","background-attachment":"scroll","background-type":"","background-media":"","overlay-type":"","overlay-color":"","overlay-opacity":"","overlay-gradient":""},"tablet":{"background-color":"var(--ast-global-color-5)","background-image":"","background-repeat":"repeat","background-position":"center center","background-size":"auto","background-attachment":"scroll","background-type":"","background-media":"","overlay-type":"","overlay-color":"","overlay-opacity":"","overlay-gradient":""},"mobile":{"background-color":"var(--ast-global-color-5)","background-image":"","background-repeat":"repeat","background-position":"center center","background-size":"auto","background-attachment":"scroll","background-type":"","background-media":"","overlay-type":"","overlay-color":"","overlay-opacity":"","overlay-gradient":""}}},"product_brand":[],"product_cat":[992,2068,939],"product_tag":[],"class_list":{"0":"post-47098","1":"product","2":"type-product","3":"status-publish","4":"has-post-thumbnail","6":"product_cat-dc1-filter-electro-optique","7":"product_cat-masques-de-soudage-avec-casque-de-chantier","8":"product_cat-masques-de-soudure","9":"desktop-align-left","10":"tablet-align-left","11":"mobile-align-left","12":"ast-product-gallery-layout-horizontal-slider","13":"ast-product-gallery-with-no-image","14":"ast-product-single-variable","15":"ast-product-tabs-layout-horizontal","17":"first","18":"instock","19":"taxable","20":"shipping-taxable","21":"purchasable","22":"product-type-variable"},"_links":{"self":[{"href":"https:\/\/dacarcomercial.com\/fr\/wp-json\/wp\/v2\/product\/47098","targetHints":{"allow":["GET"]}}],"collection":[{"href":"https:\/\/dacarcomercial.com\/fr\/wp-json\/wp\/v2\/product"}],"about":[{"href":"https:\/\/dacarcomercial.com\/fr\/wp-json\/wp\/v2\/types\/product"}],"version-history":[{"count":2,"href":"https:\/\/dacarcomercial.com\/fr\/wp-json\/wp\/v2\/product\/47098\/revisions"}],"predecessor-version":[{"id":55562,"href":"https:\/\/dacarcomercial.com\/fr\/wp-json\/wp\/v2\/product\/47098\/revisions\/55562"}],"wp:featuredmedia":[{"embeddable":true,"href":"https:\/\/dacarcomercial.com\/fr\/wp-json\/wp\/v2\/media\/47082"}],"wp:attachment":[{"href":"https:\/\/dacarcomercial.com\/fr\/wp-json\/wp\/v2\/media?parent=47098"}],"wp:term":[{"taxonomy":"product_brand","embeddable":true,"href":"https:\/\/dacarcomercial.com\/fr\/wp-json\/wp\/v2\/product_brand?post=47098"},{"taxonomy":"product_cat","embeddable":true,"href":"https:\/\/dacarcomercial.com\/fr\/wp-json\/wp\/v2\/product_cat?post=47098"},{"taxonomy":"product_tag","embeddable":true,"href":"https:\/\/dacarcomercial.com\/fr\/wp-json\/wp\/v2\/product_tag?post=47098"}],"curies":[{"name":"wp","href":"https:\/\/api.w.org\/{rel}","templated":true}]}}