{"id":47170,"date":"2024-02-20T14:03:14","date_gmt":"2024-02-20T13:03:14","guid":{"rendered":"https:\/\/dacarcomercial.com\/producto\/masque-a-souder-dc-2-multi-xi-avec-casque-radius\/"},"modified":"2026-04-22T10:25:18","modified_gmt":"2026-04-22T08:25:18","slug":"masque-a-souder-dc-2-multi-xi-avec-casque-radius","status":"publish","type":"product","link":"https:\/\/dacarcomercial.com\/fr\/producto\/masque-a-souder-dc-2-multi-xi-avec-casque-radius\/","title":{"rendered":"Masque \u00e0 souder DC-2 Multi-Xi avec casque Radius"},"content":{"rendered":"","protected":false},"excerpt":{"rendered":"<p>Avec sa monture noire distinctive et ses accents rouges, le masque \u00e0 souder DC-2 renforce non seulement la s\u00e9curit\u00e9 et la fonctionnalit\u00e9, mais ajoute \u00e9galement une touche de style \u00e0 l&rsquo;\u00e9quipement de protection individuelle.<\/p>\n<p>Le c\u0153ur de ce masque est le filtre \u00e9lectronique avanc\u00e9 ADF718i PRO, un filtre \u00e9lectronique qui s&rsquo;adapte rapidement aux changements de lumi\u00e8re, prot\u00e9geant ainsi vos yeux sans sacrifier la visibilit\u00e9. Cette technologie garantit une clart\u00e9 optique exceptionnelle et une protection contre les rayons UV, ce qui permet d&rsquo;effectuer des travaux de soudage plus pr\u00e9cis et plus s\u00fbrs.<\/p>\n<p>Le casque Radius, disponible dans une gamme de couleurs vives, dont le bleu (A), Blanc (B), Orange (N), Jaune (J), Vert (V) et Rouge (R), permet une personnalisation et une identification ais\u00e9e sur le lieu de travail. La conception ergonomique assure un ajustement confortable et s\u00fbr, tandis que la visi\u00e8re courte et non ventil\u00e9e avec fermeture \u00e0 molette offre une protection suppl\u00e9mentaire contre les projections et les particules, sans compromettre la mobilit\u00e9 ou le champ de vision.<\/p>\n<p>Les adaptateurs fournis avec le casque assurent une large compatibilit\u00e9 et une installation facile, ce qui fait du casque de soudure DC-2 Multi-Xi avec Radius le choix privil\u00e9gi\u00e9 des soudeurs en qu\u00eate d&rsquo;efficacit\u00e9, de confort et d&rsquo;une protection sup\u00e9rieure. Ce produit ne se contente pas de r\u00e9pondre aux attentes des professionnels les plus exigeants, mais les d\u00e9passe, red\u00e9finissant ce que l&rsquo;on attend d&rsquo;un \u00e9quipement de protection individuelle dans le domaine du soudage.<\/p>\n","protected":false},"featured_media":47158,"template":"","meta":{"site-sidebar-layout":"default","site-content-layout":"","ast-site-content-layout":"default","site-content-style":"default","site-sidebar-style":"default","ast-global-header-display":"","ast-banner-title-visibility":"","ast-main-header-display":"","ast-hfb-above-header-display":"","ast-hfb-below-header-display":"","ast-hfb-mobile-header-display":"","site-post-title":"","ast-breadcrumbs-content":"","ast-featured-img":"","footer-sml-layout":"","ast-disable-related-posts":"","theme-transparent-header-meta":"default","adv-header-id-meta":"","stick-header-meta":"default","header-above-stick-meta":"","header-main-stick-meta":"","header-below-stick-meta":"","astra-migrate-meta-layouts":"set","ast-page-background-enabled":"default","ast-page-background-meta":{"desktop":{"background-color":"","background-image":"","background-repeat":"repeat","background-position":"center center","background-size":"auto","background-attachment":"scroll","background-type":"","background-media":"","overlay-type":"","overlay-color":"","overlay-opacity":"","overlay-gradient":""},"tablet":{"background-color":"","background-image":"","background-repeat":"repeat","background-position":"center center","background-size":"auto","background-attachment":"scroll","background-type":"","background-media":"","overlay-type":"","overlay-color":"","overlay-opacity":"","overlay-gradient":""},"mobile":{"background-color":"","background-image":"","background-repeat":"repeat","background-position":"center center","background-size":"auto","background-attachment":"scroll","background-type":"","background-media":"","overlay-type":"","overlay-color":"","overlay-opacity":"","overlay-gradient":""}},"ast-content-background-meta":{"desktop":{"background-color":"var(--ast-global-color-5)","background-image":"","background-repeat":"repeat","background-position":"center center","background-size":"auto","background-attachment":"scroll","background-type":"","background-media":"","overlay-type":"","overlay-color":"","overlay-opacity":"","overlay-gradient":""},"tablet":{"background-color":"var(--ast-global-color-5)","background-image":"","background-repeat":"repeat","background-position":"center center","background-size":"auto","background-attachment":"scroll","background-type":"","background-media":"","overlay-type":"","overlay-color":"","overlay-opacity":"","overlay-gradient":""},"mobile":{"background-color":"var(--ast-global-color-5)","background-image":"","background-repeat":"repeat","background-position":"center center","background-size":"auto","background-attachment":"scroll","background-type":"","background-media":"","overlay-type":"","overlay-color":"","overlay-opacity":"","overlay-gradient":""}}},"product_brand":[],"product_cat":[994,2068,939],"product_tag":[],"class_list":{"0":"post-47170","1":"product","2":"type-product","3":"status-publish","4":"has-post-thumbnail","6":"product_cat-dc2-filter-electronique","7":"product_cat-masques-de-soudage-avec-casque-de-chantier","8":"product_cat-masques-de-soudure","9":"desktop-align-left","10":"tablet-align-left","11":"mobile-align-left","12":"ast-product-gallery-layout-horizontal-slider","13":"ast-product-gallery-with-no-image","14":"ast-product-single-variable","15":"ast-product-tabs-layout-horizontal","17":"first","18":"instock","19":"taxable","20":"shipping-taxable","21":"purchasable","22":"product-type-variable"},"_links":{"self":[{"href":"https:\/\/dacarcomercial.com\/fr\/wp-json\/wp\/v2\/product\/47170","targetHints":{"allow":["GET"]}}],"collection":[{"href":"https:\/\/dacarcomercial.com\/fr\/wp-json\/wp\/v2\/product"}],"about":[{"href":"https:\/\/dacarcomercial.com\/fr\/wp-json\/wp\/v2\/types\/product"}],"version-history":[{"count":1,"href":"https:\/\/dacarcomercial.com\/fr\/wp-json\/wp\/v2\/product\/47170\/revisions"}],"predecessor-version":[{"id":55572,"href":"https:\/\/dacarcomercial.com\/fr\/wp-json\/wp\/v2\/product\/47170\/revisions\/55572"}],"wp:featuredmedia":[{"embeddable":true,"href":"https:\/\/dacarcomercial.com\/fr\/wp-json\/wp\/v2\/media\/47158"}],"wp:attachment":[{"href":"https:\/\/dacarcomercial.com\/fr\/wp-json\/wp\/v2\/media?parent=47170"}],"wp:term":[{"taxonomy":"product_brand","embeddable":true,"href":"https:\/\/dacarcomercial.com\/fr\/wp-json\/wp\/v2\/product_brand?post=47170"},{"taxonomy":"product_cat","embeddable":true,"href":"https:\/\/dacarcomercial.com\/fr\/wp-json\/wp\/v2\/product_cat?post=47170"},{"taxonomy":"product_tag","embeddable":true,"href":"https:\/\/dacarcomercial.com\/fr\/wp-json\/wp\/v2\/product_tag?post=47170"}],"curies":[{"name":"wp","href":"https:\/\/api.w.org\/{rel}","templated":true}]}}