{"id":47902,"date":"2024-03-04T14:49:59","date_gmt":"2024-03-04T13:49:59","guid":{"rendered":"https:\/\/dacarcomercial.com\/producto\/serre-tete-complet-pour-masques-x3-et-f1\/"},"modified":"2024-03-04T16:02:35","modified_gmt":"2024-03-04T15:02:35","slug":"serre-tete-complet-pour-masques-x3-et-f1","status":"publish","type":"product","link":"https:\/\/dacarcomercial.com\/fr\/producto\/serre-tete-complet-pour-masques-x3-et-f1\/","title":{"rendered":"Serre-t\u00eate complet pour masques X3 et F1"},"content":{"rendered":"","protected":false},"excerpt":{"rendered":"<p>Avec une conception \u00e0 triple bande sup\u00e9rieure, ce serre-t\u00eate assure un ajustement s\u00fbr et stable pour les masques \u00e0 souder X3 et F1, offrant une r\u00e9partition \u00e9quilibr\u00e9e du poids pour une exp\u00e9rience confortable, m\u00eame sur de longues journ\u00e9es. En outre, la capuche et le tour de cou rembourr\u00e9s offrent un confort suppl\u00e9mentaire, r\u00e9duisant la fatigue et vous permettant de vous concentrer sur votre travail en toute s\u00e9r\u00e9nit\u00e9.<\/p>\n<p>L&rsquo;inclusion de mat\u00e9riel facilite l&rsquo;installation rapide et facile de ce serre-t\u00eate sur les masques X3 et F1, sans n\u00e9cessiter d&rsquo;outils suppl\u00e9mentaires. Cela signifie que vous pouvez commencer \u00e0 profiter de ses avantages imm\u00e9diatement, sans perdre de temps avec des configurations compliqu\u00e9es.<\/p>\n<p>Ce serre-t\u00eate complet pour masques de soudure am\u00e9liore non seulement le confort et la s\u00e9curit\u00e9 de l&rsquo;utilisateur, mais contribue \u00e9galement \u00e0 prolonger la dur\u00e9e de vie des masques X3 et F1 en offrant un soutien ad\u00e9quat et en r\u00e9duisant l&rsquo;usure due \u00e0 une utilisation continue.<\/p>\n<div class=\"elementor-element elementor-element-166c857 ob-has-background-overlay elementor-widget elementor-widget-woocommerce-product-short-description\" data-id=\"166c857\" data-element_type=\"widget\" data-settings=\"{\"_ob_perspektive_use\":\"no\",\"_ob_poopart_use\":\"yes\",\"_ob_shadough_use\":\"no\",\"_ob_allow_hoveranimator\":\"no\",\"_ob_widget_stalker_use\":\"no\"}\" data-widget_type=\"woocommerce-product-short-description.default\">\n<div class=\"elementor-widget-container\">\n<div class=\"woocommerce-product-details__short-description\">\n<p><em>Les produits Dacar peuvent \u00eatre achet\u00e9s en ligne ou par l\u2019interm\u00e9diaire de notre r\u00e9seau de distributeurs. Demandez-nous des informations sur le distributeur le plus proche de chez vous.<\/em><\/p>\n<\/div>\n<\/div>\n<\/div>\n","protected":false},"featured_media":47896,"template":"","meta":{"site-sidebar-layout":"default","site-content-layout":"","ast-site-content-layout":"default","site-content-style":"default","site-sidebar-style":"default","ast-global-header-display":"","ast-banner-title-visibility":"","ast-main-header-display":"","ast-hfb-above-header-display":"","ast-hfb-below-header-display":"","ast-hfb-mobile-header-display":"","site-post-title":"","ast-breadcrumbs-content":"","ast-featured-img":"","footer-sml-layout":"","ast-disable-related-posts":"","theme-transparent-header-meta":"default","adv-header-id-meta":"","stick-header-meta":"default","header-above-stick-meta":"","header-main-stick-meta":"","header-below-stick-meta":"","astra-migrate-meta-layouts":"default","ast-page-background-enabled":"default","ast-page-background-meta":{"desktop":{"background-color":"","background-image":"","background-repeat":"repeat","background-position":"center center","background-size":"auto","background-attachment":"scroll","background-type":"","background-media":"","overlay-type":"","overlay-color":"","overlay-opacity":"","overlay-gradient":""},"tablet":{"background-color":"","background-image":"","background-repeat":"repeat","background-position":"center center","background-size":"auto","background-attachment":"scroll","background-type":"","background-media":"","overlay-type":"","overlay-color":"","overlay-opacity":"","overlay-gradient":""},"mobile":{"background-color":"","background-image":"","background-repeat":"repeat","background-position":"center center","background-size":"auto","background-attachment":"scroll","background-type":"","background-media":"","overlay-type":"","overlay-color":"","overlay-opacity":"","overlay-gradient":""}},"ast-content-background-meta":{"desktop":{"background-color":"var(--ast-global-color-5)","background-image":"","background-repeat":"repeat","background-position":"center center","background-size":"auto","background-attachment":"scroll","background-type":"","background-media":"","overlay-type":"","overlay-color":"","overlay-opacity":"","overlay-gradient":""},"tablet":{"background-color":"var(--ast-global-color-5)","background-image":"","background-repeat":"repeat","background-position":"center center","background-size":"auto","background-attachment":"scroll","background-type":"","background-media":"","overlay-type":"","overlay-color":"","overlay-opacity":"","overlay-gradient":""},"mobile":{"background-color":"var(--ast-global-color-5)","background-image":"","background-repeat":"repeat","background-position":"center center","background-size":"auto","background-attachment":"scroll","background-type":"","background-media":"","overlay-type":"","overlay-color":"","overlay-opacity":"","overlay-gradient":""}}},"product_brand":[],"product_cat":[951,939],"product_tag":[],"class_list":{"0":"post-47902","1":"product","2":"type-product","3":"status-publish","4":"has-post-thumbnail","6":"product_cat-accessoires-et-rechanges","7":"product_cat-masques-de-soudure","8":"desktop-align-left","9":"tablet-align-left","10":"mobile-align-left","11":"ast-product-gallery-layout-horizontal-slider","12":"ast-product-gallery-with-no-image","13":"ast-product-tabs-layout-horizontal","15":"first","16":"instock","17":"taxable","18":"shipping-taxable","19":"purchasable","20":"product-type-simple"},"_links":{"self":[{"href":"https:\/\/dacarcomercial.com\/fr\/wp-json\/wp\/v2\/product\/47902","targetHints":{"allow":["GET"]}}],"collection":[{"href":"https:\/\/dacarcomercial.com\/fr\/wp-json\/wp\/v2\/product"}],"about":[{"href":"https:\/\/dacarcomercial.com\/fr\/wp-json\/wp\/v2\/types\/product"}],"version-history":[{"count":0,"href":"https:\/\/dacarcomercial.com\/fr\/wp-json\/wp\/v2\/product\/47902\/revisions"}],"wp:featuredmedia":[{"embeddable":true,"href":"https:\/\/dacarcomercial.com\/fr\/wp-json\/wp\/v2\/media\/47896"}],"wp:attachment":[{"href":"https:\/\/dacarcomercial.com\/fr\/wp-json\/wp\/v2\/media?parent=47902"}],"wp:term":[{"taxonomy":"product_brand","embeddable":true,"href":"https:\/\/dacarcomercial.com\/fr\/wp-json\/wp\/v2\/product_brand?post=47902"},{"taxonomy":"product_cat","embeddable":true,"href":"https:\/\/dacarcomercial.com\/fr\/wp-json\/wp\/v2\/product_cat?post=47902"},{"taxonomy":"product_tag","embeddable":true,"href":"https:\/\/dacarcomercial.com\/fr\/wp-json\/wp\/v2\/product_tag?post=47902"}],"curies":[{"name":"wp","href":"https:\/\/api.w.org\/{rel}","templated":true}]}}