{"id":49070,"date":"2024-06-21T09:14:04","date_gmt":"2024-06-21T07:14:04","guid":{"rendered":"https:\/\/dacarcomercial.com\/producto\/filtre-electronique-lc568e-568-l-s\/"},"modified":"2025-04-24T11:08:18","modified_gmt":"2025-04-24T09:08:18","slug":"filtre-electronique-lc568e-568-l-s","status":"publish","type":"product","link":"https:\/\/dacarcomercial.com\/fr\/producto\/filtre-electronique-lc568e-568-l-s\/","title":{"rendered":"Filtre \u00e9lectronique LC568E (568 L-S+)"},"content":{"rendered":"","protected":false},"excerpt":{"rendered":"<ul>\n<li><strong>Dimensions (mm):<\/strong> 110 x 90 x 9<\/li>\n<li><strong>Champ de vision (mm):<\/strong> 96 x 39<\/li>\n<li><strong>Teinte claire:<\/strong> Teinte claire 2,5 true color<\/li>\n<li><strong>Classe optique (ISO 16321-2):<\/strong> V2<\/li>\n<li><strong>Nombre de capteurs:<\/strong> 2<\/li>\n<li><strong>R\u00e9glage de la teinte fonc\u00e9e:<\/strong> 4-8\/9-13 avec contr\u00f4le interne ou avec commande externe Easy Control<\/li>\n<li><strong>Fonction meulage:<\/strong> Oui, avec contr\u00f4le interne ou avec commande externe Easy Control<\/li>\n<li><strong>Sensibilit\u00e9 \u00e0 l\u2019arc:<\/strong> S\u00e9lecteur digital interne<\/li>\n<li><strong>Fonctions commande Easy Control<\/strong>: Pression courte: soudage (teintes 9-13) -&gt;&gt; coupe (teintes 4-8) -&gt; &gt;soudage (teinte fonc\u00e9e bloqu\u00e9e (4-13)<br \/>\nPression longue (1 s.): meulage (teinte claire bloqu\u00e9e) \/ soudage (teintes 9-13)<br \/>\nFaire pivoter la roulette pour r\u00e9gler la teinte fonc\u00e9e souhait\u00e9e (de 0,5 en 0,5 teinte)<\/li>\n<li><strong>Temps de r\u00e9action (ms):<\/strong> 0,04<\/li>\n<li><strong>Temps de retour \u00e0 la teinte claire (s):<\/strong> 0,1 \u00e0 1 seconde avec un s\u00e9lecteur digital interne<\/li>\n<li><strong>Fonction MIX\/TRS:<\/strong> Oui<\/li>\n<li><strong>Fonction TACK:<\/strong> Oui<\/li>\n<li><strong>Temp\u00e9rature d\u2019utilisation:<\/strong> -10\u00baC &#8211; +60\u00baC<\/li>\n<li><strong>Fonction de blocage des teintes fonc\u00e9es:<\/strong> Oui, contr\u00f4le interne ou avec commande externe Easy Control<\/li>\n<li><strong>Compatibilit\u00e9 TIG \u00e0 faible amp\u00e9rage:<\/strong> Oui, optimis\u00e9<\/li>\n<li><strong>Alimentation:<\/strong> Solaire + 2 piles CR2032 rempla\u00e7ables<\/li>\n<li><strong>Garantie:<\/strong> 2 ans<\/li>\n<\/ul>\n<div class=\"elementor-element elementor-element-166c857 ob-has-background-overlay elementor-widget elementor-widget-woocommerce-product-short-description\" data-id=\"166c857\" data-element_type=\"widget\" data-settings=\"{\" data-widget_type=\"woocommerce-product-short-description.default\">\n<div class=\"elementor-widget-container\">\n<div class=\"woocommerce-product-details__short-description\">\n<div class=\"elementor-element elementor-element-166c857 ob-has-background-overlay elementor-widget elementor-widget-woocommerce-product-short-description\" data-id=\"166c857\" data-element_type=\"widget\" data-settings=\"{\" data-widget_type=\"woocommerce-product-short-description.default\">\n<div class=\"elementor-widget-container\">\n<div class=\"woocommerce-product-details__short-description\">\n<p><em>Les produits Dacar peuvent \u00eatre achet\u00e9s en ligne ou via notre r\u00e9seau de distributeurs. N\u00b4h\u00e9sitez pas \u00e0 nous consulter votre revendeur le plus proche!<\/em><\/p>\n<\/div>\n<\/div>\n<\/div>\n<\/div>\n<\/div>\n<\/div>\n","protected":false},"featured_media":49050,"template":"","meta":{"site-sidebar-layout":"default","site-content-layout":"","ast-site-content-layout":"default","site-content-style":"default","site-sidebar-style":"default","ast-global-header-display":"","ast-banner-title-visibility":"","ast-main-header-display":"","ast-hfb-above-header-display":"","ast-hfb-below-header-display":"","ast-hfb-mobile-header-display":"","site-post-title":"","ast-breadcrumbs-content":"","ast-featured-img":"","footer-sml-layout":"","ast-disable-related-posts":"","theme-transparent-header-meta":"default","adv-header-id-meta":"","stick-header-meta":"default","header-above-stick-meta":"","header-main-stick-meta":"","header-below-stick-meta":"","astra-migrate-meta-layouts":"set","ast-page-background-enabled":"default","ast-page-background-meta":{"desktop":{"background-color":"","background-image":"","background-repeat":"repeat","background-position":"center center","background-size":"auto","background-attachment":"scroll","background-type":"","background-media":"","overlay-type":"","overlay-color":"","overlay-opacity":"","overlay-gradient":""},"tablet":{"background-color":"","background-image":"","background-repeat":"repeat","background-position":"center center","background-size":"auto","background-attachment":"scroll","background-type":"","background-media":"","overlay-type":"","overlay-color":"","overlay-opacity":"","overlay-gradient":""},"mobile":{"background-color":"","background-image":"","background-repeat":"repeat","background-position":"center center","background-size":"auto","background-attachment":"scroll","background-type":"","background-media":"","overlay-type":"","overlay-color":"","overlay-opacity":"","overlay-gradient":""}},"ast-content-background-meta":{"desktop":{"background-color":"var(--ast-global-color-5)","background-image":"","background-repeat":"repeat","background-position":"center center","background-size":"auto","background-attachment":"scroll","background-type":"","background-media":"","overlay-type":"","overlay-color":"","overlay-opacity":"","overlay-gradient":""},"tablet":{"background-color":"var(--ast-global-color-5)","background-image":"","background-repeat":"repeat","background-position":"center center","background-size":"auto","background-attachment":"scroll","background-type":"","background-media":"","overlay-type":"","overlay-color":"","overlay-opacity":"","overlay-gradient":""},"mobile":{"background-color":"var(--ast-global-color-5)","background-image":"","background-repeat":"repeat","background-position":"center center","background-size":"auto","background-attachment":"scroll","background-type":"","background-media":"","overlay-type":"","overlay-color":"","overlay-opacity":"","overlay-gradient":""}}},"product_brand":[],"product_cat":[957],"product_tag":[],"class_list":{"0":"post-49070","1":"product","2":"type-product","3":"status-publish","4":"has-post-thumbnail","6":"product_cat-filtres-electroniques-soudeur","7":"desktop-align-left","8":"tablet-align-left","9":"mobile-align-left","10":"ast-product-gallery-layout-horizontal-slider","11":"ast-product-gallery-with-no-image","12":"ast-product-tabs-layout-horizontal","14":"first","15":"instock","16":"taxable","17":"shipping-taxable","18":"purchasable","19":"product-type-simple"},"_links":{"self":[{"href":"https:\/\/dacarcomercial.com\/fr\/wp-json\/wp\/v2\/product\/49070","targetHints":{"allow":["GET"]}}],"collection":[{"href":"https:\/\/dacarcomercial.com\/fr\/wp-json\/wp\/v2\/product"}],"about":[{"href":"https:\/\/dacarcomercial.com\/fr\/wp-json\/wp\/v2\/types\/product"}],"version-history":[{"count":0,"href":"https:\/\/dacarcomercial.com\/fr\/wp-json\/wp\/v2\/product\/49070\/revisions"}],"wp:featuredmedia":[{"embeddable":true,"href":"https:\/\/dacarcomercial.com\/fr\/wp-json\/wp\/v2\/media\/49050"}],"wp:attachment":[{"href":"https:\/\/dacarcomercial.com\/fr\/wp-json\/wp\/v2\/media?parent=49070"}],"wp:term":[{"taxonomy":"product_brand","embeddable":true,"href":"https:\/\/dacarcomercial.com\/fr\/wp-json\/wp\/v2\/product_brand?post=49070"},{"taxonomy":"product_cat","embeddable":true,"href":"https:\/\/dacarcomercial.com\/fr\/wp-json\/wp\/v2\/product_cat?post=49070"},{"taxonomy":"product_tag","embeddable":true,"href":"https:\/\/dacarcomercial.com\/fr\/wp-json\/wp\/v2\/product_tag?post=49070"}],"curies":[{"name":"wp","href":"https:\/\/api.w.org\/{rel}","templated":true}]}}