{"id":49149,"date":"2024-06-24T13:43:03","date_gmt":"2024-06-24T11:43:03","guid":{"rendered":"https:\/\/dacarcomercial.com\/producto\/masque-a-souder-dc-2-lc568i\/"},"modified":"2024-06-27T14:11:46","modified_gmt":"2024-06-27T12:11:46","slug":"masque-a-souder-dc-2-lc568i","status":"publish","type":"product","link":"https:\/\/dacarcomercial.com\/fr\/producto\/masque-a-souder-dc-2-lc568i\/","title":{"rendered":"Masque \u00e0 souder DC-2 LC568I"},"content":{"rendered":"<h2><strong>Masque \u00e0 souder DC-2 LC568I:<\/strong><\/h2>\n<ul>\n<li>Conception et fabrication en Espagne.<\/li>\n<li>Mat\u00e9riaux:<br \/>\n&#8211; Serre-t\u00eate: PEAD<br \/>\n&#8211; Coque: PA66 + fibre de verre<br \/>\n&#8211; \u00c9crans de protection: PC<\/li>\n<li>\u00c9crans de protection:<br \/>\n&#8211; Ext\u00e9rieurs: 107 x 128mm Ref: 4720<br \/>\n&#8211; Int\u00e9rieurs: 102 x 42mm Ref: 4701N<\/li>\n<li>Masque avec fen\u00eatre frontale de type \u00ab\u00a0sandwich\u00a0\u00bb pour un maintien parfait du filtre-couvercle contre les chocs et une \u00e9tanch\u00e9it\u00e9 maximale contre la p\u00e9n\u00e9tration de fum\u00e9es ou de projections dans l&rsquo;espace entre le \u00e9crans de protection et le filtre \u00e9lectronique.<\/li>\n<li>Serre-t\u00eate avec DRM (Dispositif R\u00e9partiteur de Masse) et DRP (Dispositif R\u00e9ducteur de Pression)<\/li>\n<li>Protection maximale du visage, du cou et des oreilles contre le rayonnement lumineux et les projections.<\/li>\n<li>Masque complet (filtre inclu) 475 g<\/li>\n<li>Compatible avec casques de chantier<\/li>\n<li>Compatible avec ensembles moto-ventil\u00e9s <a href=\"https:\/\/dacarcomercial.com\/categorias-productos\/dacair\/\">Dacair<\/a> et <a href=\"https:\/\/dacarcomercial.com\/categorias-productos\/proteccion-respiratoria\/cleanair\/\">CleanAIR<\/a><\/li>\n<\/ul>\n<h2>Filtre \u00e9lectronique LC568I (ADF 568L):<\/h2>\n<ul>\n<li><strong>Dimensions (mm):<\/strong> 110 x 90 x 9<\/li>\n<li><strong>Champ de vision (mm):<\/strong> 96 x 39<\/li>\n<li><strong>Teinte claire:<\/strong> Teinte claire 2,5 true color<\/li>\n<li><strong>Classe optique (ISO 16321-2):<\/strong> V2<\/li>\n<li><strong>Nombre de capteurs:<\/strong> 2<\/li>\n<li><strong>R\u00e9glage de la teinte fonc\u00e9e:<\/strong> 4-8\/9-13 avec r\u00e9glage interne de 0,5 en 0,5 teintes<\/li>\n<li><strong>Fonction meulage:<\/strong> Oui, contr\u00f4le interne<\/li>\n<li><strong>Sensibilit\u00e9 \u00e0 l\u2019arc:<\/strong> S\u00e9lecteur digital interne<\/li>\n<li><strong>Temps de r\u00e9action (ms):<\/strong> 0,04<\/li>\n<li><strong>Temps de retour \u00e0 la teinte claire (s):<\/strong> 0,1 \u00e0 1 seconde avec un s\u00e9lecteur digital interne<\/li>\n<li><strong>Fonction MIX:<\/strong> Oui<\/li>\n<li><strong>Fonction TACK:<\/strong> Oui<\/li>\n<li><strong>Temp\u00e9rature d\u2019utilisation:<\/strong> -10\u00baC \u2013 +60\u00baC<\/li>\n<li><strong>Fonction de blocage des teintes fonc\u00e9es:<\/strong> Oui, contr\u00f4le interne<\/li>\n<li><strong>Compatibilit\u00e9 TIG \u00e0 faible amp\u00e9rage:<\/strong> Oui, optimis\u00e9<\/li>\n<li><strong>Alimentation:<\/strong> Solaire + 2 piles CR2032 rempla\u00e7ables<\/li>\n<li><strong>Garantie:<\/strong> 2 ans<\/li>\n<\/ul>\n","protected":false},"excerpt":{"rendered":"<p>Le\u00a0<strong>masque \u00e0 souder DC-2 LC568I<\/strong>\u00a0est\u00a0<strong>destin\u00e9 \u00e0 \u00eatre utilis\u00e9 dans des conditions d\u00e9favorables<\/strong>\u00a0avec un amp\u00e9rage de soudage \u00e9lev\u00e9, des temp\u00e9ratures \u00e9lev\u00e9es ou un risque d\u2019impact lors des travaux de meulage. Le cadre ext\u00e9rieur comprime le couvercle du filtre avec le masque afin d\u2019assurer une meilleure \u00e9tanch\u00e9it\u00e9 contre l\u2019entr\u00e9e de fum\u00e9es et d\u2019a\u00e9rosols. Cela permet d\u2019avoir une vision claire et d\u2019\u00e9viter d\u2019endommager le filtre \u00e9lectronique. L\u2019espace plus important entre l\u2019\u00e9cran de protection et le filtre permet \u00e9galement une meilleure isolation thermique du filtre \u00e9lectronique et du visage du soudeur.<\/p>\n<p style=\"font-style: inherit; font-weight: inherit;\">Ce masque de soudage int\u00e8gre le <strong>filtre \u00e9lectronique 568L<\/strong> avec des fonctionnalit\u00e9s tr\u00e8s int\u00e9ressantes telles que les nouvelles fonctions MIX, TACK et TEST. (Consultez toutes les fonctionnalit\u00e9s du filtre \u00e9lectronique ci-dessous). L&rsquo;\u00e9cran lumineux \u00e0 <strong>t\u00e9moins LED<\/strong> vous offre une vue rapide, claire et facile du mode s\u00e9lectionn\u00e9, de la teinte sombre, du temps de retour \u00e0 la teinte claire et des fonctions suppl\u00e9mentaires.<\/p>\n<p>Vous voulez en savoir plus sur les fonctions MIX et TACK ? <a href=\"https:\/\/dacarcomercial.com\/fr\/quest-ce-que-les-fonctions-tack-et-mix-et-a-quoi-servent-elles\/\" target=\"_blank\" rel=\"noopener\"><strong>Consultez notre blog<\/strong><\/a><\/p>\n<div class=\"elementor-element elementor-element-166c857 ob-has-background-overlay elementor-widget elementor-widget-woocommerce-product-short-description\" data-id=\"166c857\" data-element_type=\"widget\" data-settings=\"{\" data-widget_type=\"woocommerce-product-short-description.default\">\n<div class=\"elementor-widget-container\">\n<div class=\"woocommerce-product-details__short-description\">\n<div class=\"elementor-element elementor-element-166c857 ob-has-background-overlay elementor-widget elementor-widget-woocommerce-product-short-description\" data-id=\"166c857\" data-element_type=\"widget\" data-settings=\"{\" data-widget_type=\"woocommerce-product-short-description.default\">\n<div class=\"elementor-widget-container\">\n<div class=\"woocommerce-product-details__short-description\">\n<p><em>Les produits Dacar peuvent \u00eatre achet\u00e9s en ligne ou via notre r\u00e9seau de distributeurs. N\u00b4h\u00e9sitez pas \u00e0 nous consulter votre revendeur le plus proche!<\/em><\/p>\n<\/div>\n<\/div>\n<\/div>\n<div class=\"elementor-element elementor-element-375c5fc ob-has-background-overlay elementor-widget elementor-widget-woocommerce-product-price\" data-id=\"375c5fc\" data-element_type=\"widget\" data-settings=\"{\" data-widget_type=\"woocommerce-product-price.default\">\n<div class=\"elementor-widget-container\"><\/div>\n<\/div>\n<\/div>\n<\/div>\n<\/div>\n","protected":false},"featured_media":49136,"template":"","meta":{"site-sidebar-layout":"default","site-content-layout":"","ast-site-content-layout":"default","site-content-style":"default","site-sidebar-style":"default","ast-global-header-display":"","ast-banner-title-visibility":"","ast-main-header-display":"","ast-hfb-above-header-display":"","ast-hfb-below-header-display":"","ast-hfb-mobile-header-display":"","site-post-title":"","ast-breadcrumbs-content":"","ast-featured-img":"","footer-sml-layout":"","ast-disable-related-posts":"","theme-transparent-header-meta":"default","adv-header-id-meta":"","stick-header-meta":"default","header-above-stick-meta":"","header-main-stick-meta":"","header-below-stick-meta":"","astra-migrate-meta-layouts":"set","ast-page-background-enabled":"default","ast-page-background-meta":{"desktop":{"background-color":"","background-image":"","background-repeat":"repeat","background-position":"center center","background-size":"auto","background-attachment":"scroll","background-type":"","background-media":"","overlay-type":"","overlay-color":"","overlay-opacity":"","overlay-gradient":""},"tablet":{"background-color":"","background-image":"","background-repeat":"repeat","background-position":"center center","background-size":"auto","background-attachment":"scroll","background-type":"","background-media":"","overlay-type":"","overlay-color":"","overlay-opacity":"","overlay-gradient":""},"mobile":{"background-color":"","background-image":"","background-repeat":"repeat","background-position":"center center","background-size":"auto","background-attachment":"scroll","background-type":"","background-media":"","overlay-type":"","overlay-color":"","overlay-opacity":"","overlay-gradient":""}},"ast-content-background-meta":{"desktop":{"background-color":"var(--ast-global-color-5)","background-image":"","background-repeat":"repeat","background-position":"center center","background-size":"auto","background-attachment":"scroll","background-type":"","background-media":"","overlay-type":"","overlay-color":"","overlay-opacity":"","overlay-gradient":""},"tablet":{"background-color":"var(--ast-global-color-5)","background-image":"","background-repeat":"repeat","background-position":"center center","background-size":"auto","background-attachment":"scroll","background-type":"","background-media":"","overlay-type":"","overlay-color":"","overlay-opacity":"","overlay-gradient":""},"mobile":{"background-color":"var(--ast-global-color-5)","background-image":"","background-repeat":"repeat","background-position":"center center","background-size":"auto","background-attachment":"scroll","background-type":"","background-media":"","overlay-type":"","overlay-color":"","overlay-opacity":"","overlay-gradient":""}}},"product_brand":[],"product_cat":[940,942,939],"product_tag":[],"class_list":{"0":"post-49149","1":"product","2":"type-product","3":"status-publish","4":"has-post-thumbnail","6":"product_cat-avec-filtres-electro-optiques","7":"product_cat-dc-2-2","8":"product_cat-masques-de-soudure","9":"desktop-align-left","10":"tablet-align-left","11":"mobile-align-left","12":"ast-product-gallery-layout-horizontal-slider","13":"ast-product-tabs-layout-horizontal","15":"first","16":"instock","17":"taxable","18":"shipping-taxable","19":"purchasable","20":"product-type-simple"},"_links":{"self":[{"href":"https:\/\/dacarcomercial.com\/fr\/wp-json\/wp\/v2\/product\/49149","targetHints":{"allow":["GET"]}}],"collection":[{"href":"https:\/\/dacarcomercial.com\/fr\/wp-json\/wp\/v2\/product"}],"about":[{"href":"https:\/\/dacarcomercial.com\/fr\/wp-json\/wp\/v2\/types\/product"}],"version-history":[{"count":0,"href":"https:\/\/dacarcomercial.com\/fr\/wp-json\/wp\/v2\/product\/49149\/revisions"}],"wp:featuredmedia":[{"embeddable":true,"href":"https:\/\/dacarcomercial.com\/fr\/wp-json\/wp\/v2\/media\/49136"}],"wp:attachment":[{"href":"https:\/\/dacarcomercial.com\/fr\/wp-json\/wp\/v2\/media?parent=49149"}],"wp:term":[{"taxonomy":"product_brand","embeddable":true,"href":"https:\/\/dacarcomercial.com\/fr\/wp-json\/wp\/v2\/product_brand?post=49149"},{"taxonomy":"product_cat","embeddable":true,"href":"https:\/\/dacarcomercial.com\/fr\/wp-json\/wp\/v2\/product_cat?post=49149"},{"taxonomy":"product_tag","embeddable":true,"href":"https:\/\/dacarcomercial.com\/fr\/wp-json\/wp\/v2\/product_tag?post=49149"}],"curies":[{"name":"wp","href":"https:\/\/api.w.org\/{rel}","templated":true}]}}