{"id":50059,"date":"2024-10-17T10:54:35","date_gmt":"2024-10-17T08:54:35","guid":{"rendered":"https:\/\/dacarcomercial.com\/producto\/casque-de-securite-e-pro-1-avec-ecran\/"},"modified":"2024-10-17T15:43:13","modified_gmt":"2024-10-17T13:43:13","slug":"casque-de-securite-e-pro-1-avec-ecran","status":"publish","type":"product","link":"https:\/\/dacarcomercial.com\/fr\/producto\/casque-de-securite-e-pro-1-avec-ecran\/","title":{"rendered":"Casque de s\u00e9curit\u00e9 E PRO 1 avec \u00e9cran"},"content":{"rendered":"<p>Le casque de s\u00e9curit\u00e9 E PRO 1 avec \u00e9cran transparent int\u00e9gr\u00e9 a \u00e9t\u00e9 con\u00e7u pour offrir une protection maximale contre les flashs d\u2019arc \u00e9lectriques et d\u2019autres risques industriels. Fabriqu\u00e9 avec des mat\u00e9riaux de haute qualit\u00e9 tels que le PC\/ABS pour la coque et la mousse EPS pour la doublure int\u00e9rieure, il garantit une durabilit\u00e9 et une r\u00e9sistance exceptionnelles. L\u2019\u00e9cran r\u00e9tractable \u00e0 deux positions offre une protection contre les chocs (niveau B), ainsi qu\u2019un traitement antibu\u00e9e et anti-rayures, garantissant une vision claire et non d\u00e9form\u00e9e \u00e0 tout moment.<br \/>\nCertifi\u00e9 GS-ET 29 jusqu\u2019\u00e0 4kA \u2013 Classe 1 (Protection contre l\u2019arc \u00e9lectrique), CE EN 166:2001, EN397:2012+A1:2012 et EN 50365:2002, le E PRO 1 garantit une protection dans des environnements avec des tensions allant jusqu\u2019\u00e0 1000V AC \/ 1500V DC. Avec un poids l\u00e9ger de 700 g et une plage de r\u00e9glage de diam\u00e8tre de t\u00eate de 53 \u00e0 62 cm, ce casque de s\u00e9curit\u00e9 industriel est un excellent choix pour les professionnels qui ont besoin d\u2019une solution de s\u00e9curit\u00e9 robuste, confortable et certifi\u00e9e. Il a une dur\u00e9e de vie de 5 ans \u00e0 partir de la fabrication et de 3 ans en utilisation active, ce qui garantit une longue p\u00e9riode d\u2019amortissement.<\/p>\n","protected":false},"excerpt":{"rendered":"<p>Le\u00a0<strong>casque de s\u00e9curit\u00e9 E PRO 1 avec \u00e9cran transparent<\/strong>\u00a0int\u00e9gr\u00e9 offre une protection compl\u00e8te contre les flashs d\u2019arc \u00e9lectriques et les autres dangers de l\u2019environnement de travail. Dot\u00e9 d\u2019un \u00e9cran r\u00e9tractable avec traitement antibu\u00e9e et anti-rayures, ce casque est id\u00e9al pour les travaux exigeant un haut niveau de s\u00e9curit\u00e9 et de confort dans les travaux de maintenance \u00e9lectrique.<\/p>\n<p>Il est certifi\u00e9 GS-ET 29 jusqu\u2019\u00e0 4kA \u2013 Classe 1 (Protection contre l\u2019arc \u00e9lectrique), CE EN 166:2001, EN397:2012+A1:2012 et EN 50365:2002.<\/p>\n<p>Il dispose d\u2019un serre-t\u00eate r\u00e9glable avec syst\u00e8me de blocage \u00e0 cr\u00e9maill\u00e8re, permettant un ajustement personnalis\u00e9 pour plus de confort. La jugulaire \u00e0 4 points assure un maintien ferme, tandis que la calotte interne et le bandeau de transpiration rempla\u00e7able apportent un confort suppl\u00e9mentaire pendant les longues journ\u00e9es de travail.<\/p>\n<div class=\"elementor-element elementor-element-166c857 ob-has-background-overlay elementor-widget elementor-widget-woocommerce-product-short-description\" data-id=\"166c857\" data-element_type=\"widget\" data-settings=\"{\" data-widget_type=\"woocommerce-product-short-description.default\">\n<div class=\"elementor-widget-container\">\n<div class=\"woocommerce-product-details__short-description\">\n<p><em>Les produits Dacar peuvent \u00eatre achet\u00e9s en ligne ou via notre r\u00e9seau de distributeurs. N\u00b4h\u00e9sitez pas \u00e0 nous consulter votre revendeur le plus proche!<\/em><\/p>\n<\/div>\n<\/div>\n<\/div>\n","protected":false},"featured_media":50046,"template":"","meta":{"site-sidebar-layout":"default","site-content-layout":"","ast-site-content-layout":"default","site-content-style":"default","site-sidebar-style":"default","ast-global-header-display":"","ast-banner-title-visibility":"","ast-main-header-display":"","ast-hfb-above-header-display":"","ast-hfb-below-header-display":"","ast-hfb-mobile-header-display":"","site-post-title":"","ast-breadcrumbs-content":"","ast-featured-img":"","footer-sml-layout":"","ast-disable-related-posts":"","theme-transparent-header-meta":"default","adv-header-id-meta":"","stick-header-meta":"default","header-above-stick-meta":"","header-main-stick-meta":"","header-below-stick-meta":"","astra-migrate-meta-layouts":"set","ast-page-background-enabled":"default","ast-page-background-meta":{"desktop":{"background-color":"","background-image":"","background-repeat":"repeat","background-position":"center center","background-size":"auto","background-attachment":"scroll","background-type":"","background-media":"","overlay-type":"","overlay-color":"","overlay-opacity":"","overlay-gradient":""},"tablet":{"background-color":"","background-image":"","background-repeat":"repeat","background-position":"center center","background-size":"auto","background-attachment":"scroll","background-type":"","background-media":"","overlay-type":"","overlay-color":"","overlay-opacity":"","overlay-gradient":""},"mobile":{"background-color":"","background-image":"","background-repeat":"repeat","background-position":"center center","background-size":"auto","background-attachment":"scroll","background-type":"","background-media":"","overlay-type":"","overlay-color":"","overlay-opacity":"","overlay-gradient":""}},"ast-content-background-meta":{"desktop":{"background-color":"var(--ast-global-color-5)","background-image":"","background-repeat":"repeat","background-position":"center center","background-size":"auto","background-attachment":"scroll","background-type":"","background-media":"","overlay-type":"","overlay-color":"","overlay-opacity":"","overlay-gradient":""},"tablet":{"background-color":"var(--ast-global-color-5)","background-image":"","background-repeat":"repeat","background-position":"center center","background-size":"auto","background-attachment":"scroll","background-type":"","background-media":"","overlay-type":"","overlay-color":"","overlay-opacity":"","overlay-gradient":""},"mobile":{"background-color":"var(--ast-global-color-5)","background-image":"","background-repeat":"repeat","background-position":"center center","background-size":"auto","background-attachment":"scroll","background-type":"","background-media":"","overlay-type":"","overlay-color":"","overlay-opacity":"","overlay-gradient":""}}},"product_brand":[],"product_cat":[965,963],"product_tag":[],"class_list":{"0":"post-50059","1":"product","2":"type-product","3":"status-publish","4":"has-post-thumbnail","6":"product_cat-casques-pour-risques-electriques","7":"product_cat-protection-de-la-tete","8":"desktop-align-left","9":"tablet-align-left","10":"mobile-align-left","11":"ast-product-gallery-layout-horizontal-slider","12":"ast-product-tabs-layout-horizontal","14":"first","15":"instock","16":"taxable","17":"shipping-taxable","18":"purchasable","19":"product-type-simple"},"_links":{"self":[{"href":"https:\/\/dacarcomercial.com\/fr\/wp-json\/wp\/v2\/product\/50059","targetHints":{"allow":["GET"]}}],"collection":[{"href":"https:\/\/dacarcomercial.com\/fr\/wp-json\/wp\/v2\/product"}],"about":[{"href":"https:\/\/dacarcomercial.com\/fr\/wp-json\/wp\/v2\/types\/product"}],"version-history":[{"count":0,"href":"https:\/\/dacarcomercial.com\/fr\/wp-json\/wp\/v2\/product\/50059\/revisions"}],"wp:featuredmedia":[{"embeddable":true,"href":"https:\/\/dacarcomercial.com\/fr\/wp-json\/wp\/v2\/media\/50046"}],"wp:attachment":[{"href":"https:\/\/dacarcomercial.com\/fr\/wp-json\/wp\/v2\/media?parent=50059"}],"wp:term":[{"taxonomy":"product_brand","embeddable":true,"href":"https:\/\/dacarcomercial.com\/fr\/wp-json\/wp\/v2\/product_brand?post=50059"},{"taxonomy":"product_cat","embeddable":true,"href":"https:\/\/dacarcomercial.com\/fr\/wp-json\/wp\/v2\/product_cat?post=50059"},{"taxonomy":"product_tag","embeddable":true,"href":"https:\/\/dacarcomercial.com\/fr\/wp-json\/wp\/v2\/product_tag?post=50059"}],"curies":[{"name":"wp","href":"https:\/\/api.w.org\/{rel}","templated":true}]}}