{"id":50236,"date":"2024-11-12T10:24:45","date_gmt":"2024-11-12T09:24:45","guid":{"rendered":"https:\/\/dacarcomercial.com\/producto\/masque-a-souder-dc-4-laser\/"},"modified":"2026-04-22T10:36:48","modified_gmt":"2026-04-22T08:36:48","slug":"masque-a-souder-dc-4-laser","status":"publish","type":"product","link":"https:\/\/dacarcomercial.com\/fr\/producto\/masque-a-souder-dc-4-laser\/","title":{"rendered":"Masque \u00e0 souder DC-4 laser"},"content":{"rendered":"<h2><strong>Caract\u00e9ristiques filtre laser:<\/strong><\/h2>\n<ul>\n<li><strong>Transmittance <\/strong>6%<\/li>\n<li><strong>Densit\u00e9 optique<\/strong>: (O.D.) 800 &#8211; 1100nm OD6+<br \/>\n900 &#8211; 1100nm OD8+<\/li>\n<li><strong>Classement<\/strong>: LB (EN207) 316-440 D LB5 + IR LB6<br \/>\n&gt;440-450 DIR LB4<br \/>\n630-660 DIR LB4<br \/>\n800 &#8211; 1080nm DIR LB6<br \/>\nLP S CE<\/li>\n<li><strong>Type de lasers<\/strong> : lasers \u00e0 fibres, lasers \u00e0 diodes, lasers YAG.<\/li>\n<li><strong>Certification<\/strong> : Certificat C3430.1LP<\/li>\n<li><strong>Norme d&rsquo;application:<\/strong> EN 207:2017-05<\/li>\n<li><strong>Organisme de certification:<\/strong> ECS GmbH, H\u00fcttfeldstrasse 50, 73430 Aalen, Germany<\/li>\n<li><strong>Notified body<\/strong>: 1886<\/li>\n<\/ul>\n<h2><strong>Caract\u00e9ristiques du masque \u00e0 souder :<\/strong><\/h2>\n<ul>\n<li><strong>Certification <\/strong>: Certificat 19\/1477\/01\/0161<\/li>\n<li><strong>Norme d&rsquo;application:<\/strong> EN 175:1997<\/li>\n<li><strong>Protection individuelle<\/strong> : \u00e9quipement de protection des yeux et du visage pendant le soudage et les techniques connexes.<\/li>\n<li><strong>Organisme de certification:<\/strong> AITEX Carretera de Banyeres, 10 03802 Alcoy (Alicante)<\/li>\n<li><strong>Notified body:<\/strong> 0161<\/li>\n<\/ul>\n","protected":false},"excerpt":{"rendered":"<p><strong>Le masque \u00e0 souder laser DC-4<\/strong> permet de prot\u00e9ger le visage lors du soudage avec des lasers d&rsquo;une longueur d&rsquo;onde de 800 \u00e0 1100nm et d&rsquo;une puissance allant jusqu&rsquo;\u00e0 3000W. Le filtre laser prot\u00e8ge efficacement les yeux, tandis que l&rsquo;\u00e9cran emp\u00eachera les \u00e9ventuelles projections ou la lumi\u00e8re produite pendant le soudage d&rsquo;atteindre le visage, offrant ainsi une protection suppl\u00e9mentaire par rapport \u00e0 l&rsquo;utilisation de lunettes de protection laser.<\/p>\n<p>Le filtre laser a une teinte 4 pour \u00e9viter l\u2019\u00e9blouissement pendant le soudage, mais permet une vision claire pour le positionnement.<\/p>\n<p>Pour ceux qui souhaitent une teinte plus fonc\u00e9e, il existe en option une lentille int\u00e9rieure en polycarbonate de teinte 1.<\/p>\n<p>R\u00e9f. 4701LA1 (\u00e0 commander s\u00e9par\u00e9ment)<\/p>\n<p>&nbsp;<\/p>\n","protected":false},"featured_media":50223,"template":"","meta":{"site-sidebar-layout":"default","site-content-layout":"","ast-site-content-layout":"default","site-content-style":"default","site-sidebar-style":"default","ast-global-header-display":"","ast-banner-title-visibility":"","ast-main-header-display":"","ast-hfb-above-header-display":"","ast-hfb-below-header-display":"","ast-hfb-mobile-header-display":"","site-post-title":"","ast-breadcrumbs-content":"","ast-featured-img":"","footer-sml-layout":"","ast-disable-related-posts":"","theme-transparent-header-meta":"default","adv-header-id-meta":"","stick-header-meta":"default","header-above-stick-meta":"","header-main-stick-meta":"","header-below-stick-meta":"","astra-migrate-meta-layouts":"set","ast-page-background-enabled":"default","ast-page-background-meta":{"desktop":{"background-color":"","background-image":"","background-repeat":"repeat","background-position":"center center","background-size":"auto","background-attachment":"scroll","background-type":"","background-media":"","overlay-type":"","overlay-color":"","overlay-opacity":"","overlay-gradient":""},"tablet":{"background-color":"","background-image":"","background-repeat":"repeat","background-position":"center center","background-size":"auto","background-attachment":"scroll","background-type":"","background-media":"","overlay-type":"","overlay-color":"","overlay-opacity":"","overlay-gradient":""},"mobile":{"background-color":"","background-image":"","background-repeat":"repeat","background-position":"center center","background-size":"auto","background-attachment":"scroll","background-type":"","background-media":"","overlay-type":"","overlay-color":"","overlay-opacity":"","overlay-gradient":""}},"ast-content-background-meta":{"desktop":{"background-color":"var(--ast-global-color-5)","background-image":"","background-repeat":"repeat","background-position":"center center","background-size":"auto","background-attachment":"scroll","background-type":"","background-media":"","overlay-type":"","overlay-color":"","overlay-opacity":"","overlay-gradient":""},"tablet":{"background-color":"var(--ast-global-color-5)","background-image":"","background-repeat":"repeat","background-position":"center center","background-size":"auto","background-attachment":"scroll","background-type":"","background-media":"","overlay-type":"","overlay-color":"","overlay-opacity":"","overlay-gradient":""},"mobile":{"background-color":"var(--ast-global-color-5)","background-image":"","background-repeat":"repeat","background-position":"center center","background-size":"auto","background-attachment":"scroll","background-type":"","background-media":"","overlay-type":"","overlay-color":"","overlay-opacity":"","overlay-gradient":""}}},"product_brand":[],"product_cat":[945,939,2044,2000],"product_tag":[],"class_list":{"0":"post-50236","1":"product","2":"type-product","3":"status-publish","4":"has-post-thumbnail","6":"product_cat-dc-4-2","7":"product_cat-masques-de-soudure","8":"product_cat-protection-laser","9":"product_cat-soudage-laser","10":"desktop-align-left","11":"tablet-align-left","12":"mobile-align-left","13":"ast-product-gallery-layout-horizontal-slider","14":"ast-product-tabs-layout-horizontal","16":"first","17":"instock","18":"taxable","19":"shipping-taxable","20":"purchasable","21":"product-type-simple"},"_links":{"self":[{"href":"https:\/\/dacarcomercial.com\/fr\/wp-json\/wp\/v2\/product\/50236","targetHints":{"allow":["GET"]}}],"collection":[{"href":"https:\/\/dacarcomercial.com\/fr\/wp-json\/wp\/v2\/product"}],"about":[{"href":"https:\/\/dacarcomercial.com\/fr\/wp-json\/wp\/v2\/types\/product"}],"version-history":[{"count":1,"href":"https:\/\/dacarcomercial.com\/fr\/wp-json\/wp\/v2\/product\/50236\/revisions"}],"predecessor-version":[{"id":55580,"href":"https:\/\/dacarcomercial.com\/fr\/wp-json\/wp\/v2\/product\/50236\/revisions\/55580"}],"wp:featuredmedia":[{"embeddable":true,"href":"https:\/\/dacarcomercial.com\/fr\/wp-json\/wp\/v2\/media\/50223"}],"wp:attachment":[{"href":"https:\/\/dacarcomercial.com\/fr\/wp-json\/wp\/v2\/media?parent=50236"}],"wp:term":[{"taxonomy":"product_brand","embeddable":true,"href":"https:\/\/dacarcomercial.com\/fr\/wp-json\/wp\/v2\/product_brand?post=50236"},{"taxonomy":"product_cat","embeddable":true,"href":"https:\/\/dacarcomercial.com\/fr\/wp-json\/wp\/v2\/product_cat?post=50236"},{"taxonomy":"product_tag","embeddable":true,"href":"https:\/\/dacarcomercial.com\/fr\/wp-json\/wp\/v2\/product_tag?post=50236"}],"curies":[{"name":"wp","href":"https:\/\/api.w.org\/{rel}","templated":true}]}}