{"id":50435,"date":"2024-12-04T13:04:10","date_gmt":"2024-12-04T12:04:10","guid":{"rendered":"https:\/\/dacarcomercial.com\/producto\/couverture-anti-feu-pour-vehicule\/"},"modified":"2025-11-20T13:02:24","modified_gmt":"2025-11-20T12:02:24","slug":"couverture-anti-feu-pour-vehicule","status":"publish","type":"product","link":"https:\/\/dacarcomercial.com\/fr\/producto\/couverture-anti-feu-pour-vehicule\/","title":{"rendered":"Couverture anti-feu pour v\u00e9hicule (usage unique)"},"content":{"rendered":"<p>Avec une dimension de 6 x 9 m\u00e8tres, elle couvre une grande surface, ce qui la rend adapt\u00e9e aux voitures, SUV, 4\u00d74 et autres v\u00e9hicules de taille similaire. Sa construction en fibre de verre thermique de 500 g\/m\u00b2 garantit une r\u00e9sistance \u00e9lev\u00e9e \u00e0 la temp\u00e9rature, tandis que le rev\u00eatement en silicone sur les deux faces (50 g\/m\u00b2) offre une protection accrue contre le feu et facilite la manipulation. La conception de la couverture comprend\u00a0<strong>4 poign\u00e9es<\/strong>\u00a0pour assurer un d\u00e9ploiement rapide et s\u00fbr dans les situations d\u2019urgence. De plus, elle est livr\u00e9e dans un sac de\u00a0<strong>transport en PVC<\/strong>\u00a0pour faciliter le transport et le stockage, ce qui permet de l\u2019avoir toujours \u00e0 port\u00e9e de main lorsque l\u2019on en a le plus besoin. Cette couverture r\u00e9pond aux normes de s\u00e9curit\u00e9 les plus strictes, avec la\u00a0<strong>certification CE EN135011-1 : 2008<\/strong>. Elle est\u00a0<strong>class\u00e9e A2-s1, d0<\/strong>, ce qui indique qu\u2019elle est\u00a0<strong>incombustible<\/strong>, qu\u2019elle a une\u00a0<strong>opacit\u00e9 de fum\u00e9e moyenne<\/strong>\u00a0et\u00a0<strong>qu\u2019elle ne lib\u00e8re pas de gouttelettes ou de particules enflamm\u00e9es<\/strong>. Cette classification en fait un outil efficace pour la lutte contre les incendies dans les situations critiques. La couverture a fait l\u2019objet d\u2019un\u00a0<strong>rapport d\u2019essai<\/strong>\u00a0du\u00a0<strong>laboratoire SGS<\/strong>, num\u00e9ro de rapport\u00a0<strong>SHFS2403000254FF<\/strong> dat\u00e9 du 27 mars 2024, garantissant qu\u2019elle est conforme \u00e0 toutes les r\u00e8gles de s\u00e9curit\u00e9 requises. P\u00e8se\u00a0<b>29 kg<\/b>\u00a0et est livr\u00e9e dans un colis de\u00a0<b>59 x 40 x 30 cm<\/b>.<\/p>\n","protected":false},"excerpt":{"rendered":"<p><strong>Couverture anti-feu pour v\u00e9hicule de 6 x 9 m\u00e8tres<\/strong> en fibre de verre thermique de 500 g\/m\u00b2 avec rev\u00eatement en silicone sur les deux faces. Elle est facile \u00e0 d\u00e9plier gr\u00e2ce \u00e0 ses 4 poign\u00e9es et est livr\u00e9e dans un sac en PVC pratique pour le stockage. Convient aux voitures, SUV, 4\u00d74 et autres v\u00e9hicules de taille similaire. Certification CE EN135011-1:2008 ; A2-s1, d0<\/p>\n<div class=\"elementor-element elementor-element-166c857 ob-has-background-overlay elementor-widget elementor-widget-woocommerce-product-short-description\" data-id=\"166c857\" data-element_type=\"widget\" data-settings=\"{\" data-widget_type=\"woocommerce-product-short-description.default\">\n<div class=\"elementor-widget-container\">\n<div class=\"woocommerce-product-details__short-description\">\n<div class=\"elementor-element elementor-element-166c857 ob-has-background-overlay elementor-widget elementor-widget-woocommerce-product-short-description\" data-id=\"166c857\" data-element_type=\"widget\" data-settings=\"{\" data-widget_type=\"woocommerce-product-short-description.default\">\n<div class=\"elementor-widget-container\">\n<div class=\"woocommerce-product-details__short-description\">\n<p><em>Les produits Dacar peuvent \u00eatre achet\u00e9s en ligne ou via notre r\u00e9seau de distributeurs. N\u00b4h\u00e9sitez pas \u00e0 nous consulter votre revendeur le plus proche!<\/em><\/p>\n<\/div>\n<\/div>\n<\/div>\n<\/div>\n<\/div>\n<\/div>\n","protected":false},"featured_media":50417,"template":"","meta":{"site-sidebar-layout":"default","site-content-layout":"","ast-site-content-layout":"default","site-content-style":"default","site-sidebar-style":"default","ast-global-header-display":"","ast-banner-title-visibility":"","ast-main-header-display":"","ast-hfb-above-header-display":"","ast-hfb-below-header-display":"","ast-hfb-mobile-header-display":"","site-post-title":"","ast-breadcrumbs-content":"","ast-featured-img":"","footer-sml-layout":"","ast-disable-related-posts":"","theme-transparent-header-meta":"default","adv-header-id-meta":"","stick-header-meta":"default","header-above-stick-meta":"","header-main-stick-meta":"","header-below-stick-meta":"","astra-migrate-meta-layouts":"set","ast-page-background-enabled":"default","ast-page-background-meta":{"desktop":{"background-color":"","background-image":"","background-repeat":"repeat","background-position":"center center","background-size":"auto","background-attachment":"scroll","background-type":"","background-media":"","overlay-type":"","overlay-color":"","overlay-opacity":"","overlay-gradient":""},"tablet":{"background-color":"","background-image":"","background-repeat":"repeat","background-position":"center center","background-size":"auto","background-attachment":"scroll","background-type":"","background-media":"","overlay-type":"","overlay-color":"","overlay-opacity":"","overlay-gradient":""},"mobile":{"background-color":"","background-image":"","background-repeat":"repeat","background-position":"center center","background-size":"auto","background-attachment":"scroll","background-type":"","background-media":"","overlay-type":"","overlay-color":"","overlay-opacity":"","overlay-gradient":""}},"ast-content-background-meta":{"desktop":{"background-color":"var(--ast-global-color-5)","background-image":"","background-repeat":"repeat","background-position":"center center","background-size":"auto","background-attachment":"scroll","background-type":"","background-media":"","overlay-type":"","overlay-color":"","overlay-opacity":"","overlay-gradient":""},"tablet":{"background-color":"var(--ast-global-color-5)","background-image":"","background-repeat":"repeat","background-position":"center center","background-size":"auto","background-attachment":"scroll","background-type":"","background-media":"","overlay-type":"","overlay-color":"","overlay-opacity":"","overlay-gradient":""},"mobile":{"background-color":"var(--ast-global-color-5)","background-image":"","background-repeat":"repeat","background-position":"center center","background-size":"auto","background-attachment":"scroll","background-type":"","background-media":"","overlay-type":"","overlay-color":"","overlay-opacity":"","overlay-gradient":""}}},"product_brand":[],"product_cat":[1640,971],"product_tag":[],"class_list":{"0":"post-50435","1":"product","2":"type-product","3":"status-publish","4":"has-post-thumbnail","6":"product_cat-couverture-anti-feu","7":"product_cat-toiles-ignifugees","8":"desktop-align-left","9":"tablet-align-left","10":"mobile-align-left","11":"ast-product-gallery-layout-horizontal-slider","12":"ast-product-tabs-layout-horizontal","14":"first","15":"instock","16":"taxable","17":"shipping-taxable","18":"purchasable","19":"product-type-simple"},"_links":{"self":[{"href":"https:\/\/dacarcomercial.com\/fr\/wp-json\/wp\/v2\/product\/50435","targetHints":{"allow":["GET"]}}],"collection":[{"href":"https:\/\/dacarcomercial.com\/fr\/wp-json\/wp\/v2\/product"}],"about":[{"href":"https:\/\/dacarcomercial.com\/fr\/wp-json\/wp\/v2\/types\/product"}],"version-history":[{"count":0,"href":"https:\/\/dacarcomercial.com\/fr\/wp-json\/wp\/v2\/product\/50435\/revisions"}],"wp:featuredmedia":[{"embeddable":true,"href":"https:\/\/dacarcomercial.com\/fr\/wp-json\/wp\/v2\/media\/50417"}],"wp:attachment":[{"href":"https:\/\/dacarcomercial.com\/fr\/wp-json\/wp\/v2\/media?parent=50435"}],"wp:term":[{"taxonomy":"product_brand","embeddable":true,"href":"https:\/\/dacarcomercial.com\/fr\/wp-json\/wp\/v2\/product_brand?post=50435"},{"taxonomy":"product_cat","embeddable":true,"href":"https:\/\/dacarcomercial.com\/fr\/wp-json\/wp\/v2\/product_cat?post=50435"},{"taxonomy":"product_tag","embeddable":true,"href":"https:\/\/dacarcomercial.com\/fr\/wp-json\/wp\/v2\/product_tag?post=50435"}],"curies":[{"name":"wp","href":"https:\/\/api.w.org\/{rel}","templated":true}]}}