{"id":50667,"date":"2024-11-21T12:27:41","date_gmt":"2024-11-21T11:27:41","guid":{"rendered":"https:\/\/dacarcomercial.com\/producto\/lunettes-laser-lp-rtd-5\/"},"modified":"2025-10-20T11:52:46","modified_gmt":"2025-10-20T09:52:46","slug":"lunettes-laser-lp-rtd-5","status":"publish","type":"product","link":"https:\/\/dacarcomercial.com\/fr\/producto\/lunettes-laser-lp-rtd-5\/","title":{"rendered":"Lunettes laser LP-RTD-5"},"content":{"rendered":"<p>Ils sont conformes \u00e0 la norme europ\u00e9enne <strong>EN 207:2017-05<\/strong>, et sont certifi\u00e9s par l&rsquo;organisme certificateur <strong>ECS GmbH<\/strong> (organisme notifi\u00e9 : 1886). Ils r\u00e9pondent aux exigences de s\u00e9curit\u00e9, y compris le niveau de protection sup\u00e9rieur LB6 pour les lasers de soudage \u00e0 fibre d&rsquo;une longueur d&rsquo;onde comprise entre <strong>800 et 1080nm<\/strong>, et conviennent \u00e0 diverses applications en plus du soudage laser. Ils sont fournis avec<strong> un cordon, une gaine de protection, un chiffon de nettoyage, des instructions et un \u00e9tui rigide<\/strong> pour faciliter l&rsquo;utilisation et le transport. Le LP-RTD-5 est la solution ultime pour les professionnels qui cherchent \u00e0 prot\u00e9ger leur vision lorsqu&rsquo;ils travaillent avec des lasers.<\/p>\n","protected":false},"excerpt":{"rendered":"<p><strong>Les lunettes de soudage laser LP-RTD-5<\/strong> allient innovation et s\u00e9curit\u00e9. Con\u00e7ues sp\u00e9cifiquement pour prot\u00e9ger contre les lasers \u00e0 fibre pour le soudage, ces lunettes offrent une protection compl\u00e8te pour les applications avec des longueurs d&rsquo;onde entre <strong>800 et 1100 nm<\/strong>, g\u00e9rant des puissances jusqu&rsquo;\u00e0 <strong>3000W<\/strong>. Equip\u00e9es de lentilles avec une <strong>transmittance de 6%<\/strong>, ces lunettes garantissent une durabilit\u00e9 et une visibilit\u00e9 optimale. Leur densit\u00e9 optique atteint les niveaux les plus \u00e9lev\u00e9s : <strong>OD6+ pour 800-900 nm<\/strong> et <strong>OD8+ pour 900-1100 nm<\/strong>, offrant ainsi une protection optimale.<\/p>\n<div class=\"elementor-element elementor-element-166c857 ob-has-background-overlay elementor-widget elementor-widget-woocommerce-product-short-description\" data-id=\"166c857\" data-element_type=\"widget\" data-settings=\"{\" data-widget_type=\"woocommerce-product-short-description.default\">\n<div class=\"elementor-widget-container\">\n<div class=\"woocommerce-product-details__short-description\">\n<div class=\"elementor-element elementor-element-166c857 ob-has-background-overlay elementor-widget elementor-widget-woocommerce-product-short-description\" data-id=\"166c857\" data-element_type=\"widget\" data-settings=\"{\" data-widget_type=\"woocommerce-product-short-description.default\">\n<div class=\"elementor-widget-container\">\n<div class=\"woocommerce-product-details__short-description\">\n<p><em>Les produits Dacar peuvent \u00eatre achet\u00e9s en ligne ou via notre r\u00e9seau de distributeurs. N\u00b4h\u00e9sitez pas \u00e0 nous consulter votre revendeur le plus proche!<\/em><\/p>\n<\/div>\n<\/div>\n<\/div>\n<\/div>\n<\/div>\n<\/div>\n","protected":false},"featured_media":50261,"template":"","meta":{"site-sidebar-layout":"default","site-content-layout":"","ast-site-content-layout":"default","site-content-style":"default","site-sidebar-style":"default","ast-global-header-display":"","ast-banner-title-visibility":"","ast-main-header-display":"","ast-hfb-above-header-display":"","ast-hfb-below-header-display":"","ast-hfb-mobile-header-display":"","site-post-title":"","ast-breadcrumbs-content":"","ast-featured-img":"","footer-sml-layout":"","ast-disable-related-posts":"","theme-transparent-header-meta":"default","adv-header-id-meta":"","stick-header-meta":"default","header-above-stick-meta":"","header-main-stick-meta":"","header-below-stick-meta":"","astra-migrate-meta-layouts":"set","ast-page-background-enabled":"default","ast-page-background-meta":{"desktop":{"background-color":"","background-image":"","background-repeat":"repeat","background-position":"center center","background-size":"auto","background-attachment":"scroll","background-type":"","background-media":"","overlay-type":"","overlay-color":"","overlay-opacity":"","overlay-gradient":""},"tablet":{"background-color":"","background-image":"","background-repeat":"repeat","background-position":"center center","background-size":"auto","background-attachment":"scroll","background-type":"","background-media":"","overlay-type":"","overlay-color":"","overlay-opacity":"","overlay-gradient":""},"mobile":{"background-color":"","background-image":"","background-repeat":"repeat","background-position":"center center","background-size":"auto","background-attachment":"scroll","background-type":"","background-media":"","overlay-type":"","overlay-color":"","overlay-opacity":"","overlay-gradient":""}},"ast-content-background-meta":{"desktop":{"background-color":"var(--ast-global-color-5)","background-image":"","background-repeat":"repeat","background-position":"center center","background-size":"auto","background-attachment":"scroll","background-type":"","background-media":"","overlay-type":"","overlay-color":"","overlay-opacity":"","overlay-gradient":""},"tablet":{"background-color":"var(--ast-global-color-5)","background-image":"","background-repeat":"repeat","background-position":"center center","background-size":"auto","background-attachment":"scroll","background-type":"","background-media":"","overlay-type":"","overlay-color":"","overlay-opacity":"","overlay-gradient":""},"mobile":{"background-color":"var(--ast-global-color-5)","background-image":"","background-repeat":"repeat","background-position":"center center","background-size":"auto","background-attachment":"scroll","background-type":"","background-media":"","overlay-type":"","overlay-color":"","overlay-opacity":"","overlay-gradient":""}}},"product_brand":[],"product_cat":[973,1996,2044],"product_tag":[],"class_list":{"0":"post-50667","1":"product","2":"type-product","3":"status-publish","4":"has-post-thumbnail","6":"product_cat-lunettes-de-protection","7":"product_cat-lunettes-de-protection-laser","8":"product_cat-protection-laser","9":"desktop-align-left","10":"tablet-align-left","11":"mobile-align-left","12":"ast-product-gallery-layout-horizontal-slider","13":"ast-product-tabs-layout-horizontal","15":"first","16":"instock","17":"taxable","18":"shipping-taxable","19":"purchasable","20":"product-type-simple"},"_links":{"self":[{"href":"https:\/\/dacarcomercial.com\/fr\/wp-json\/wp\/v2\/product\/50667","targetHints":{"allow":["GET"]}}],"collection":[{"href":"https:\/\/dacarcomercial.com\/fr\/wp-json\/wp\/v2\/product"}],"about":[{"href":"https:\/\/dacarcomercial.com\/fr\/wp-json\/wp\/v2\/types\/product"}],"version-history":[{"count":0,"href":"https:\/\/dacarcomercial.com\/fr\/wp-json\/wp\/v2\/product\/50667\/revisions"}],"wp:featuredmedia":[{"embeddable":true,"href":"https:\/\/dacarcomercial.com\/fr\/wp-json\/wp\/v2\/media\/50261"}],"wp:attachment":[{"href":"https:\/\/dacarcomercial.com\/fr\/wp-json\/wp\/v2\/media?parent=50667"}],"wp:term":[{"taxonomy":"product_brand","embeddable":true,"href":"https:\/\/dacarcomercial.com\/fr\/wp-json\/wp\/v2\/product_brand?post=50667"},{"taxonomy":"product_cat","embeddable":true,"href":"https:\/\/dacarcomercial.com\/fr\/wp-json\/wp\/v2\/product_cat?post=50667"},{"taxonomy":"product_tag","embeddable":true,"href":"https:\/\/dacarcomercial.com\/fr\/wp-json\/wp\/v2\/product_tag?post=50667"}],"curies":[{"name":"wp","href":"https:\/\/api.w.org\/{rel}","templated":true}]}}