{"id":50947,"date":"2025-02-18T10:18:35","date_gmt":"2025-02-18T09:18:35","guid":{"rendered":"https:\/\/dacarcomercial.com\/producto\/masque-de-soudage-dc-2-multi-868e\/"},"modified":"2025-02-18T13:50:10","modified_gmt":"2025-02-18T12:50:10","slug":"masque-de-soudage-dc-2-multi-868e","status":"publish","type":"product","link":"https:\/\/dacarcomercial.com\/fr\/producto\/masque-de-soudage-dc-2-multi-868e\/","title":{"rendered":"Masque de soudage DC-2 Multi 868E"},"content":{"rendered":"<h2 data-start=\"589\" data-end=\"970\"><strong>Caract\u00e9ristiques du masque de soudage DC-2 MULTI 868E :<\/strong><\/h2>\n<p data-start=\"589\" data-end=\"970\">Le <strong data-start=\"592\" data-end=\"628\">masque de soudage DC-2 Multi 868E<\/strong> est une solution professionnelle pour ceux qui ont besoin d&rsquo;une protection de qualit\u00e9 sup\u00e9rieure pendant les travaux de soudage. Avec un design attrayant dans des couleurs m\u00e9tallis\u00e9es telles que <strong data-start=\"801\" data-end=\"858\">Bleu (A), Bronze (B), Rouge (R), Vert (V), Blanc (W) <\/strong> et <strong data-start=\"861\" data-end=\"877\">Jaune (J)<\/strong>, ce masque s&rsquo;adapte aux pr\u00e9f\u00e9rences esth\u00e9tiques tout en garantissant une s\u00e9curit\u00e9 optimale.<\/p>\n<p data-start=\"972\" data-end=\"1483\">\u00c9quip\u00e9 du <strong data-start=\"988\" data-end=\"1034\">filtre \u00e9lectronique MULTI868E (ADF 868L-S+)<\/strong>, le masque offre une <strong data-start=\"1056\" data-end=\"1085\">teinte claire 2.5 true color<\/strong>, ce qui am\u00e9liore la visibilit\u00e9 de la zone de travail. Son \u00e9cran num\u00e9rique, avec affichage LED, permet un r\u00e9glage facile et pr\u00e9cis de la <strong data-start=\"1213\" data-end=\"1237\">teinte fonc\u00e9e variable<\/strong> (plage 4-8\/9-13), ce qui permet de s&rsquo;adapter aux diff\u00e9rents proc\u00e9d\u00e9s de soudage et aux conditions d&rsquo;\u00e9clairage. De plus, le r\u00e9glage interne du <strong data-start=\"1386\" data-end=\"1415\">temps de clarification<\/strong> et de la <strong data-start=\"1421\" data-end=\"1437\">sensibilit\u00e9<\/strong> garantit une exp\u00e9rience d&rsquo;utilisation personnalis\u00e9e.<\/p>\n<p data-start=\"1485\" data-end=\"1797\">Le <strong data-start=\"1488\" data-end=\"1507\">mode meulage<\/strong> et la <strong data-start=\"1513\" data-end=\"1528\">fonction TRS<\/strong> sont des caract\u00e9ristiques suppl\u00e9mentaires qui optimisent les performances dans divers travaux, offrant plus de polyvalence et de pr\u00e9cision. Avec <strong data-start=\"1663\" data-end=\"1686\">4 capteurs d&rsquo;arc<\/strong>, le masque r\u00e9agit imm\u00e9diatement aux variations du processus, ce qui am\u00e9liore la s\u00e9curit\u00e9 de l&rsquo;utilisateur.<\/p>\n<p data-start=\"1799\" data-end=\"2034\">La <strong data-start=\"1802\" data-end=\"1815\">vision XL<\/strong> (100 x 60 mm) \u00e9largit le champ de vision, ce qui augmente le confort et la pr\u00e9cision pendant le travail. De plus, le temps d&rsquo;obscurcissement de <strong data-start=\"1953\" data-end=\"1964\">0,05 ms<\/strong> assure une protection rapide et efficace contre les \u00e9clats de lumi\u00e8re intense.<\/p>\n<p data-start=\"2036\" data-end=\"2348\">Le masque DC-2 Multi 868E fonctionne avec une combinaison <strong data-start=\"2094\" data-end=\"2111\">d&rsquo;\u00e9nergie solaire<\/strong> et de <strong data-start=\"2114\" data-end=\"2144\">2 piles rechargeables CR2032<\/strong>, ce qui en fait une option efficace et \u00e9cologique. Son <strong data-start=\"2203\" data-end=\"2226\">serre-t\u00eate avec DRM et DRP<\/strong>, ainsi qu&rsquo;un sweat-shirt avec fermeture velcro, garantissent un ajustement ergonomique et confortable pendant les longues journ\u00e9es de travail.<\/p>\n<p data-start=\"2350\" data-end=\"2555\">Avec une qualit\u00e9 optique V2 et une conception robuste, le <strong data-start=\"2400\" data-end=\"2436\">masque de soudage DC-2 Multi 868E<\/strong> est le choix parfait pour les soudeurs professionnels qui recherchent une technologie de pointe et une protection maximale dans leur \u00e9quipement.<\/p>\n","protected":false},"excerpt":{"rendered":"<p data-start=\"112\" data-end=\"558\">Le <strong>masque de soudage DC-2 Multi 868E <\/strong>est l&rsquo;\u00e9quipement de protection id\u00e9al pour les soudeurs qui recherchent pr\u00e9cision et confort. Disponible dans des couleurs m\u00e9tallis\u00e9es telles que le bleu, le bronze, le rouge, le vert, le blanc et le jaune, ce masque est \u00e9quip\u00e9 d&rsquo;un filtre \u00e9lectronique moderne avec \u00e9cran num\u00e9rique, un affichage LED, qui permet un r\u00e9glage facile et pr\u00e9cis de la <strong data-start=\"1213\" data-end=\"1237\">teinte variable <\/strong>(plage 4-8\/9-13), ce qui permet de s&rsquo;adapter \u00e0 diff\u00e9rents proc\u00e9d\u00e9s de soudage et aux conditions d&rsquo;\u00e9clairage. <strong>Vision XL<\/strong> (100 x 60 mm) \u00e9largit le champ de vision, ce qui augmente le confort et la pr\u00e9cision pendant le travail. De plus, le temps d&rsquo;assombrissement de <strong data-start=\"1953\" data-end=\"1964\">0,05 ms<\/strong> assure une protection rapide et efficace contre les \u00e9clats de lumi\u00e8re intense.<\/p>\n<p data-start=\"112\" data-end=\"558\">Il comprend un serre-t\u00eate avec DRM et DRP, offrant une s\u00e9curit\u00e9, un confort et une facilit\u00e9 d&rsquo;utilisation maximum.<\/p>\n<div class=\"elementor-element elementor-element-166c857 ob-has-background-overlay elementor-widget elementor-widget-woocommerce-product-short-description\" data-id=\"166c857\" data-element_type=\"widget\" data-settings=\"{\" data-widget_type=\"woocommerce-product-short-description.default\">\n<div class=\"elementor-widget-container\">\n<div class=\"woocommerce-product-details__short-description\">\n<div class=\"elementor-element elementor-element-166c857 ob-has-background-overlay elementor-widget elementor-widget-woocommerce-product-short-description\" data-id=\"166c857\" data-element_type=\"widget\" data-settings=\"{\" data-widget_type=\"woocommerce-product-short-description.default\">\n<div class=\"elementor-widget-container\">\n<div class=\"woocommerce-product-details__short-description\">\n<div class=\"elementor-element elementor-element-166c857 ob-has-background-overlay elementor-widget elementor-widget-woocommerce-product-short-description\" data-id=\"166c857\" data-element_type=\"widget\" data-settings=\"{\" data-widget_type=\"woocommerce-product-short-description.default\">\n<div class=\"elementor-widget-container\">\n<div class=\"woocommerce-product-details__short-description\">\n<p><em>Les produits Dacar peuvent \u00eatre achet\u00e9s en ligne ou via notre r\u00e9seau de distributeurs. N\u00b4h\u00e9sitez pas \u00e0 nous consulter votre revendeur le plus proche!<\/em><\/p>\n<\/div>\n<\/div>\n<\/div>\n<div class=\"elementor-element elementor-element-375c5fc ob-has-background-overlay elementor-widget elementor-widget-woocommerce-product-price\" data-id=\"375c5fc\" data-element_type=\"widget\" data-settings=\"{\" data-widget_type=\"woocommerce-product-price.default\">\n<div class=\"elementor-widget-container\"><\/div>\n<\/div>\n<\/div>\n<\/div>\n<\/div>\n<\/div>\n<\/div>\n<\/div>\n","protected":false},"featured_media":50929,"template":"","meta":{"site-sidebar-layout":"default","site-content-layout":"","ast-site-content-layout":"default","site-content-style":"default","site-sidebar-style":"default","ast-global-header-display":"","ast-banner-title-visibility":"","ast-main-header-display":"","ast-hfb-above-header-display":"","ast-hfb-below-header-display":"","ast-hfb-mobile-header-display":"","site-post-title":"","ast-breadcrumbs-content":"","ast-featured-img":"","footer-sml-layout":"","ast-disable-related-posts":"","theme-transparent-header-meta":"default","adv-header-id-meta":"","stick-header-meta":"default","header-above-stick-meta":"","header-main-stick-meta":"","header-below-stick-meta":"","astra-migrate-meta-layouts":"set","ast-page-background-enabled":"default","ast-page-background-meta":{"desktop":{"background-color":"","background-image":"","background-repeat":"repeat","background-position":"center center","background-size":"auto","background-attachment":"scroll","background-type":"","background-media":"","overlay-type":"","overlay-color":"","overlay-opacity":"","overlay-gradient":""},"tablet":{"background-color":"","background-image":"","background-repeat":"repeat","background-position":"center center","background-size":"auto","background-attachment":"scroll","background-type":"","background-media":"","overlay-type":"","overlay-color":"","overlay-opacity":"","overlay-gradient":""},"mobile":{"background-color":"","background-image":"","background-repeat":"repeat","background-position":"center center","background-size":"auto","background-attachment":"scroll","background-type":"","background-media":"","overlay-type":"","overlay-color":"","overlay-opacity":"","overlay-gradient":""}},"ast-content-background-meta":{"desktop":{"background-color":"var(--ast-global-color-5)","background-image":"","background-repeat":"repeat","background-position":"center center","background-size":"auto","background-attachment":"scroll","background-type":"","background-media":"","overlay-type":"","overlay-color":"","overlay-opacity":"","overlay-gradient":""},"tablet":{"background-color":"var(--ast-global-color-5)","background-image":"","background-repeat":"repeat","background-position":"center center","background-size":"auto","background-attachment":"scroll","background-type":"","background-media":"","overlay-type":"","overlay-color":"","overlay-opacity":"","overlay-gradient":""},"mobile":{"background-color":"var(--ast-global-color-5)","background-image":"","background-repeat":"repeat","background-position":"center center","background-size":"auto","background-attachment":"scroll","background-type":"","background-media":"","overlay-type":"","overlay-color":"","overlay-opacity":"","overlay-gradient":""}}},"product_brand":[],"product_cat":[940,942,939],"product_tag":[],"class_list":{"0":"post-50947","1":"product","2":"type-product","3":"status-publish","4":"has-post-thumbnail","6":"product_cat-avec-filtres-electro-optiques","7":"product_cat-dc-2-2","8":"product_cat-masques-de-soudure","9":"desktop-align-left","10":"tablet-align-left","11":"mobile-align-left","12":"ast-product-gallery-layout-horizontal-slider","13":"ast-product-single-variable","14":"ast-product-tabs-layout-horizontal","16":"first","17":"instock","18":"taxable","19":"shipping-taxable","20":"purchasable","21":"product-type-variable"},"_links":{"self":[{"href":"https:\/\/dacarcomercial.com\/fr\/wp-json\/wp\/v2\/product\/50947","targetHints":{"allow":["GET"]}}],"collection":[{"href":"https:\/\/dacarcomercial.com\/fr\/wp-json\/wp\/v2\/product"}],"about":[{"href":"https:\/\/dacarcomercial.com\/fr\/wp-json\/wp\/v2\/types\/product"}],"version-history":[{"count":0,"href":"https:\/\/dacarcomercial.com\/fr\/wp-json\/wp\/v2\/product\/50947\/revisions"}],"wp:featuredmedia":[{"embeddable":true,"href":"https:\/\/dacarcomercial.com\/fr\/wp-json\/wp\/v2\/media\/50929"}],"wp:attachment":[{"href":"https:\/\/dacarcomercial.com\/fr\/wp-json\/wp\/v2\/media?parent=50947"}],"wp:term":[{"taxonomy":"product_brand","embeddable":true,"href":"https:\/\/dacarcomercial.com\/fr\/wp-json\/wp\/v2\/product_brand?post=50947"},{"taxonomy":"product_cat","embeddable":true,"href":"https:\/\/dacarcomercial.com\/fr\/wp-json\/wp\/v2\/product_cat?post=50947"},{"taxonomy":"product_tag","embeddable":true,"href":"https:\/\/dacarcomercial.com\/fr\/wp-json\/wp\/v2\/product_tag?post=50947"}],"curies":[{"name":"wp","href":"https:\/\/api.w.org\/{rel}","templated":true}]}}