{"id":51020,"date":"2025-02-20T09:32:15","date_gmt":"2025-02-20T08:32:15","guid":{"rendered":"https:\/\/dacarcomercial.com\/producto\/gants-tig-comfort\/"},"modified":"2025-02-20T13:12:28","modified_gmt":"2025-02-20T12:12:28","slug":"gants-tig-comfort","status":"publish","type":"product","link":"https:\/\/dacarcomercial.com\/fr\/producto\/gants-tig-comfort\/","title":{"rendered":"Gants TIG Comfort"},"content":{"rendered":"","protected":false},"excerpt":{"rendered":"<p data-start=\"675\" data-end=\"1276\"><strong data-start=\"679\" data-end=\"717\">Gants TIG Comfort <\/strong>sp\u00e9cialement con\u00e7us pour r\u00e9pondre aux besoins des professionnels du soudage, offrant une combinaison unique de souplesse, de confort et de r\u00e9sistance. Ces gants de soudage TIG sont fabriqu\u00e9s en <strong data-start=\"932\" data-end=\"950\">cuir de ch\u00e8vre<\/strong>, un mat\u00e9riau reconnu pour sa douceur et sa souplesse exceptionnelles, qui permet une grande dext\u00e9rit\u00e9 lors de l&rsquo;utilisation d&rsquo;outils et de la r\u00e9alisation de t\u00e2ches pr\u00e9cises pendant le soudage TIG. De plus, <strong data-start=\"1148\" data-end=\"1180\">la manchette en cuir de vachette<\/strong> offre une meilleure protection du poignet et du bas du bras, sans sacrifier le confort.<\/p>\n<p data-start=\"1278\" data-end=\"1842\">Le <strong data-start=\"1281\" data-end=\"1299\">fil de Kevlar<\/strong> avec lequel ils sont cousus garantit une plus grande r\u00e9sistance \u00e0 l&rsquo;usure et aux temp\u00e9ratures \u00e9lev\u00e9es, ce qui prolonge la dur\u00e9e de vie du produit et assure une protection durable. Gr\u00e2ce \u00e0 leur confection et \u00e0 leurs mat\u00e9riaux haut de gamme, ces gants sont conformes aux normes internationales de s\u00e9curit\u00e9 les plus strictes, telles que <strong data-start=\"1611\" data-end=\"1636\">CE, EN ISO 21420:2020<\/strong>, <strong data-start=\"1638\" data-end=\"1670\">EN 12477: 2001+A1:2005 type B<\/strong>, <strong data-start=\"1672\" data-end=\"1695\">EN 388:2016+A1:2018<\/strong> et <strong data-start=\"1698\" data-end=\"1713\">EN 407:2020<\/strong>, garantissant ainsi une protection maximale contre les risques m\u00e9caniques, thermiques et de contact avec les \u00e9tincelles de soudage.<\/p>\n<div class=\"elementor-element elementor-element-166c857 ob-has-background-overlay elementor-widget elementor-widget-woocommerce-product-short-description\" data-id=\"166c857\" data-element_type=\"widget\" data-settings=\"{\" data-widget_type=\"woocommerce-product-short-description.default\">\n<div class=\"elementor-widget-container\">\n<div class=\"woocommerce-product-details__short-description\">\n<p><em>Les produits Dacar peuvent \u00eatre achet\u00e9s en ligne ou via notre r\u00e9seau de distributeurs. N\u00b4h\u00e9sitez pas \u00e0 nous consulter votre revendeur le plus proche!<\/em><\/p>\n<\/div>\n<\/div>\n<\/div>\n","protected":false},"featured_media":51012,"template":"","meta":{"site-sidebar-layout":"default","site-content-layout":"","ast-site-content-layout":"default","site-content-style":"default","site-sidebar-style":"default","ast-global-header-display":"","ast-banner-title-visibility":"","ast-main-header-display":"","ast-hfb-above-header-display":"","ast-hfb-below-header-display":"","ast-hfb-mobile-header-display":"","site-post-title":"","ast-breadcrumbs-content":"","ast-featured-img":"","footer-sml-layout":"","ast-disable-related-posts":"","theme-transparent-header-meta":"default","adv-header-id-meta":"","stick-header-meta":"default","header-above-stick-meta":"","header-main-stick-meta":"","header-below-stick-meta":"","astra-migrate-meta-layouts":"set","ast-page-background-enabled":"default","ast-page-background-meta":{"desktop":{"background-color":"","background-image":"","background-repeat":"repeat","background-position":"center center","background-size":"auto","background-attachment":"scroll","background-type":"","background-media":"","overlay-type":"","overlay-color":"","overlay-opacity":"","overlay-gradient":""},"tablet":{"background-color":"","background-image":"","background-repeat":"repeat","background-position":"center center","background-size":"auto","background-attachment":"scroll","background-type":"","background-media":"","overlay-type":"","overlay-color":"","overlay-opacity":"","overlay-gradient":""},"mobile":{"background-color":"","background-image":"","background-repeat":"repeat","background-position":"center center","background-size":"auto","background-attachment":"scroll","background-type":"","background-media":"","overlay-type":"","overlay-color":"","overlay-opacity":"","overlay-gradient":""}},"ast-content-background-meta":{"desktop":{"background-color":"var(--ast-global-color-5)","background-image":"","background-repeat":"repeat","background-position":"center center","background-size":"auto","background-attachment":"scroll","background-type":"","background-media":"","overlay-type":"","overlay-color":"","overlay-opacity":"","overlay-gradient":""},"tablet":{"background-color":"var(--ast-global-color-5)","background-image":"","background-repeat":"repeat","background-position":"center center","background-size":"auto","background-attachment":"scroll","background-type":"","background-media":"","overlay-type":"","overlay-color":"","overlay-opacity":"","overlay-gradient":""},"mobile":{"background-color":"var(--ast-global-color-5)","background-image":"","background-repeat":"repeat","background-position":"center center","background-size":"auto","background-attachment":"scroll","background-type":"","background-media":"","overlay-type":"","overlay-color":"","overlay-opacity":"","overlay-gradient":""}}},"product_brand":[],"product_cat":[1758,932,931],"product_tag":[],"class_list":{"0":"post-51020","1":"product","2":"type-product","3":"status-publish","4":"has-post-thumbnail","6":"product_cat-gants","7":"product_cat-soudeur","8":"product_cat-vetements-de-protection","9":"desktop-align-left","10":"tablet-align-left","11":"mobile-align-left","12":"ast-product-gallery-layout-horizontal-slider","13":"ast-product-gallery-with-no-image","14":"ast-product-single-variable","15":"ast-product-tabs-layout-horizontal","17":"first","18":"instock","19":"taxable","20":"shipping-taxable","21":"purchasable","22":"product-type-variable"},"_links":{"self":[{"href":"https:\/\/dacarcomercial.com\/fr\/wp-json\/wp\/v2\/product\/51020","targetHints":{"allow":["GET"]}}],"collection":[{"href":"https:\/\/dacarcomercial.com\/fr\/wp-json\/wp\/v2\/product"}],"about":[{"href":"https:\/\/dacarcomercial.com\/fr\/wp-json\/wp\/v2\/types\/product"}],"version-history":[{"count":0,"href":"https:\/\/dacarcomercial.com\/fr\/wp-json\/wp\/v2\/product\/51020\/revisions"}],"wp:featuredmedia":[{"embeddable":true,"href":"https:\/\/dacarcomercial.com\/fr\/wp-json\/wp\/v2\/media\/51012"}],"wp:attachment":[{"href":"https:\/\/dacarcomercial.com\/fr\/wp-json\/wp\/v2\/media?parent=51020"}],"wp:term":[{"taxonomy":"product_brand","embeddable":true,"href":"https:\/\/dacarcomercial.com\/fr\/wp-json\/wp\/v2\/product_brand?post=51020"},{"taxonomy":"product_cat","embeddable":true,"href":"https:\/\/dacarcomercial.com\/fr\/wp-json\/wp\/v2\/product_cat?post=51020"},{"taxonomy":"product_tag","embeddable":true,"href":"https:\/\/dacarcomercial.com\/fr\/wp-json\/wp\/v2\/product_tag?post=51020"}],"curies":[{"name":"wp","href":"https:\/\/api.w.org\/{rel}","templated":true}]}}