{"id":51043,"date":"2025-02-21T10:18:55","date_gmt":"2025-02-21T09:18:55","guid":{"rendered":"https:\/\/dacarcomercial.com\/producto\/casque-de-securite-e-pro-2\/"},"modified":"2025-02-21T12:15:59","modified_gmt":"2025-02-21T11:15:59","slug":"casque-de-securite-e-pro-2","status":"publish","type":"product","link":"https:\/\/dacarcomercial.com\/fr\/producto\/casque-de-securite-e-pro-2\/","title":{"rendered":"Casque de s\u00e9curit\u00e9 E PRO 2"},"content":{"rendered":"","protected":false},"excerpt":{"rendered":"<p data-start=\"453\" data-end=\"905\">Le <strong data-start=\"456\" data-end=\"486\">casque de s\u00e9curit\u00e9 E Pro 2<\/strong> a \u00e9t\u00e9 con\u00e7u pour offrir une protection maximale dans les situations \u00e0 risque \u00e9lectrique, ce qui en fait une solution id\u00e9ale pour les professionnels dans des secteurs tels que l&rsquo;\u00e9lectricit\u00e9, l&rsquo;industrie et la construction. Ce casque est conforme aux normes de s\u00e9curit\u00e9 les plus strictes, telles que les certifications <strong data-start=\"775\" data-end=\"785\">EN 397<\/strong>, <strong data-start=\"787\" data-end=\"797\">EN 166<\/strong>, <strong data-start=\"799\" data-end=\"809\">EN 170<\/strong>, <strong data-start=\"811\" data-end=\"823\">EN 50365<\/strong> et <strong data-start=\"826\" data-end=\"838\">GS-ET-29<\/strong>. <\/p>\n<p data-start=\"907\" data-end=\"1266\">Parmi ses caract\u00e9ristiques les plus remarquables, l&rsquo;<strong data-start=\"952\" data-end=\"963\">E Pro 2<\/strong> comprend un <strong data-start=\"975\" data-end=\"1011\">viseur int\u00e9gr\u00e9 en polycarbonate<\/strong> <strong data-start=\"1019\" data-end=\"1032\">antibu\u00e9e <\/strong>et <strong data-start=\"1035\" data-end=\"1053\">anti-rayures<\/strong>, qui permet une visibilit\u00e9 claire et durable, m\u00eame dans des conditions difficiles. De plus, il est dot\u00e9 d&rsquo;une <strong data-start=\"1158\" data-end=\"1172\">jugulaire<\/strong> r\u00e9glable, assurant un ajustement ferme et confortable. <\/p>\n<p data-start=\"1268\" data-end=\"1609\">L&rsquo;une des caract\u00e9ristiques les plus importantes de ce casque est sa capacit\u00e9 de <strong data-start=\"1344\" data-end=\"1383\">protection contre les arcs \u00e9lectriques<\/strong>, car il est con\u00e7u pour r\u00e9sister \u00e0 un <strong data-start=\"1423\" data-end=\"1466\">arc jusqu&rsquo;\u00e0 7 kA pendant 0,5 seconde<\/strong> \u00e0 <strong data-start=\"1469\" data-end=\"1480\">400 VCA<\/strong>, conform\u00e9ment \u00e0 la <strong data-start=\"1500\" data-end=\"1521\">classe \u00e9lectrique 2<\/strong>. Cette protection suppl\u00e9mentaire est cruciale dans les environnements o\u00f9 le risque \u00e9lectrique est \u00e9lev\u00e9. <\/p>\n<p data-start=\"1611\" data-end=\"2070\">Le casque est \u00e9galement dot\u00e9 d&rsquo;un <strong data-start=\"1643\" data-end=\"1668\">joint facial ignifuge<\/strong> en tissu, qui contribue non seulement \u00e0 la s\u00e9curit\u00e9 \u00e9lectrique, mais am\u00e9liore \u00e9galement la protection contre d&rsquo;autres risques, tels que les projections d&rsquo;\u00e9tincelles ou de chaleur. Gr\u00e2ce \u00e0 sa conception ergonomique et \u00e0 ses mat\u00e9riaux de haute qualit\u00e9, le casque de s\u00e9curit\u00e9 E Pro 2 offre une combinaison parfaite entre confort et protection, permettant \u00e0 l&rsquo;utilisateur d&rsquo;effectuer son travail de mani\u00e8re s\u00fbre et efficace. <\/p>\n<div class=\"elementor-element elementor-element-166c857 ob-has-background-overlay elementor-widget elementor-widget-woocommerce-product-short-description\" data-id=\"166c857\" data-element_type=\"widget\" data-settings=\"{\"_ob_widget_stalker_use\":\"no\",\"_ob_poopart_use\":\"yes\",\"_ob_shadough_use\":\"no\",\"_ob_allow_hoveranimator\":\"no\"}\" data-widget_type=\"woocommerce-product-short-description.default\">\n<div class=\"elementor-widget-container\">\n<div class=\"woocommerce-product-details__short-description\">\n<div class=\"elementor-element elementor-element-166c857 ob-has-background-overlay elementor-widget elementor-widget-woocommerce-product-short-description\" data-id=\"166c857\" data-element_type=\"widget\" data-settings=\"{\"_ob_perspektive_use\":\"no\",\"_ob_poopart_use\":\"yes\",\"_ob_shadough_use\":\"no\",\"_ob_allow_hoveranimator\":\"no\",\"_ob_widget_stalker_use\":\"no\"}\" data-widget_type=\"woocommerce-product-short-description.default\">\n<div class=\"elementor-widget-container\">\n<div class=\"woocommerce-product-details__short-description\">\n<p><em>Les produits Dacar peuvent \u00eatre achet\u00e9s en ligne ou via notre r\u00e9seau de distributeurs. N\u00b4h\u00e9sitez pas \u00e0 nous consulter votre revendeur le plus proche!<\/em><\/p>\n<\/div>\n<\/div>\n<\/div>\n<\/div>\n<\/div>\n<\/div>\n<div class=\"elementor-element elementor-element-375c5fc ob-has-background-overlay elementor-widget elementor-widget-woocommerce-product-price\" data-id=\"375c5fc\" data-element_type=\"widget\" data-settings=\"{\"_ob_widget_stalker_use\":\"no\",\"_ob_poopart_use\":\"yes\",\"_ob_shadough_use\":\"no\",\"_ob_allow_hoveranimator\":\"no\"}\" data-widget_type=\"woocommerce-product-price.default\">\n<div class=\"elementor-widget-container\"><\/div>\n<\/div>\n","protected":false},"featured_media":51039,"template":"","meta":{"site-sidebar-layout":"default","site-content-layout":"","ast-site-content-layout":"default","site-content-style":"default","site-sidebar-style":"default","ast-global-header-display":"","ast-banner-title-visibility":"","ast-main-header-display":"","ast-hfb-above-header-display":"","ast-hfb-below-header-display":"","ast-hfb-mobile-header-display":"","site-post-title":"","ast-breadcrumbs-content":"","ast-featured-img":"","footer-sml-layout":"","ast-disable-related-posts":"","theme-transparent-header-meta":"default","adv-header-id-meta":"","stick-header-meta":"default","header-above-stick-meta":"","header-main-stick-meta":"","header-below-stick-meta":"","astra-migrate-meta-layouts":"default","ast-page-background-enabled":"default","ast-page-background-meta":{"desktop":{"background-color":"","background-image":"","background-repeat":"repeat","background-position":"center center","background-size":"auto","background-attachment":"scroll","background-type":"","background-media":"","overlay-type":"","overlay-color":"","overlay-opacity":"","overlay-gradient":""},"tablet":{"background-color":"","background-image":"","background-repeat":"repeat","background-position":"center center","background-size":"auto","background-attachment":"scroll","background-type":"","background-media":"","overlay-type":"","overlay-color":"","overlay-opacity":"","overlay-gradient":""},"mobile":{"background-color":"","background-image":"","background-repeat":"repeat","background-position":"center center","background-size":"auto","background-attachment":"scroll","background-type":"","background-media":"","overlay-type":"","overlay-color":"","overlay-opacity":"","overlay-gradient":""}},"ast-content-background-meta":{"desktop":{"background-color":"var(--ast-global-color-5)","background-image":"","background-repeat":"repeat","background-position":"center center","background-size":"auto","background-attachment":"scroll","background-type":"","background-media":"","overlay-type":"","overlay-color":"","overlay-opacity":"","overlay-gradient":""},"tablet":{"background-color":"var(--ast-global-color-5)","background-image":"","background-repeat":"repeat","background-position":"center center","background-size":"auto","background-attachment":"scroll","background-type":"","background-media":"","overlay-type":"","overlay-color":"","overlay-opacity":"","overlay-gradient":""},"mobile":{"background-color":"var(--ast-global-color-5)","background-image":"","background-repeat":"repeat","background-position":"center center","background-size":"auto","background-attachment":"scroll","background-type":"","background-media":"","overlay-type":"","overlay-color":"","overlay-opacity":"","overlay-gradient":""}}},"product_brand":[],"product_cat":[965,963],"product_tag":[],"class_list":{"0":"post-51043","1":"product","2":"type-product","3":"status-publish","4":"has-post-thumbnail","6":"product_cat-casques-pour-risques-electriques","7":"product_cat-protection-de-la-tete","8":"desktop-align-left","9":"tablet-align-left","10":"mobile-align-left","11":"ast-product-gallery-layout-horizontal-slider","12":"ast-product-gallery-with-no-image","13":"ast-product-tabs-layout-horizontal","15":"first","16":"onbackorder","17":"taxable","18":"shipping-taxable","19":"purchasable","20":"product-type-simple"},"_links":{"self":[{"href":"https:\/\/dacarcomercial.com\/fr\/wp-json\/wp\/v2\/product\/51043","targetHints":{"allow":["GET"]}}],"collection":[{"href":"https:\/\/dacarcomercial.com\/fr\/wp-json\/wp\/v2\/product"}],"about":[{"href":"https:\/\/dacarcomercial.com\/fr\/wp-json\/wp\/v2\/types\/product"}],"version-history":[{"count":0,"href":"https:\/\/dacarcomercial.com\/fr\/wp-json\/wp\/v2\/product\/51043\/revisions"}],"wp:featuredmedia":[{"embeddable":true,"href":"https:\/\/dacarcomercial.com\/fr\/wp-json\/wp\/v2\/media\/51039"}],"wp:attachment":[{"href":"https:\/\/dacarcomercial.com\/fr\/wp-json\/wp\/v2\/media?parent=51043"}],"wp:term":[{"taxonomy":"product_brand","embeddable":true,"href":"https:\/\/dacarcomercial.com\/fr\/wp-json\/wp\/v2\/product_brand?post=51043"},{"taxonomy":"product_cat","embeddable":true,"href":"https:\/\/dacarcomercial.com\/fr\/wp-json\/wp\/v2\/product_cat?post=51043"},{"taxonomy":"product_tag","embeddable":true,"href":"https:\/\/dacarcomercial.com\/fr\/wp-json\/wp\/v2\/product_tag?post=51043"}],"curies":[{"name":"wp","href":"https:\/\/api.w.org\/{rel}","templated":true}]}}