{"id":51242,"date":"2025-02-27T12:16:03","date_gmt":"2025-02-27T11:16:03","guid":{"rendered":"https:\/\/dacarcomercial.com\/producto\/lunettes-de-securite-stream-evo\/"},"modified":"2025-02-27T12:22:26","modified_gmt":"2025-02-27T11:22:26","slug":"lunettes-de-securite-stream-evo","status":"publish","type":"product","link":"https:\/\/dacarcomercial.com\/fr\/producto\/lunettes-de-securite-stream-evo\/","title":{"rendered":"Lunettes de s\u00e9curit\u00e9 Stream Evo"},"content":{"rendered":"","protected":false},"excerpt":{"rendered":"<p data-start=\"520\" data-end=\"900\">Les <strong>lunettes de s\u00e9curit\u00e9 Stream Evo<\/strong> ont \u00e9t\u00e9 sp\u00e9cialement con\u00e7ues pour offrir une protection oculaire haute performance sans sacrifier le confort. Leur conception enveloppante s&rsquo;adapte parfaitement \u00e0 la forme du visage, garantissant un ajustement s\u00fbr et confortable tout au long de la journ\u00e9e, ce qui en fait le choix id\u00e9al pour les travaux n\u00e9cessitant une protection oculaire continue. <\/p>\n<p data-start=\"902\" data-end=\"1325\">L&rsquo;une de ses caract\u00e9ristiques les plus remarquables est ses branches \u00e0 double injection d&rsquo;une \u00e9l\u00e9gante couleur gris-bleu, qui offrent non seulement un design moderne et attrayant, mais aussi une plus grande r\u00e9sistance et flexibilit\u00e9, ce qui augmente la durabilit\u00e9 des lunettes. De plus, le pont nasal flexible permet un ajustement personnalis\u00e9, minimisant la pression sur la zone du nez et am\u00e9liorant le confort lors d&rsquo;une utilisation prolong\u00e9e. <\/p>\n<p data-start=\"1327\" data-end=\"1639\">La teinte incolore de la lentille en polycarbonate est un autre point fort de ces lunettes de s\u00e9curit\u00e9. En plus d&rsquo;offrir une vision nette et claire, elles sont dot\u00e9es d&rsquo;un traitement sp\u00e9cial anti-bu\u00e9e et anti-rayures, ce qui garantit qu&rsquo;elles conserveront leur fonctionnalit\u00e9 et leur apparence impeccable, m\u00eame dans des environnements de travail exigeants. <\/p>\n<p data-start=\"1641\" data-end=\"2008\">Conforme \u00e0 la norme EN166:2001, il garantit la protection contre les chocs et la s\u00e9curit\u00e9 oculaire.<\/p>\n<div class=\"elementor-element elementor-element-166c857 ob-has-background-overlay elementor-widget elementor-widget-woocommerce-product-short-description\" data-id=\"166c857\" data-element_type=\"widget\" data-settings=\"{\"_ob_widget_stalker_use\":\"no\",\"_ob_poopart_use\":\"yes\",\"_ob_shadough_use\":\"no\",\"_ob_allow_hoveranimator\":\"no\"}\" data-widget_type=\"woocommerce-product-short-description.default\">\n<div class=\"elementor-widget-container\">\n<div class=\"woocommerce-product-details__short-description\">\n<div class=\"elementor-element elementor-element-166c857 ob-has-background-overlay elementor-widget elementor-widget-woocommerce-product-short-description\" data-id=\"166c857\" data-element_type=\"widget\" data-settings=\"{\"_ob_perspektive_use\":\"no\",\"_ob_poopart_use\":\"yes\",\"_ob_shadough_use\":\"no\",\"_ob_allow_hoveranimator\":\"no\",\"_ob_widget_stalker_use\":\"no\"}\" data-widget_type=\"woocommerce-product-short-description.default\">\n<div class=\"elementor-widget-container\">\n<div class=\"woocommerce-product-details__short-description\">\n<p><em>Les produits Dacar peuvent \u00eatre achet\u00e9s en ligne ou via notre r\u00e9seau de distributeurs. N\u00b4h\u00e9sitez pas \u00e0 nous consulter votre revendeur le plus proche!<\/em><\/p>\n<\/div>\n<\/div>\n<\/div>\n<\/div>\n<\/div>\n<\/div>\n","protected":false},"featured_media":51235,"template":"","meta":{"site-sidebar-layout":"default","site-content-layout":"","ast-site-content-layout":"default","site-content-style":"default","site-sidebar-style":"default","ast-global-header-display":"","ast-banner-title-visibility":"","ast-main-header-display":"","ast-hfb-above-header-display":"","ast-hfb-below-header-display":"","ast-hfb-mobile-header-display":"","site-post-title":"","ast-breadcrumbs-content":"","ast-featured-img":"","footer-sml-layout":"","ast-disable-related-posts":"","theme-transparent-header-meta":"default","adv-header-id-meta":"","stick-header-meta":"default","header-above-stick-meta":"","header-main-stick-meta":"","header-below-stick-meta":"","astra-migrate-meta-layouts":"default","ast-page-background-enabled":"default","ast-page-background-meta":{"desktop":{"background-color":"","background-image":"","background-repeat":"repeat","background-position":"center center","background-size":"auto","background-attachment":"scroll","background-type":"","background-media":"","overlay-type":"","overlay-color":"","overlay-opacity":"","overlay-gradient":""},"tablet":{"background-color":"","background-image":"","background-repeat":"repeat","background-position":"center center","background-size":"auto","background-attachment":"scroll","background-type":"","background-media":"","overlay-type":"","overlay-color":"","overlay-opacity":"","overlay-gradient":""},"mobile":{"background-color":"","background-image":"","background-repeat":"repeat","background-position":"center center","background-size":"auto","background-attachment":"scroll","background-type":"","background-media":"","overlay-type":"","overlay-color":"","overlay-opacity":"","overlay-gradient":""}},"ast-content-background-meta":{"desktop":{"background-color":"var(--ast-global-color-5)","background-image":"","background-repeat":"repeat","background-position":"center center","background-size":"auto","background-attachment":"scroll","background-type":"","background-media":"","overlay-type":"","overlay-color":"","overlay-opacity":"","overlay-gradient":""},"tablet":{"background-color":"var(--ast-global-color-5)","background-image":"","background-repeat":"repeat","background-position":"center center","background-size":"auto","background-attachment":"scroll","background-type":"","background-media":"","overlay-type":"","overlay-color":"","overlay-opacity":"","overlay-gradient":""},"mobile":{"background-color":"var(--ast-global-color-5)","background-image":"","background-repeat":"repeat","background-position":"center center","background-size":"auto","background-attachment":"scroll","background-type":"","background-media":"","overlay-type":"","overlay-color":"","overlay-opacity":"","overlay-gradient":""}}},"product_brand":[],"product_cat":[1629,973],"product_tag":[],"class_list":{"0":"post-51242","1":"product","2":"type-product","3":"status-publish","4":"has-post-thumbnail","6":"product_cat-avec-oculaires-incolores","7":"product_cat-lunettes-de-protection","8":"desktop-align-left","9":"tablet-align-left","10":"mobile-align-left","11":"ast-product-gallery-layout-horizontal-slider","12":"ast-product-gallery-with-no-image","13":"ast-product-tabs-layout-horizontal","15":"first","16":"instock","17":"taxable","18":"shipping-taxable","19":"purchasable","20":"product-type-simple"},"_links":{"self":[{"href":"https:\/\/dacarcomercial.com\/fr\/wp-json\/wp\/v2\/product\/51242","targetHints":{"allow":["GET"]}}],"collection":[{"href":"https:\/\/dacarcomercial.com\/fr\/wp-json\/wp\/v2\/product"}],"about":[{"href":"https:\/\/dacarcomercial.com\/fr\/wp-json\/wp\/v2\/types\/product"}],"version-history":[{"count":0,"href":"https:\/\/dacarcomercial.com\/fr\/wp-json\/wp\/v2\/product\/51242\/revisions"}],"wp:featuredmedia":[{"embeddable":true,"href":"https:\/\/dacarcomercial.com\/fr\/wp-json\/wp\/v2\/media\/51235"}],"wp:attachment":[{"href":"https:\/\/dacarcomercial.com\/fr\/wp-json\/wp\/v2\/media?parent=51242"}],"wp:term":[{"taxonomy":"product_brand","embeddable":true,"href":"https:\/\/dacarcomercial.com\/fr\/wp-json\/wp\/v2\/product_brand?post=51242"},{"taxonomy":"product_cat","embeddable":true,"href":"https:\/\/dacarcomercial.com\/fr\/wp-json\/wp\/v2\/product_cat?post=51242"},{"taxonomy":"product_tag","embeddable":true,"href":"https:\/\/dacarcomercial.com\/fr\/wp-json\/wp\/v2\/product_tag?post=51242"}],"curies":[{"name":"wp","href":"https:\/\/api.w.org\/{rel}","templated":true}]}}