{"id":51832,"date":"2025-03-17T12:56:20","date_gmt":"2025-03-17T11:56:20","guid":{"rendered":"https:\/\/dacarcomercial.com\/producto\/materiau-ignifuge-aluminise-en-rouleau-de-1-x-50-m\/"},"modified":"2025-03-17T13:18:09","modified_gmt":"2025-03-17T12:18:09","slug":"materiau-ignifuge-aluminise-en-rouleau-de-1-x-50-m","status":"publish","type":"product","link":"https:\/\/dacarcomercial.com\/fr\/producto\/materiau-ignifuge-aluminise-en-rouleau-de-1-x-50-m\/","title":{"rendered":"Mat\u00e9riau ignifuge aluminis\u00e9 en rouleau de 1 x 50 m"},"content":{"rendered":"","protected":false},"excerpt":{"rendered":"<p><strong>Mat\u00e9riau ignifuge aluminis\u00e9 sans amiante<\/strong>, en fibre de verre thermique avec une face aluminis\u00e9e avec une feuille de 10 microns. \u00c9paisseur de 0,42 mm, 485 g\/m2. R\u00e9sistance thermique \u00e0 la chaleur rayonnante jusqu\u2019\u00e0 1000\u00baC. La fibre de verre thermique r\u00e9siste \u00e0 des temp\u00e9ratures de contact d\u2019environ 500 et jusqu\u2019\u00e0 650\u00baC pendant une p\u00e9riode de contact tr\u00e8s courte.    <\/p>\n<p><em>Prix par rouleau complet de 1 x 50 m. Si vous avez besoin de plus ou moins de m\u00e8tres, contactez-nous pour ajuster le prix. <\/em><\/p>\n<div class=\"elementor-element elementor-element-166c857 ob-has-background-overlay elementor-widget elementor-widget-woocommerce-product-short-description\" data-id=\"166c857\" data-element_type=\"widget\" data-settings=\"{\"_ob_widget_stalker_use\":\"no\",\"_ob_poopart_use\":\"yes\",\"_ob_shadough_use\":\"no\",\"_ob_allow_hoveranimator\":\"no\"}\" data-widget_type=\"woocommerce-product-short-description.default\">\n<div class=\"elementor-widget-container\">\n<div class=\"woocommerce-product-details__short-description\">\n<p><em>Les produits Dacar peuvent \u00eatre achet\u00e9s en ligne ou via notre r\u00e9seau de distributeurs. N\u00b4h\u00e9sitez pas \u00e0 nous consulter votre revendeur le plus proche!<\/em><\/p>\n<\/div>\n<\/div>\n<\/div>\n<div class=\"elementor-element elementor-element-375c5fc ob-has-background-overlay elementor-widget elementor-widget-woocommerce-product-price\" data-id=\"375c5fc\" data-element_type=\"widget\" data-settings=\"{\"_ob_widget_stalker_use\":\"no\",\"_ob_poopart_use\":\"yes\",\"_ob_shadough_use\":\"no\",\"_ob_allow_hoveranimator\":\"no\"}\" data-widget_type=\"woocommerce-product-price.default\">\n<div class=\"elementor-widget-container\"><\/div>\n<\/div>\n","protected":false},"featured_media":51829,"template":"","meta":{"site-sidebar-layout":"default","site-content-layout":"","ast-site-content-layout":"default","site-content-style":"default","site-sidebar-style":"default","ast-global-header-display":"","ast-banner-title-visibility":"","ast-main-header-display":"","ast-hfb-above-header-display":"","ast-hfb-below-header-display":"","ast-hfb-mobile-header-display":"","site-post-title":"","ast-breadcrumbs-content":"","ast-featured-img":"","footer-sml-layout":"","ast-disable-related-posts":"","theme-transparent-header-meta":"default","adv-header-id-meta":"","stick-header-meta":"default","header-above-stick-meta":"","header-main-stick-meta":"","header-below-stick-meta":"","astra-migrate-meta-layouts":"default","ast-page-background-enabled":"default","ast-page-background-meta":{"desktop":{"background-color":"","background-image":"","background-repeat":"repeat","background-position":"center center","background-size":"auto","background-attachment":"scroll","background-type":"","background-media":"","overlay-type":"","overlay-color":"","overlay-opacity":"","overlay-gradient":""},"tablet":{"background-color":"","background-image":"","background-repeat":"repeat","background-position":"center center","background-size":"auto","background-attachment":"scroll","background-type":"","background-media":"","overlay-type":"","overlay-color":"","overlay-opacity":"","overlay-gradient":""},"mobile":{"background-color":"","background-image":"","background-repeat":"repeat","background-position":"center center","background-size":"auto","background-attachment":"scroll","background-type":"","background-media":"","overlay-type":"","overlay-color":"","overlay-opacity":"","overlay-gradient":""}},"ast-content-background-meta":{"desktop":{"background-color":"var(--ast-global-color-5)","background-image":"","background-repeat":"repeat","background-position":"center center","background-size":"auto","background-attachment":"scroll","background-type":"","background-media":"","overlay-type":"","overlay-color":"","overlay-opacity":"","overlay-gradient":""},"tablet":{"background-color":"var(--ast-global-color-5)","background-image":"","background-repeat":"repeat","background-position":"center center","background-size":"auto","background-attachment":"scroll","background-type":"","background-media":"","overlay-type":"","overlay-color":"","overlay-opacity":"","overlay-gradient":""},"mobile":{"background-color":"var(--ast-global-color-5)","background-image":"","background-repeat":"repeat","background-position":"center center","background-size":"auto","background-attachment":"scroll","background-type":"","background-media":"","overlay-type":"","overlay-color":"","overlay-opacity":"","overlay-gradient":""}}},"product_brand":[],"product_cat":[2026,971,1600],"product_tag":[],"class_list":{"0":"post-51832","1":"product","2":"type-product","3":"status-publish","4":"has-post-thumbnail","6":"product_cat-toiles-avec-recouvrements-speciaux","7":"product_cat-toiles-ignifugees","8":"product_cat-toiles-ignifugees-jusqua-600oc","9":"desktop-align-left","10":"tablet-align-left","11":"mobile-align-left","12":"ast-product-gallery-layout-horizontal-slider","13":"ast-product-gallery-with-no-image","14":"ast-product-tabs-layout-horizontal","16":"first","17":"instock","18":"taxable","19":"shipping-taxable","20":"purchasable","21":"product-type-simple"},"_links":{"self":[{"href":"https:\/\/dacarcomercial.com\/fr\/wp-json\/wp\/v2\/product\/51832","targetHints":{"allow":["GET"]}}],"collection":[{"href":"https:\/\/dacarcomercial.com\/fr\/wp-json\/wp\/v2\/product"}],"about":[{"href":"https:\/\/dacarcomercial.com\/fr\/wp-json\/wp\/v2\/types\/product"}],"version-history":[{"count":0,"href":"https:\/\/dacarcomercial.com\/fr\/wp-json\/wp\/v2\/product\/51832\/revisions"}],"wp:featuredmedia":[{"embeddable":true,"href":"https:\/\/dacarcomercial.com\/fr\/wp-json\/wp\/v2\/media\/51829"}],"wp:attachment":[{"href":"https:\/\/dacarcomercial.com\/fr\/wp-json\/wp\/v2\/media?parent=51832"}],"wp:term":[{"taxonomy":"product_brand","embeddable":true,"href":"https:\/\/dacarcomercial.com\/fr\/wp-json\/wp\/v2\/product_brand?post=51832"},{"taxonomy":"product_cat","embeddable":true,"href":"https:\/\/dacarcomercial.com\/fr\/wp-json\/wp\/v2\/product_cat?post=51832"},{"taxonomy":"product_tag","embeddable":true,"href":"https:\/\/dacarcomercial.com\/fr\/wp-json\/wp\/v2\/product_tag?post=51832"}],"curies":[{"name":"wp","href":"https:\/\/api.w.org\/{rel}","templated":true}]}}