{"id":51910,"date":"2025-03-31T14:01:35","date_gmt":"2025-03-31T12:01:35","guid":{"rendered":"https:\/\/dacarcomercial.com\/producto\/masque-a-souder-grand-laser\/"},"modified":"2026-04-22T10:37:12","modified_gmt":"2026-04-22T08:37:12","slug":"masque-a-souder-grand-laser","status":"publish","type":"product","link":"https:\/\/dacarcomercial.com\/fr\/producto\/masque-a-souder-grand-laser\/","title":{"rendered":"Masque \u00e0 souder Grand laser"},"content":{"rendered":"","protected":false},"excerpt":{"rendered":"<p>La <b>masque de soudage Grand Laser<\/b> est la solution id\u00e9ale pour ceux qui ont besoin d&rsquo;une <b>protection efficace lors de travaux de soudage au laser <\/b>avec des longueurs d&rsquo;onde comprises entre 950 et 1100 nm. Ce masque prot\u00e8ge efficacement les yeux et le visage de l&rsquo;utilisateur contre le faisceau laser et la lumi\u00e8re rayonnante. De plus, elle comprend un \u00e9cran thermique compos\u00e9 d&rsquo;un verre min\u00e9ral organique qui prot\u00e8ge le filtre laser dans les applications \u00e0 haute intensit\u00e9 afin d&rsquo;\u00e9viter toute d\u00e9formation.<\/p>\n<p><b>Fabriqu\u00e9e \u00e0 partir de mat\u00e9riaux de haute qualit\u00e9<\/b>, tels que le PA (polyamide) et l&rsquo;aluminium, cette cagoule garantit une construction robuste, durable et l\u00e9g\u00e8re, avec un poids de seulement 785 g.<\/p>\n<p>Le filtre laser a une teinte 4 pour \u00e9viter l&rsquo;\u00e9blouissement pendant le soudage, mais permet une vision claire pour le positionnement.<\/p>\n<p>Pour ceux qui souhaitent une teinte plus fonc\u00e9e, il existe en option une lentille int\u00e9rieure en polycarbonate de teinte 1.<\/p>\n<p>R\u00e9f. 4701LA1 (\u00e0 commander s\u00e9par\u00e9ment)<\/p>\n<p><b>Densit\u00e9 optique<\/b><\/p>\n<ul>\n<li>Verre min\u00e9ral organique : 1000 \u2013 1100 nm OD7+<\/li>\n<li>Lentille de protection laser : 950 \u2013 1100 nm OD8+<\/li>\n<\/ul>\n<p><b>Classification LB (EN207)<\/b><\/p>\n<ul>\n<li>Filtre optique laser : 950-1100 nm D LB7 + IR LB8<\/li>\n<li>Masque : 900 \u2013 1100 nm D LB5 + IR LB8<\/li>\n<\/ul>\n<div class=\"elementor-element elementor-element-166c857 ob-has-background-overlay elementor-widget elementor-widget-woocommerce-product-short-description\" data-id=\"166c857\" data-element_type=\"widget\" data-settings=\"{\" data-widget_type=\"woocommerce-product-short-description.default\">\n<div class=\"elementor-widget-container\">\n<div class=\"woocommerce-product-details__short-description\">\n<div class=\"elementor-element elementor-element-166c857 ob-has-background-overlay elementor-widget elementor-widget-woocommerce-product-short-description\" data-id=\"166c857\" data-element_type=\"widget\" data-settings=\"{\" data-widget_type=\"woocommerce-product-short-description.default\">\n<div class=\"elementor-widget-container\"><\/div>\n<\/div>\n<\/div>\n<\/div>\n<\/div>\n","protected":false},"featured_media":51900,"template":"","meta":{"site-sidebar-layout":"default","site-content-layout":"","ast-site-content-layout":"default","site-content-style":"default","site-sidebar-style":"default","ast-global-header-display":"","ast-banner-title-visibility":"","ast-main-header-display":"","ast-hfb-above-header-display":"","ast-hfb-below-header-display":"","ast-hfb-mobile-header-display":"","site-post-title":"","ast-breadcrumbs-content":"","ast-featured-img":"","footer-sml-layout":"","ast-disable-related-posts":"","theme-transparent-header-meta":"default","adv-header-id-meta":"","stick-header-meta":"default","header-above-stick-meta":"","header-main-stick-meta":"","header-below-stick-meta":"","astra-migrate-meta-layouts":"set","ast-page-background-enabled":"default","ast-page-background-meta":{"desktop":{"background-color":"","background-image":"","background-repeat":"repeat","background-position":"center center","background-size":"auto","background-attachment":"scroll","background-type":"","background-media":"","overlay-type":"","overlay-color":"","overlay-opacity":"","overlay-gradient":""},"tablet":{"background-color":"","background-image":"","background-repeat":"repeat","background-position":"center center","background-size":"auto","background-attachment":"scroll","background-type":"","background-media":"","overlay-type":"","overlay-color":"","overlay-opacity":"","overlay-gradient":""},"mobile":{"background-color":"","background-image":"","background-repeat":"repeat","background-position":"center center","background-size":"auto","background-attachment":"scroll","background-type":"","background-media":"","overlay-type":"","overlay-color":"","overlay-opacity":"","overlay-gradient":""}},"ast-content-background-meta":{"desktop":{"background-color":"var(--ast-global-color-5)","background-image":"","background-repeat":"repeat","background-position":"center center","background-size":"auto","background-attachment":"scroll","background-type":"","background-media":"","overlay-type":"","overlay-color":"","overlay-opacity":"","overlay-gradient":""},"tablet":{"background-color":"var(--ast-global-color-5)","background-image":"","background-repeat":"repeat","background-position":"center center","background-size":"auto","background-attachment":"scroll","background-type":"","background-media":"","overlay-type":"","overlay-color":"","overlay-opacity":"","overlay-gradient":""},"mobile":{"background-color":"var(--ast-global-color-5)","background-image":"","background-repeat":"repeat","background-position":"center center","background-size":"auto","background-attachment":"scroll","background-type":"","background-media":"","overlay-type":"","overlay-color":"","overlay-opacity":"","overlay-gradient":""}}},"product_brand":[],"product_cat":[939,2044,2000],"product_tag":[],"class_list":{"0":"post-51910","1":"product","2":"type-product","3":"status-publish","4":"has-post-thumbnail","6":"product_cat-masques-de-soudure","7":"product_cat-protection-laser","8":"product_cat-soudage-laser","9":"desktop-align-left","10":"tablet-align-left","11":"mobile-align-left","12":"ast-product-gallery-layout-horizontal-slider","13":"ast-product-tabs-layout-horizontal","15":"first","16":"instock","17":"taxable","18":"shipping-taxable","19":"purchasable","20":"product-type-simple"},"_links":{"self":[{"href":"https:\/\/dacarcomercial.com\/fr\/wp-json\/wp\/v2\/product\/51910","targetHints":{"allow":["GET"]}}],"collection":[{"href":"https:\/\/dacarcomercial.com\/fr\/wp-json\/wp\/v2\/product"}],"about":[{"href":"https:\/\/dacarcomercial.com\/fr\/wp-json\/wp\/v2\/types\/product"}],"version-history":[{"count":1,"href":"https:\/\/dacarcomercial.com\/fr\/wp-json\/wp\/v2\/product\/51910\/revisions"}],"predecessor-version":[{"id":55584,"href":"https:\/\/dacarcomercial.com\/fr\/wp-json\/wp\/v2\/product\/51910\/revisions\/55584"}],"wp:featuredmedia":[{"embeddable":true,"href":"https:\/\/dacarcomercial.com\/fr\/wp-json\/wp\/v2\/media\/51900"}],"wp:attachment":[{"href":"https:\/\/dacarcomercial.com\/fr\/wp-json\/wp\/v2\/media?parent=51910"}],"wp:term":[{"taxonomy":"product_brand","embeddable":true,"href":"https:\/\/dacarcomercial.com\/fr\/wp-json\/wp\/v2\/product_brand?post=51910"},{"taxonomy":"product_cat","embeddable":true,"href":"https:\/\/dacarcomercial.com\/fr\/wp-json\/wp\/v2\/product_cat?post=51910"},{"taxonomy":"product_tag","embeddable":true,"href":"https:\/\/dacarcomercial.com\/fr\/wp-json\/wp\/v2\/product_tag?post=51910"}],"curies":[{"name":"wp","href":"https:\/\/api.w.org\/{rel}","templated":true}]}}