{"id":52644,"date":"2025-02-14T10:30:51","date_gmt":"2025-02-14T09:30:51","guid":{"rendered":"https:\/\/dacarcomercial.com\/producto\/gants-de-soudeur-mig-comfort\/"},"modified":"2025-06-25T12:53:17","modified_gmt":"2025-06-25T10:53:17","slug":"gants-de-soudeur-mig-comfort","status":"publish","type":"product","link":"https:\/\/dacarcomercial.com\/fr\/producto\/gants-de-soudeur-mig-comfort\/","title":{"rendered":"Gants de soudeur MIG Comfort"},"content":{"rendered":"","protected":false},"excerpt":{"rendered":"<p data-start=\"681\" data-end=\"1115\">Les <strong>gants de soudeur MIG Comfort<\/strong> sont <span data-olk-copy-source=\"MessageBody\">fabriqu\u00e9s \u00e0 partir de cuir de vachette vert ultra-souple de la plus haute qualit\u00e9, offrant une flexibilit\u00e9 et un confort d&rsquo;utilisation jusqu&rsquo;alors inconnus dans ce type de gants.<\/span> Ces gants sont sp\u00e9cialement con\u00e7us pour r\u00e9sister aux conditions de travail exigeantes du soudage, garantissant une excellente protection contre la chaleur, les \u00e9tincelles et autres risques courants.<\/p>\n<p data-start=\"1117\" data-end=\"1467\">Le renfort en cuir et le fil Kevlar dans les coutures offrent une grande durabilit\u00e9, emp\u00eachant l&rsquo;usure rapide m\u00eame dans des conditions intensives. La doublure isolante en coton est une caract\u00e9ristique remarquable, car elle offre une barri\u00e8re suppl\u00e9mentaire contre les temp\u00e9ratures \u00e9lev\u00e9es, am\u00e9liorant ainsi la s\u00e9curit\u00e9 et le confort de l&rsquo;utilisateur. <\/p>\n<p data-start=\"1469\" data-end=\"1872\">Avec leur conception qui s&rsquo;adapte parfaitement aux mains, les gants de soudage MIG Comfort offrent une grande mobilit\u00e9 et une grande dext\u00e9rit\u00e9 pendant les travaux de soudage, sans compromettre la protection. De plus, ils sont conformes aux normes internationales CE EN ISO 21420:2020, EN12477:2001+A1:2005 type A, EN 388:2016+A1:2018 et EN 407:2020, ce qui garantit leur qualit\u00e9 et leur efficacit\u00e9 dans des environnements de travail exigeants. <\/p>\n<div class=\"elementor-element elementor-element-166c857 ob-has-background-overlay elementor-widget elementor-widget-woocommerce-product-short-description\" data-id=\"166c857\" data-element_type=\"widget\" data-settings=\"{\"_ob_widget_stalker_use\":\"no\",\"_ob_poopart_use\":\"yes\",\"_ob_shadough_use\":\"no\",\"_ob_allow_hoveranimator\":\"no\"}\" data-widget_type=\"woocommerce-product-short-description.default\">\n<div class=\"elementor-widget-container\">\n<div class=\"woocommerce-product-details__short-description\">\n<p><em>Les produits Dacar peuvent \u00eatre achet\u00e9s en ligne ou via notre r\u00e9seau de distributeurs. N\u00b4h\u00e9sitez pas \u00e0 nous consulter votre revendeur le plus proche!<\/em><\/p>\n<\/div>\n<\/div>\n<\/div>\n","protected":false},"featured_media":50909,"template":"","meta":{"site-sidebar-layout":"default","site-content-layout":"","ast-site-content-layout":"default","site-content-style":"default","site-sidebar-style":"default","ast-global-header-display":"","ast-banner-title-visibility":"","ast-main-header-display":"","ast-hfb-above-header-display":"","ast-hfb-below-header-display":"","ast-hfb-mobile-header-display":"","site-post-title":"","ast-breadcrumbs-content":"","ast-featured-img":"","footer-sml-layout":"","ast-disable-related-posts":"","theme-transparent-header-meta":"default","adv-header-id-meta":"","stick-header-meta":"default","header-above-stick-meta":"","header-main-stick-meta":"","header-below-stick-meta":"","astra-migrate-meta-layouts":"default","ast-page-background-enabled":"default","ast-page-background-meta":{"desktop":{"background-color":"","background-image":"","background-repeat":"repeat","background-position":"center center","background-size":"auto","background-attachment":"scroll","background-type":"","background-media":"","overlay-type":"","overlay-color":"","overlay-opacity":"","overlay-gradient":""},"tablet":{"background-color":"","background-image":"","background-repeat":"repeat","background-position":"center center","background-size":"auto","background-attachment":"scroll","background-type":"","background-media":"","overlay-type":"","overlay-color":"","overlay-opacity":"","overlay-gradient":""},"mobile":{"background-color":"","background-image":"","background-repeat":"repeat","background-position":"center center","background-size":"auto","background-attachment":"scroll","background-type":"","background-media":"","overlay-type":"","overlay-color":"","overlay-opacity":"","overlay-gradient":""}},"ast-content-background-meta":{"desktop":{"background-color":"var(--ast-global-color-5)","background-image":"","background-repeat":"repeat","background-position":"center center","background-size":"auto","background-attachment":"scroll","background-type":"","background-media":"","overlay-type":"","overlay-color":"","overlay-opacity":"","overlay-gradient":""},"tablet":{"background-color":"var(--ast-global-color-5)","background-image":"","background-repeat":"repeat","background-position":"center center","background-size":"auto","background-attachment":"scroll","background-type":"","background-media":"","overlay-type":"","overlay-color":"","overlay-opacity":"","overlay-gradient":""},"mobile":{"background-color":"var(--ast-global-color-5)","background-image":"","background-repeat":"repeat","background-position":"center center","background-size":"auto","background-attachment":"scroll","background-type":"","background-media":"","overlay-type":"","overlay-color":"","overlay-opacity":"","overlay-gradient":""}}},"product_brand":[],"product_cat":[1758,932,931],"product_tag":[],"class_list":{"0":"post-52644","1":"product","2":"type-product","3":"status-publish","4":"has-post-thumbnail","6":"product_cat-gants","7":"product_cat-soudeur","8":"product_cat-vetements-de-protection","9":"desktop-align-left","10":"tablet-align-left","11":"mobile-align-left","12":"ast-product-gallery-layout-horizontal-slider","13":"ast-product-gallery-with-no-image","14":"ast-product-single-variable","15":"ast-product-tabs-layout-horizontal","17":"first","18":"instock","19":"taxable","20":"shipping-taxable","21":"purchasable","22":"product-type-variable"},"_links":{"self":[{"href":"https:\/\/dacarcomercial.com\/fr\/wp-json\/wp\/v2\/product\/52644","targetHints":{"allow":["GET"]}}],"collection":[{"href":"https:\/\/dacarcomercial.com\/fr\/wp-json\/wp\/v2\/product"}],"about":[{"href":"https:\/\/dacarcomercial.com\/fr\/wp-json\/wp\/v2\/types\/product"}],"version-history":[{"count":0,"href":"https:\/\/dacarcomercial.com\/fr\/wp-json\/wp\/v2\/product\/52644\/revisions"}],"wp:featuredmedia":[{"embeddable":true,"href":"https:\/\/dacarcomercial.com\/fr\/wp-json\/wp\/v2\/media\/50909"}],"wp:attachment":[{"href":"https:\/\/dacarcomercial.com\/fr\/wp-json\/wp\/v2\/media?parent=52644"}],"wp:term":[{"taxonomy":"product_brand","embeddable":true,"href":"https:\/\/dacarcomercial.com\/fr\/wp-json\/wp\/v2\/product_brand?post=52644"},{"taxonomy":"product_cat","embeddable":true,"href":"https:\/\/dacarcomercial.com\/fr\/wp-json\/wp\/v2\/product_cat?post=52644"},{"taxonomy":"product_tag","embeddable":true,"href":"https:\/\/dacarcomercial.com\/fr\/wp-json\/wp\/v2\/product_tag?post=52644"}],"curies":[{"name":"wp","href":"https:\/\/api.w.org\/{rel}","templated":true}]}}