{"id":52648,"date":"2025-06-03T09:14:33","date_gmt":"2025-06-25T11:27:20","guid":{"rendered":"https:\/\/dacarcomercial.com\/producto\/pack-mig-pro\/"},"modified":"2025-06-25T13:31:41","modified_gmt":"2025-06-25T11:31:41","slug":"pack-mig-pro","status":"publish","type":"product","link":"https:\/\/dacarcomercial.com\/fr\/producto\/pack-mig-pro\/","title":{"rendered":"Pack MIG PRO"},"content":{"rendered":"","protected":false},"excerpt":{"rendered":"<p>Profitez de cette <b>offre exclusive<\/b> et emportez ce pack comprenant <b>1 masque de soudage + 1 gant MIG Comfort<\/b>. Vous avez le choix entre deux mod\u00e8les de masques de haute qualit\u00e9 : <a href=\"https:\/\/dacarcomercial.com\/fr\/producto\/masque-de-soudure-x3-predator\/\"><b>X3 Predator<\/b><\/a> et <a href=\"https:\/\/dacarcomercial.com\/fr\/producto\/masques-de-soudure-x3-skull\/\"><b>X3 SKULL<\/b><\/a>, des masques dot\u00e9s des <b>nouvelles fonctions TACK et TRS<\/b> pour un confort oculaire optimal.<\/p>\n<p>Les <a href=\"https:\/\/dacarcomercial.com\/fr\/producto\/gants-de-soudeur-mig-comfort\/\" target=\"_blank\" rel=\"noopener\"><b>gants MIG Comfort<\/b><\/a>, fabriqu\u00e9s en cuir de vachette vert ultra-souple de la plus haute qualit\u00e9, offrent une flexibilit\u00e9 et un confort d&rsquo;utilisation jusqu&rsquo;alors inconnus pour ce type de gants.<\/p>\n<p data-start=\"724\" data-end=\"860\"><strong data-start=\"724\" data-end=\"793\">Choisissez le masque et le gant qui correspondent le mieux \u00e0 vos besoins<\/strong> et profitez d&rsquo;une protection optimale pendant vos travaux de soudage.<\/p>\n","protected":false},"featured_media":52501,"template":"","meta":{"site-sidebar-layout":"default","site-content-layout":"","ast-site-content-layout":"default","site-content-style":"default","site-sidebar-style":"default","ast-global-header-display":"","ast-banner-title-visibility":"","ast-main-header-display":"","ast-hfb-above-header-display":"","ast-hfb-below-header-display":"","ast-hfb-mobile-header-display":"","site-post-title":"","ast-breadcrumbs-content":"","ast-featured-img":"","footer-sml-layout":"","ast-disable-related-posts":"","theme-transparent-header-meta":"default","adv-header-id-meta":"","stick-header-meta":"default","header-above-stick-meta":"","header-main-stick-meta":"","header-below-stick-meta":"","astra-migrate-meta-layouts":"set","ast-page-background-enabled":"default","ast-page-background-meta":{"desktop":{"background-color":"","background-image":"","background-repeat":"repeat","background-position":"center center","background-size":"auto","background-attachment":"scroll","background-type":"","background-media":"","overlay-type":"","overlay-color":"","overlay-opacity":"","overlay-gradient":""},"tablet":{"background-color":"","background-image":"","background-repeat":"repeat","background-position":"center center","background-size":"auto","background-attachment":"scroll","background-type":"","background-media":"","overlay-type":"","overlay-color":"","overlay-opacity":"","overlay-gradient":""},"mobile":{"background-color":"","background-image":"","background-repeat":"repeat","background-position":"center center","background-size":"auto","background-attachment":"scroll","background-type":"","background-media":"","overlay-type":"","overlay-color":"","overlay-opacity":"","overlay-gradient":""}},"ast-content-background-meta":{"desktop":{"background-color":"var(--ast-global-color-5)","background-image":"","background-repeat":"repeat","background-position":"center center","background-size":"auto","background-attachment":"scroll","background-type":"","background-media":"","overlay-type":"","overlay-color":"","overlay-opacity":"","overlay-gradient":""},"tablet":{"background-color":"var(--ast-global-color-5)","background-image":"","background-repeat":"repeat","background-position":"center center","background-size":"auto","background-attachment":"scroll","background-type":"","background-media":"","overlay-type":"","overlay-color":"","overlay-opacity":"","overlay-gradient":""},"mobile":{"background-color":"var(--ast-global-color-5)","background-image":"","background-repeat":"repeat","background-position":"center center","background-size":"auto","background-attachment":"scroll","background-type":"","background-media":"","overlay-type":"","overlay-color":"","overlay-opacity":"","overlay-gradient":""}}},"product_brand":[],"product_cat":[980],"product_tag":[],"class_list":{"0":"post-52648","1":"product","2":"type-product","3":"status-publish","4":"has-post-thumbnail","6":"product_cat-packs-offre","7":"desktop-align-left","8":"tablet-align-left","9":"mobile-align-left","10":"ast-product-gallery-layout-horizontal-slider","11":"ast-product-single-variable","12":"ast-product-tabs-layout-horizontal","14":"first","15":"instock","16":"sale","17":"taxable","18":"shipping-taxable","19":"purchasable","20":"product-type-variable"},"_links":{"self":[{"href":"https:\/\/dacarcomercial.com\/fr\/wp-json\/wp\/v2\/product\/52648","targetHints":{"allow":["GET"]}}],"collection":[{"href":"https:\/\/dacarcomercial.com\/fr\/wp-json\/wp\/v2\/product"}],"about":[{"href":"https:\/\/dacarcomercial.com\/fr\/wp-json\/wp\/v2\/types\/product"}],"version-history":[{"count":0,"href":"https:\/\/dacarcomercial.com\/fr\/wp-json\/wp\/v2\/product\/52648\/revisions"}],"wp:featuredmedia":[{"embeddable":true,"href":"https:\/\/dacarcomercial.com\/fr\/wp-json\/wp\/v2\/media\/52501"}],"wp:attachment":[{"href":"https:\/\/dacarcomercial.com\/fr\/wp-json\/wp\/v2\/media?parent=52648"}],"wp:term":[{"taxonomy":"product_brand","embeddable":true,"href":"https:\/\/dacarcomercial.com\/fr\/wp-json\/wp\/v2\/product_brand?post=52648"},{"taxonomy":"product_cat","embeddable":true,"href":"https:\/\/dacarcomercial.com\/fr\/wp-json\/wp\/v2\/product_cat?post=52648"},{"taxonomy":"product_tag","embeddable":true,"href":"https:\/\/dacarcomercial.com\/fr\/wp-json\/wp\/v2\/product_tag?post=52648"}],"curies":[{"name":"wp","href":"https:\/\/api.w.org\/{rel}","templated":true}]}}