{"id":55477,"date":"2026-04-07T14:02:47","date_gmt":"2026-04-07T12:02:47","guid":{"rendered":"https:\/\/dacarcomercial.com\/producto\/genouillere-modele-19\/"},"modified":"2026-04-20T09:27:14","modified_gmt":"2026-04-20T07:27:14","slug":"genouillere-modele-19","status":"publish","type":"product","link":"https:\/\/dacarcomercial.com\/fr\/producto\/genouillere-modele-19\/","title":{"rendered":"Genouill\u00e8re mod\u00e8le 19"},"content":{"rendered":"<p data-start=\"549\" data-end=\"879\">Si vous travaillez \u00e0 genoux, vous le savez : le probl\u00e8me, ce n\u2019est pas seulement la douleur\u2026 c\u2019est ce \u201ccoup de pointe\u201d provoqu\u00e9 par un caillou, un copeau ou une vis, qui vous casse le rythme. La genouill\u00e8re Mod\u00e8le 19 est con\u00e7ue pour le vrai travail sur le terrain : confort, stabilit\u00e9 et, surtout, une protection renforc\u00e9e gr\u00e2ce \u00e0 son insert anti-perforation. <\/p>\n<p data-start=\"881\" data-end=\"1136\">Son corps en mousse PUR est l\u00e9ger et confortable, tout en r\u00e9sistant parfaitement \u00e0 un usage intensif. Sa base plate offre un appui plus stable, id\u00e9al lorsque vous bougez constamment ou travaillez sur des surfaces irr\u00e9guli\u00e8res : moins de glissements, moins de r\u00e9ajustements, plus de contr\u00f4le. <\/p>\n<p data-start=\"1138\" data-end=\"1443\">De plus, elle est con\u00e7ue pour l\u2019atelier comme pour le chantier : elle r\u00e9siste \u00e0 l\u2019humidit\u00e9 et supporte des pics de chaleur allant jusqu\u2019\u00e0 100 \u00baC.<\/p>\n<p data-start=\"1138\" data-end=\"1443\">En r\u00e9sum\u00e9 : une genouill\u00e8re qui prot\u00e8ge, qui dure et qui vous permet de travailler plus confortablement, sans avoir l\u2019impression de porter une brique attach\u00e9e \u00e0 la jambe.<\/p>\n<p data-start=\"1445\" data-end=\"1581\">Conforme \u00e0 la norme EN 14404 \u2013 Classe 2, vous achetez donc une protection des genoux con\u00e7ue pour le travail, avec un niveau de performance \u00e9lev\u00e9.<\/p>\n","protected":false},"excerpt":{"rendered":"<p data-start=\"208\" data-end=\"471\">Genouill\u00e8re Mod\u00e8le 19 en mousse PUR avec insert anti-perforation. Base plate pour une meilleure stabilit\u00e9. L\u00e9g\u00e8re, tr\u00e8s r\u00e9sistante et offrant un excellent confort. R\u00e9siste \u00e0 l\u2019humidit\u00e9 et \u00e0 des pics de chaleur jusqu\u2019\u00e0 100 \u00baC. Certification EN 14404 \u2013 Classe 2.   <\/p>\n","protected":false},"featured_media":54617,"template":"","meta":{"site-sidebar-layout":"default","site-content-layout":"","ast-site-content-layout":"default","site-content-style":"default","site-sidebar-style":"default","ast-global-header-display":"","ast-banner-title-visibility":"","ast-main-header-display":"","ast-hfb-above-header-display":"","ast-hfb-below-header-display":"","ast-hfb-mobile-header-display":"","site-post-title":"","ast-breadcrumbs-content":"","ast-featured-img":"","footer-sml-layout":"","ast-disable-related-posts":"","theme-transparent-header-meta":"default","adv-header-id-meta":"","stick-header-meta":"default","header-above-stick-meta":"","header-main-stick-meta":"","header-below-stick-meta":"","astra-migrate-meta-layouts":"default","ast-page-background-enabled":"default","ast-page-background-meta":{"desktop":{"background-color":"","background-image":"","background-repeat":"repeat","background-position":"center center","background-size":"auto","background-attachment":"scroll","background-type":"","background-media":"","overlay-type":"","overlay-color":"","overlay-opacity":"","overlay-gradient":""},"tablet":{"background-color":"","background-image":"","background-repeat":"repeat","background-position":"center center","background-size":"auto","background-attachment":"scroll","background-type":"","background-media":"","overlay-type":"","overlay-color":"","overlay-opacity":"","overlay-gradient":""},"mobile":{"background-color":"","background-image":"","background-repeat":"repeat","background-position":"center center","background-size":"auto","background-attachment":"scroll","background-type":"","background-media":"","overlay-type":"","overlay-color":"","overlay-opacity":"","overlay-gradient":""}},"ast-content-background-meta":{"desktop":{"background-color":"var(--ast-global-color-5)","background-image":"","background-repeat":"repeat","background-position":"center center","background-size":"auto","background-attachment":"scroll","background-type":"","background-media":"","overlay-type":"","overlay-color":"","overlay-opacity":"","overlay-gradient":""},"tablet":{"background-color":"var(--ast-global-color-5)","background-image":"","background-repeat":"repeat","background-position":"center center","background-size":"auto","background-attachment":"scroll","background-type":"","background-media":"","overlay-type":"","overlay-color":"","overlay-opacity":"","overlay-gradient":""},"mobile":{"background-color":"var(--ast-global-color-5)","background-image":"","background-repeat":"repeat","background-position":"center center","background-size":"auto","background-attachment":"scroll","background-type":"","background-media":"","overlay-type":"","overlay-color":"","overlay-opacity":"","overlay-gradient":""}}},"product_brand":[],"product_cat":[1613],"product_tag":[],"class_list":{"0":"post-55477","1":"product","2":"type-product","3":"status-publish","4":"has-post-thumbnail","6":"product_cat-genouilleres-coussins","7":"desktop-align-left","8":"tablet-align-left","9":"mobile-align-left","10":"ast-product-gallery-layout-horizontal-slider","11":"ast-product-gallery-with-no-image","12":"ast-product-tabs-layout-horizontal","14":"first","15":"instock","16":"taxable","17":"shipping-taxable","18":"purchasable","19":"product-type-simple"},"_links":{"self":[{"href":"https:\/\/dacarcomercial.com\/fr\/wp-json\/wp\/v2\/product\/55477","targetHints":{"allow":["GET"]}}],"collection":[{"href":"https:\/\/dacarcomercial.com\/fr\/wp-json\/wp\/v2\/product"}],"about":[{"href":"https:\/\/dacarcomercial.com\/fr\/wp-json\/wp\/v2\/types\/product"}],"version-history":[{"count":0,"href":"https:\/\/dacarcomercial.com\/fr\/wp-json\/wp\/v2\/product\/55477\/revisions"}],"wp:featuredmedia":[{"embeddable":true,"href":"https:\/\/dacarcomercial.com\/fr\/wp-json\/wp\/v2\/media\/54617"}],"wp:attachment":[{"href":"https:\/\/dacarcomercial.com\/fr\/wp-json\/wp\/v2\/media?parent=55477"}],"wp:term":[{"taxonomy":"product_brand","embeddable":true,"href":"https:\/\/dacarcomercial.com\/fr\/wp-json\/wp\/v2\/product_brand?post=55477"},{"taxonomy":"product_cat","embeddable":true,"href":"https:\/\/dacarcomercial.com\/fr\/wp-json\/wp\/v2\/product_cat?post=55477"},{"taxonomy":"product_tag","embeddable":true,"href":"https:\/\/dacarcomercial.com\/fr\/wp-json\/wp\/v2\/product_tag?post=55477"}],"curies":[{"name":"wp","href":"https:\/\/api.w.org\/{rel}","templated":true}]}}