{"id":55478,"date":"2026-04-07T13:53:09","date_gmt":"2026-04-07T11:53:09","guid":{"rendered":"https:\/\/dacarcomercial.com\/producto\/genouillere-modele-35-ergo-pro\/"},"modified":"2026-04-20T09:29:05","modified_gmt":"2026-04-20T07:29:05","slug":"genouillere-modele-35-ergo-pro","status":"publish","type":"product","link":"https:\/\/dacarcomercial.com\/fr\/producto\/genouillere-modele-35-ergo-pro\/","title":{"rendered":"Genouill\u00e8re mod\u00e8le 35 Ergo Pro"},"content":{"rendered":"<p data-start=\"583\" data-end=\"809\">Si vous passez du temps \u00e0 genoux, vos genoux sont litt\u00e9ralement votre outil num\u00e9ro un\u2026 et il n\u2019existe pas de pi\u00e8ces de rechange. La genouill\u00e8re 35 Ergo Pro est con\u00e7ue pour vous permettre de travailler plus confortablement et de tenir toute la journ\u00e9e avec moins de contraintes. <\/p>\n<p data-start=\"811\" data-end=\"1128\">Son coussin de grande \u00e9paisseur r\u00e9partit la pression et r\u00e9duit l\u2019inconfort typique de l\u2019appui sur des sols durs ou irr\u00e9guliers. Son design ergonomique et sa large surface d\u2019appui apportent davantage de stabilit\u00e9 : vous sentez un meilleur soutien, vous bougez avec plus d\u2019assurance et vous terminez la journ\u00e9e avec une sensation bien moindre de \u00ab genoux meurtris \u00bb. <\/p>\n<p data-start=\"1130\" data-end=\"1363\">Et pour \u00e9viter l\u2019effet de la genouill\u00e8re classique qui bouge, serre ou s\u2019enfonce dans la peau, elle int\u00e8gre deux larges bandes \u00e9lastiques (5 cm) qui assurent un maintien ferme tout en r\u00e9partissant la pression. R\u00e9sultat : plus de confort, moins de marques et moins de r\u00e9ajustements constants. <\/p>\n<p data-start=\"1365\" data-end=\"1483\">Conforme \u00e0 la norme EN 14404 \u2013 Classe 0, vous achetez donc une genouill\u00e8re con\u00e7ue pour un usage professionnel et r\u00e9pondant \u00e0 la norme europ\u00e9enne.<\/p>\n","protected":false},"excerpt":{"rendered":"<p data-start=\"236\" data-end=\"505\">Genouill\u00e8re Mod\u00e8le 35 Ergo Pro en mousse PUR, avec coussin de grande \u00e9paisseur et design ergonomique. Large surface d\u2019appui pour une meilleure stabilit\u00e9. Maintien assur\u00e9 par deux bandes \u00e9lastiques de 5 cm de largeur. Conforme \u00e0 la norme EN 14404 \u2013 Classe 0.  <\/p>\n","protected":false},"featured_media":54610,"template":"","meta":{"site-sidebar-layout":"default","site-content-layout":"","ast-site-content-layout":"default","site-content-style":"default","site-sidebar-style":"default","ast-global-header-display":"","ast-banner-title-visibility":"","ast-main-header-display":"","ast-hfb-above-header-display":"","ast-hfb-below-header-display":"","ast-hfb-mobile-header-display":"","site-post-title":"","ast-breadcrumbs-content":"","ast-featured-img":"","footer-sml-layout":"","ast-disable-related-posts":"","theme-transparent-header-meta":"default","adv-header-id-meta":"","stick-header-meta":"default","header-above-stick-meta":"","header-main-stick-meta":"","header-below-stick-meta":"","astra-migrate-meta-layouts":"default","ast-page-background-enabled":"default","ast-page-background-meta":{"desktop":{"background-color":"","background-image":"","background-repeat":"repeat","background-position":"center center","background-size":"auto","background-attachment":"scroll","background-type":"","background-media":"","overlay-type":"","overlay-color":"","overlay-opacity":"","overlay-gradient":""},"tablet":{"background-color":"","background-image":"","background-repeat":"repeat","background-position":"center center","background-size":"auto","background-attachment":"scroll","background-type":"","background-media":"","overlay-type":"","overlay-color":"","overlay-opacity":"","overlay-gradient":""},"mobile":{"background-color":"","background-image":"","background-repeat":"repeat","background-position":"center center","background-size":"auto","background-attachment":"scroll","background-type":"","background-media":"","overlay-type":"","overlay-color":"","overlay-opacity":"","overlay-gradient":""}},"ast-content-background-meta":{"desktop":{"background-color":"var(--ast-global-color-5)","background-image":"","background-repeat":"repeat","background-position":"center center","background-size":"auto","background-attachment":"scroll","background-type":"","background-media":"","overlay-type":"","overlay-color":"","overlay-opacity":"","overlay-gradient":""},"tablet":{"background-color":"var(--ast-global-color-5)","background-image":"","background-repeat":"repeat","background-position":"center center","background-size":"auto","background-attachment":"scroll","background-type":"","background-media":"","overlay-type":"","overlay-color":"","overlay-opacity":"","overlay-gradient":""},"mobile":{"background-color":"var(--ast-global-color-5)","background-image":"","background-repeat":"repeat","background-position":"center center","background-size":"auto","background-attachment":"scroll","background-type":"","background-media":"","overlay-type":"","overlay-color":"","overlay-opacity":"","overlay-gradient":""}}},"product_brand":[],"product_cat":[1613],"product_tag":[],"class_list":{"0":"post-55478","1":"product","2":"type-product","3":"status-publish","4":"has-post-thumbnail","6":"product_cat-genouilleres-coussins","7":"desktop-align-left","8":"tablet-align-left","9":"mobile-align-left","10":"ast-product-gallery-layout-horizontal-slider","11":"ast-product-gallery-with-no-image","12":"ast-product-tabs-layout-horizontal","14":"first","15":"instock","16":"taxable","17":"shipping-taxable","18":"purchasable","19":"product-type-simple"},"_links":{"self":[{"href":"https:\/\/dacarcomercial.com\/fr\/wp-json\/wp\/v2\/product\/55478","targetHints":{"allow":["GET"]}}],"collection":[{"href":"https:\/\/dacarcomercial.com\/fr\/wp-json\/wp\/v2\/product"}],"about":[{"href":"https:\/\/dacarcomercial.com\/fr\/wp-json\/wp\/v2\/types\/product"}],"version-history":[{"count":0,"href":"https:\/\/dacarcomercial.com\/fr\/wp-json\/wp\/v2\/product\/55478\/revisions"}],"wp:featuredmedia":[{"embeddable":true,"href":"https:\/\/dacarcomercial.com\/fr\/wp-json\/wp\/v2\/media\/54610"}],"wp:attachment":[{"href":"https:\/\/dacarcomercial.com\/fr\/wp-json\/wp\/v2\/media?parent=55478"}],"wp:term":[{"taxonomy":"product_brand","embeddable":true,"href":"https:\/\/dacarcomercial.com\/fr\/wp-json\/wp\/v2\/product_brand?post=55478"},{"taxonomy":"product_cat","embeddable":true,"href":"https:\/\/dacarcomercial.com\/fr\/wp-json\/wp\/v2\/product_cat?post=55478"},{"taxonomy":"product_tag","embeddable":true,"href":"https:\/\/dacarcomercial.com\/fr\/wp-json\/wp\/v2\/product_tag?post=55478"}],"curies":[{"name":"wp","href":"https:\/\/api.w.org\/{rel}","templated":true}]}}