{"id":55479,"date":"2026-04-07T13:18:01","date_gmt":"2026-04-07T11:18:01","guid":{"rendered":"https:\/\/dacarcomercial.com\/producto\/casque-antibruit-electronique-xstream-ld-headband\/"},"modified":"2026-04-20T09:32:03","modified_gmt":"2026-04-20T07:32:03","slug":"casque-antibruit-electronique-xstream-ld-headband","status":"publish","type":"product","link":"https:\/\/dacarcomercial.com\/fr\/producto\/casque-antibruit-electronique-xstream-ld-headband\/","title":{"rendered":"Casque antibruit \u00e9lectronique Xstream LD Headband"},"content":{"rendered":"<p data-start=\"629\" data-end=\"981\">Si vous travaillez dans un environnement bruyant, il existe deux types de casques antibruit : ceux qui \u00ab coupent \u00bb le son et vous isolent du monde\u2026 et ceux qui vous prot\u00e8gent sans vous priver de la vie sociale de l\u2019atelier. Les Xstream LD Headband appartiennent \u00e0 la seconde cat\u00e9gorie : une protection auditive s\u00e9rieuse, avec Bluetooth, gestion des appels et \u00e9coute intelligente pour vous aider \u00e0 travailler en toute s\u00e9curit\u00e9 et avec plus de confort. <\/p>\n<p data-start=\"983\" data-end=\"1421\">Gr\u00e2ce \u00e0 ses microphones d\u2019\u00e9coute dynamique, le casque ajuste le son en fonction du niveau de bruit : il r\u00e9duit le vacarme quand il faut vous prot\u00e9ger, tout en vous permettant d\u2019entendre l\u2019essentiel (alertes, conversations \u00e0 proximit\u00e9, signaux) sans avoir \u00e0 l\u2019enlever sans arr\u00eat. Et lorsque vous avez besoin de vous concentrer ou que la journ\u00e9e s\u2019\u00e9ternise, il vous suffit d\u2019activer le Bluetooth : musique ou appels en mains libres, sans perdre en protection. <\/p>\n<p data-start=\"1423\" data-end=\"1605\">En plus, il r\u00e9siste aux \u00e9claboussures et \u00e0 la transpiration sans probl\u00e8me gr\u00e2ce \u00e0 son indice IPX4, et se recharge par USB, pour vous faire oublier les piles.<\/p>\n<p data-start=\"1607\" data-end=\"1807\">Et surtout, l\u2019essentiel : elles prot\u00e8gent r\u00e9ellement. Avec une att\u00e9nuation de 29 dB SNR, c\u2019est une excellente option pour ceux qui veulent pr\u00e9server leur audition sans renoncer au confort ni \u00e0 la connectivit\u00e9. <\/p>\n","protected":false},"excerpt":{"rendered":"<p>Casque antibruit \u00e9lectronique Xstream LD Headband avec Bluetooth et microphones int\u00e9gr\u00e9s pour \u00e9couter de la musique et passer des appels. \u00c9coute dynamique avec microphones d\u00e9pendants du niveau sonore (amplification des sons utiles et att\u00e9nuation du bruit). \u00c9tanche IPX4. Rechargeable par USB.<\/p>\n<p>Att\u00e9nuation SNR 29 dB (H : 32 \/ M : 26 \/ L : 17). Conforme aux normes EN 352-1, 4, 6, 8. <\/p>\n","protected":false},"featured_media":54594,"template":"","meta":{"site-sidebar-layout":"default","site-content-layout":"","ast-site-content-layout":"default","site-content-style":"default","site-sidebar-style":"default","ast-global-header-display":"","ast-banner-title-visibility":"","ast-main-header-display":"","ast-hfb-above-header-display":"","ast-hfb-below-header-display":"","ast-hfb-mobile-header-display":"","site-post-title":"","ast-breadcrumbs-content":"","ast-featured-img":"","footer-sml-layout":"","ast-disable-related-posts":"","theme-transparent-header-meta":"default","adv-header-id-meta":"","stick-header-meta":"default","header-above-stick-meta":"","header-main-stick-meta":"","header-below-stick-meta":"","astra-migrate-meta-layouts":"default","ast-page-background-enabled":"default","ast-page-background-meta":{"desktop":{"background-color":"","background-image":"","background-repeat":"repeat","background-position":"center center","background-size":"auto","background-attachment":"scroll","background-type":"","background-media":"","overlay-type":"","overlay-color":"","overlay-opacity":"","overlay-gradient":""},"tablet":{"background-color":"","background-image":"","background-repeat":"repeat","background-position":"center center","background-size":"auto","background-attachment":"scroll","background-type":"","background-media":"","overlay-type":"","overlay-color":"","overlay-opacity":"","overlay-gradient":""},"mobile":{"background-color":"","background-image":"","background-repeat":"repeat","background-position":"center center","background-size":"auto","background-attachment":"scroll","background-type":"","background-media":"","overlay-type":"","overlay-color":"","overlay-opacity":"","overlay-gradient":""}},"ast-content-background-meta":{"desktop":{"background-color":"var(--ast-global-color-5)","background-image":"","background-repeat":"repeat","background-position":"center center","background-size":"auto","background-attachment":"scroll","background-type":"","background-media":"","overlay-type":"","overlay-color":"","overlay-opacity":"","overlay-gradient":""},"tablet":{"background-color":"var(--ast-global-color-5)","background-image":"","background-repeat":"repeat","background-position":"center center","background-size":"auto","background-attachment":"scroll","background-type":"","background-media":"","overlay-type":"","overlay-color":"","overlay-opacity":"","overlay-gradient":""},"mobile":{"background-color":"var(--ast-global-color-5)","background-image":"","background-repeat":"repeat","background-position":"center center","background-size":"auto","background-attachment":"scroll","background-type":"","background-media":"","overlay-type":"","overlay-color":"","overlay-opacity":"","overlay-gradient":""}}},"product_brand":[],"product_cat":[968,967],"product_tag":[],"class_list":{"0":"post-55479","1":"product","2":"type-product","3":"status-publish","4":"has-post-thumbnail","6":"product_cat-casques-antibruit-passifs","7":"product_cat-protecteurs-auditifs","8":"desktop-align-left","9":"tablet-align-left","10":"mobile-align-left","11":"ast-product-gallery-layout-horizontal-slider","12":"ast-product-tabs-layout-horizontal","14":"first","15":"instock","16":"taxable","17":"shipping-taxable","18":"purchasable","19":"product-type-simple"},"_links":{"self":[{"href":"https:\/\/dacarcomercial.com\/fr\/wp-json\/wp\/v2\/product\/55479","targetHints":{"allow":["GET"]}}],"collection":[{"href":"https:\/\/dacarcomercial.com\/fr\/wp-json\/wp\/v2\/product"}],"about":[{"href":"https:\/\/dacarcomercial.com\/fr\/wp-json\/wp\/v2\/types\/product"}],"version-history":[{"count":0,"href":"https:\/\/dacarcomercial.com\/fr\/wp-json\/wp\/v2\/product\/55479\/revisions"}],"wp:featuredmedia":[{"embeddable":true,"href":"https:\/\/dacarcomercial.com\/fr\/wp-json\/wp\/v2\/media\/54594"}],"wp:attachment":[{"href":"https:\/\/dacarcomercial.com\/fr\/wp-json\/wp\/v2\/media?parent=55479"}],"wp:term":[{"taxonomy":"product_brand","embeddable":true,"href":"https:\/\/dacarcomercial.com\/fr\/wp-json\/wp\/v2\/product_brand?post=55479"},{"taxonomy":"product_cat","embeddable":true,"href":"https:\/\/dacarcomercial.com\/fr\/wp-json\/wp\/v2\/product_cat?post=55479"},{"taxonomy":"product_tag","embeddable":true,"href":"https:\/\/dacarcomercial.com\/fr\/wp-json\/wp\/v2\/product_tag?post=55479"}],"curies":[{"name":"wp","href":"https:\/\/api.w.org\/{rel}","templated":true}]}}