{"id":55480,"date":"2026-04-07T12:53:57","date_gmt":"2026-04-07T10:53:57","guid":{"rendered":"https:\/\/dacarcomercial.com\/producto\/chaqueta-de-soldador-cuero-oro-con-algodon-ignifugo-en-espalda\/"},"modified":"2026-04-20T09:37:09","modified_gmt":"2026-04-20T07:37:09","slug":"chaqueta-de-soldador-cuero-oro-con-algodon-ignifugo-en-espalda","status":"publish","type":"product","link":"https:\/\/dacarcomercial.com\/fr\/producto\/chaqueta-de-soldador-cuero-oro-con-algodon-ignifugo-en-espalda\/","title":{"rendered":"Chaqueta de soldador cuero oro con algod\u00f3n ign\u00edfugo en espalda"},"content":{"rendered":"<p data-start=\"561\" data-end=\"844\">Cette veste de soudeur en cuir est une vraie r\u00e9ussite : elle prot\u00e8ge efficacement tout en vous permettant de travailler plus confortablement, sans \u00e9touffer de chaleur \u00e0 l\u2019int\u00e9rieur.<\/p>\n<p data-start=\"846\" data-end=\"1294\">Le devant en cuir agit comme un v\u00e9ritable bouclier contre les \u00e9tincelles, les projections et la chaleur, et sa conception est en plus particuli\u00e8rement soign\u00e9e : fermeture par velcro et boutons pour un ajustement rapide, ainsi qu\u2019un rabat de protection qui ajoute une couche suppl\u00e9mentaire pr\u00e9cis\u00e9ment l\u00e0 o\u00f9 le v\u00eatement est le plus expos\u00e9. Et pour \u00e9viter l\u2019effet armure \u00e9touffante, le dos est en coton ignifuge noir, ce qui am\u00e9liore la ventilation et le confort pendant les longues journ\u00e9es de travail ou dans les environnements chauds. <\/p>\n<p data-start=\"1296\" data-end=\"1493\">Autre d\u00e9tail qui fait la diff\u00e9rence : les coutures en fil Kevlar r\u00e9sistent mieux aux contraintes et \u00e0 un usage intensif, pour que la veste ne rende pas l\u2019\u00e2me avant vous.<\/p>\n<p data-start=\"1495\" data-end=\"1731\">Conforme \u00e0 la norme EN 11611:2015, ce n\u2019est pas simplement \u00ab une veste r\u00e9sistante \u00bb, c\u2019est une veste sp\u00e9cialement con\u00e7ue pour le soudage. Disponible en tailles M, L, XL, XXL et XXXL, afin de garantir un ajustement adapt\u00e9 et une bonne libert\u00e9 de mouvement. <\/p>\n","protected":false},"excerpt":{"rendered":"<p>Veste de soudeur en cuir couleur or avec dos en coton ignifuge noir pour une meilleure ventilation. Certification EN 11611:2015. Fermeture frontale par velcro et boutons, avec rabat de protection. Coutures en fil Kevlar. <\/p>\n<p>Disponible en tailles : M, L, XL, XXL, XXXL.<\/p>\n","protected":false},"featured_media":54579,"template":"","meta":{"site-sidebar-layout":"default","site-content-layout":"","ast-site-content-layout":"default","site-content-style":"default","site-sidebar-style":"default","ast-global-header-display":"","ast-banner-title-visibility":"","ast-main-header-display":"","ast-hfb-above-header-display":"","ast-hfb-below-header-display":"","ast-hfb-mobile-header-display":"","site-post-title":"","ast-breadcrumbs-content":"","ast-featured-img":"","footer-sml-layout":"","ast-disable-related-posts":"","theme-transparent-header-meta":"default","adv-header-id-meta":"","stick-header-meta":"default","header-above-stick-meta":"","header-main-stick-meta":"","header-below-stick-meta":"","astra-migrate-meta-layouts":"default","ast-page-background-enabled":"default","ast-page-background-meta":{"desktop":{"background-color":"","background-image":"","background-repeat":"repeat","background-position":"center center","background-size":"auto","background-attachment":"scroll","background-type":"","background-media":"","overlay-type":"","overlay-color":"","overlay-opacity":"","overlay-gradient":""},"tablet":{"background-color":"","background-image":"","background-repeat":"repeat","background-position":"center center","background-size":"auto","background-attachment":"scroll","background-type":"","background-media":"","overlay-type":"","overlay-color":"","overlay-opacity":"","overlay-gradient":""},"mobile":{"background-color":"","background-image":"","background-repeat":"repeat","background-position":"center center","background-size":"auto","background-attachment":"scroll","background-type":"","background-media":"","overlay-type":"","overlay-color":"","overlay-opacity":"","overlay-gradient":""}},"ast-content-background-meta":{"desktop":{"background-color":"var(--ast-global-color-5)","background-image":"","background-repeat":"repeat","background-position":"center center","background-size":"auto","background-attachment":"scroll","background-type":"","background-media":"","overlay-type":"","overlay-color":"","overlay-opacity":"","overlay-gradient":""},"tablet":{"background-color":"var(--ast-global-color-5)","background-image":"","background-repeat":"repeat","background-position":"center center","background-size":"auto","background-attachment":"scroll","background-type":"","background-media":"","overlay-type":"","overlay-color":"","overlay-opacity":"","overlay-gradient":""},"mobile":{"background-color":"var(--ast-global-color-5)","background-image":"","background-repeat":"repeat","background-position":"center center","background-size":"auto","background-attachment":"scroll","background-type":"","background-media":"","overlay-type":"","overlay-color":"","overlay-opacity":"","overlay-gradient":""}}},"product_brand":[],"product_cat":[932,931,1755],"product_tag":[],"class_list":{"0":"post-55480","1":"product","2":"type-product","3":"status-publish","4":"has-post-thumbnail","6":"product_cat-soudeur","7":"product_cat-vetements-de-protection","8":"product_cat-vetements-pour-soudeur","9":"desktop-align-left","10":"tablet-align-left","11":"mobile-align-left","12":"ast-product-gallery-layout-horizontal-slider","13":"ast-product-gallery-with-no-image","14":"ast-product-single-variable","15":"ast-product-tabs-layout-horizontal","17":"first","18":"instock","19":"taxable","20":"shipping-taxable","21":"purchasable","22":"product-type-variable"},"_links":{"self":[{"href":"https:\/\/dacarcomercial.com\/fr\/wp-json\/wp\/v2\/product\/55480","targetHints":{"allow":["GET"]}}],"collection":[{"href":"https:\/\/dacarcomercial.com\/fr\/wp-json\/wp\/v2\/product"}],"about":[{"href":"https:\/\/dacarcomercial.com\/fr\/wp-json\/wp\/v2\/types\/product"}],"version-history":[{"count":0,"href":"https:\/\/dacarcomercial.com\/fr\/wp-json\/wp\/v2\/product\/55480\/revisions"}],"wp:featuredmedia":[{"embeddable":true,"href":"https:\/\/dacarcomercial.com\/fr\/wp-json\/wp\/v2\/media\/54579"}],"wp:attachment":[{"href":"https:\/\/dacarcomercial.com\/fr\/wp-json\/wp\/v2\/media?parent=55480"}],"wp:term":[{"taxonomy":"product_brand","embeddable":true,"href":"https:\/\/dacarcomercial.com\/fr\/wp-json\/wp\/v2\/product_brand?post=55480"},{"taxonomy":"product_cat","embeddable":true,"href":"https:\/\/dacarcomercial.com\/fr\/wp-json\/wp\/v2\/product_cat?post=55480"},{"taxonomy":"product_tag","embeddable":true,"href":"https:\/\/dacarcomercial.com\/fr\/wp-json\/wp\/v2\/product_tag?post=55480"}],"curies":[{"name":"wp","href":"https:\/\/api.w.org\/{rel}","templated":true}]}}