{"id":55494,"date":"2026-03-04T10:50:25","date_gmt":"2026-03-04T09:50:25","guid":{"rendered":"https:\/\/dacarcomercial.com\/producto\/masque-de-soudure-dc-1-boy\/"},"modified":"2026-04-20T10:53:01","modified_gmt":"2026-04-20T08:53:01","slug":"masque-de-soudure-dc-1-boy","status":"publish","type":"product","link":"https:\/\/dacarcomercial.com\/fr\/producto\/masque-de-soudure-dc-1-boy\/","title":{"rendered":"Masque de soudure DC-1 Boy"},"content":{"rendered":"<h2 data-start=\"528\" data-end=\"878\">Caract\u00e9ristiques du masque de soudure DC-1 Boy<\/h2>\n<p class=\"x_MsoNormal\"><span data-olk-copy-source=\"MessageBody\">Le masque de soudure DC-1 BOY allie protection, confort et une vision tr\u00e8s nette pour vous permettre de souder en toute s\u00e9curit\u00e9, sans vous fatiguer pr\u00e9matur\u00e9ment. Son poids r\u00e9duit, associ\u00e9 \u00e0 un serre-t\u00eate \u00e9quip\u00e9 du DRM et du DRP, vous assure un confort maximal avec la meilleure protection, pour une utilisation plus agr\u00e9able pendant les longues journ\u00e9es de travail. <\/span><\/p>\n<p class=\"x_MsoNormal\">Le c\u0153ur du masque est le filtre \u00e9lectronique ADF-BW142, avec LCD True Color et teinte claire gris 3, ce qui vous offre une vision plus naturelle de l\u2019environnement et de l\u2019arc. Il dispose d\u2019un \u00e9cran num\u00e9rique et d\u2019une double plage de teintes fonc\u00e9es (s\u00e9lection interne 5\u20138 et 9\u201313) au moyen de boutons internes, avec une utilisation intuitive pour s\u2019adapter \u00e0 diff\u00e9rents proc\u00e9d\u00e9s de soudage. Il permet \u00e9galement de r\u00e9gler en interne la sensibilit\u00e9 et le temps d\u2019\u00e9claircissement, afin d\u2019ajuster pr\u00e9cis\u00e9ment la r\u00e9action du filtre \u00e0 votre fa\u00e7on de travailler.  <\/p>\n<p class=\"x_MsoNormal\">Elle int\u00e8gre une fonction meulage, id\u00e9ale pour passer d\u2019une t\u00e2che \u00e0 l\u2019autre sans avoir \u00e0 retirer le masque. Son alimentation est solaire + 2 piles CR2032 rempla\u00e7ables, et gr\u00e2ce \u00e0 ses 4 capteurs, elle assure une d\u00e9tection fiable de l\u2019arc, m\u00eame dans des positions compliqu\u00e9es. <\/p>\n","protected":false},"excerpt":{"rendered":"<p>Masque de soudure DC-1 \u00e9quip\u00e9 du filtre \u00e9lectronique Boy :<\/p>\n<ul>\n<li class=\"x_MsoNormal\"><span data-olk-copy-source=\"MessageBody\">Teinte claire gris 3 (LCD true color)<\/span><\/li>\n<li class=\"x_MsoNormal\">\u00c9cran num\u00e9rique avec double plage de teintes fonc\u00e9es, avec boutons internes 5-8 et 9-13.<\/li>\n<li class=\"x_MsoNormal\">R\u00e9glage interne du temps d\u2019\u00e9claircissement \/ de la sensibilit\u00e9.<\/li>\n<li class=\"x_MsoNormal\">Fonction meulage.<\/li>\n<li class=\"x_MsoNormal\">4 capteurs.<\/li>\n<li class=\"x_MsoNormal\">Qualit\u00e9 optique 1\/1\/1\/1 (V1).<\/li>\n<li class=\"x_MsoNormal\">Champ de vision 92 x 42 mm.<\/li>\n<li class=\"x_MsoNormal\">Temps d\u2019obscurcissement : 0,04 ms.<\/li>\n<\/ul>\n","protected":false},"featured_media":54216,"template":"","meta":{"site-sidebar-layout":"default","site-content-layout":"","ast-site-content-layout":"default","site-content-style":"default","site-sidebar-style":"default","ast-global-header-display":"","ast-banner-title-visibility":"","ast-main-header-display":"","ast-hfb-above-header-display":"","ast-hfb-below-header-display":"","ast-hfb-mobile-header-display":"","site-post-title":"","ast-breadcrumbs-content":"","ast-featured-img":"","footer-sml-layout":"","ast-disable-related-posts":"","theme-transparent-header-meta":"default","adv-header-id-meta":"","stick-header-meta":"default","header-above-stick-meta":"","header-main-stick-meta":"","header-below-stick-meta":"","astra-migrate-meta-layouts":"default","ast-page-background-enabled":"default","ast-page-background-meta":{"desktop":{"background-color":"","background-image":"","background-repeat":"repeat","background-position":"center center","background-size":"auto","background-attachment":"scroll","background-type":"","background-media":"","overlay-type":"","overlay-color":"","overlay-opacity":"","overlay-gradient":""},"tablet":{"background-color":"","background-image":"","background-repeat":"repeat","background-position":"center center","background-size":"auto","background-attachment":"scroll","background-type":"","background-media":"","overlay-type":"","overlay-color":"","overlay-opacity":"","overlay-gradient":""},"mobile":{"background-color":"","background-image":"","background-repeat":"repeat","background-position":"center center","background-size":"auto","background-attachment":"scroll","background-type":"","background-media":"","overlay-type":"","overlay-color":"","overlay-opacity":"","overlay-gradient":""}},"ast-content-background-meta":{"desktop":{"background-color":"var(--ast-global-color-5)","background-image":"","background-repeat":"repeat","background-position":"center center","background-size":"auto","background-attachment":"scroll","background-type":"","background-media":"","overlay-type":"","overlay-color":"","overlay-opacity":"","overlay-gradient":""},"tablet":{"background-color":"var(--ast-global-color-5)","background-image":"","background-repeat":"repeat","background-position":"center center","background-size":"auto","background-attachment":"scroll","background-type":"","background-media":"","overlay-type":"","overlay-color":"","overlay-opacity":"","overlay-gradient":""},"mobile":{"background-color":"var(--ast-global-color-5)","background-image":"","background-repeat":"repeat","background-position":"center center","background-size":"auto","background-attachment":"scroll","background-type":"","background-media":"","overlay-type":"","overlay-color":"","overlay-opacity":"","overlay-gradient":""}}},"product_brand":[],"product_cat":[940,941,939],"product_tag":[],"class_list":{"0":"post-55494","1":"product","2":"type-product","3":"status-publish","4":"has-post-thumbnail","6":"product_cat-avec-filtres-electro-optiques","7":"product_cat-dc-1-2","8":"product_cat-masques-de-soudure","9":"desktop-align-left","10":"tablet-align-left","11":"mobile-align-left","12":"ast-product-gallery-layout-horizontal-slider","13":"ast-product-tabs-layout-horizontal","15":"first","16":"instock","17":"taxable","18":"shipping-taxable","19":"purchasable","20":"product-type-simple"},"_links":{"self":[{"href":"https:\/\/dacarcomercial.com\/fr\/wp-json\/wp\/v2\/product\/55494","targetHints":{"allow":["GET"]}}],"collection":[{"href":"https:\/\/dacarcomercial.com\/fr\/wp-json\/wp\/v2\/product"}],"about":[{"href":"https:\/\/dacarcomercial.com\/fr\/wp-json\/wp\/v2\/types\/product"}],"version-history":[{"count":0,"href":"https:\/\/dacarcomercial.com\/fr\/wp-json\/wp\/v2\/product\/55494\/revisions"}],"wp:featuredmedia":[{"embeddable":true,"href":"https:\/\/dacarcomercial.com\/fr\/wp-json\/wp\/v2\/media\/54216"}],"wp:attachment":[{"href":"https:\/\/dacarcomercial.com\/fr\/wp-json\/wp\/v2\/media?parent=55494"}],"wp:term":[{"taxonomy":"product_brand","embeddable":true,"href":"https:\/\/dacarcomercial.com\/fr\/wp-json\/wp\/v2\/product_brand?post=55494"},{"taxonomy":"product_cat","embeddable":true,"href":"https:\/\/dacarcomercial.com\/fr\/wp-json\/wp\/v2\/product_cat?post=55494"},{"taxonomy":"product_tag","embeddable":true,"href":"https:\/\/dacarcomercial.com\/fr\/wp-json\/wp\/v2\/product_tag?post=55494"}],"curies":[{"name":"wp","href":"https:\/\/api.w.org\/{rel}","templated":true}]}}