{"id":55496,"date":"2026-03-04T12:44:58","date_gmt":"2026-03-04T11:44:58","guid":{"rendered":"https:\/\/dacarcomercial.com\/producto\/masque-de-soudure-dc-2-boy\/"},"modified":"2026-04-20T11:55:35","modified_gmt":"2026-04-20T09:55:35","slug":"masque-de-soudure-dc-2-boy","status":"publish","type":"product","link":"https:\/\/dacarcomercial.com\/fr\/producto\/masque-de-soudure-dc-2-boy\/","title":{"rendered":"Masque de soudure DC-2 Boy"},"content":{"rendered":"<h2 data-start=\"1660\" data-end=\"1985\"><strong>Caract\u00e9ristiques du masque de soudure DC-2 Boy :<\/strong><\/h2>\n<p data-start=\"1660\" data-end=\"1985\">Le masque de soudure DC-2 BOY est con\u00e7u pour ceux qui recherchent un masque automatique fiable, confortable et offrant une vision claire. Sa finition noire avec cadre rouge lui donne un look tr\u00e8s soign\u00e9, et l\u2019ensemble est compl\u00e9t\u00e9 par un serre-t\u00eate DRM + DRP ainsi qu\u2019un bandeau de confort avec fermeture velcro, pour un ajustement stable et agr\u00e9able pendant le travail. <\/p>\n<p data-start=\"1987\" data-end=\"2328\">Elle est \u00e9quip\u00e9e d\u2019un filtre \u00e9lectronique BOY avec \u00e9cran num\u00e9rique et LCD True Color en teinte claire gris 3, ce qui am\u00e9liore la perception de l\u2019environnement et aide \u00e0 r\u00e9duire la fatigue visuelle. Elle permet de s\u00e9lectionner une double plage de teintes fonc\u00e9es au moyen de boutons internes : DIN 5\u20138 et DIN 9\u201313, afin de s\u2019adapter \u00e0 diff\u00e9rents proc\u00e9d\u00e9s de soudage. <\/p>\n<p data-start=\"2330\" data-end=\"2612\">De plus, vous pouvez r\u00e9gler en interne la sensibilit\u00e9 et le temps d\u2019\u00e9claircissement, afin d\u2019ajuster pr\u00e9cis\u00e9ment la r\u00e9ponse du filtre selon l\u2019\u00e9clairage ou le type de travail. Elle int\u00e8gre \u00e9galement une fonction meulage, id\u00e9ale pour alterner les t\u00e2ches sans avoir \u00e0 retirer le masque en permanence. <\/p>\n<p data-start=\"2614\" data-end=\"2935\">L\u2019alimentation combine une cellule solaire avec 2 piles CR2032 rempla\u00e7ables et, gr\u00e2ce \u00e0 ses 4 capteurs, elle offre une d\u00e9tection stable de l\u2019arc. Sur le plan visuel, elle se distingue par sa qualit\u00e9 optique 1\/1\/1\/1 (V1), un champ de vision de 92 \u00d7 42 mm et un temps d\u2019obscurcissement de 0,04 ms pour une protection imm\u00e9diate. <\/p>\n","protected":false},"excerpt":{"rendered":"<p>Masque de soudure DC-2 \u00e9quip\u00e9 du filtre \u00e9lectronique Boy :<\/p>\n<ul>\n<li>Teinte claire gris 3 (LCD true color)<\/li>\n<li>\u00c9cran num\u00e9rique avec double plage de teintes fonc\u00e9es, avec boutons internes 5-8 et 9-13.<\/li>\n<li>R\u00e9glage interne du temps d\u2019\u00e9claircissement \/ de la sensibilit\u00e9.<\/li>\n<li>Fonction meulage.<\/li>\n<li>4 capteurs.<\/li>\n<li>Qualit\u00e9 optique 1\/1\/1\/1 (V1).<\/li>\n<li>Champ de vision 92 x 42 mm.<\/li>\n<li>Temps d\u2019obscurcissement : 0,04 ms.<\/li>\n<\/ul>\n","protected":false},"featured_media":54230,"template":"","meta":{"site-sidebar-layout":"default","site-content-layout":"","ast-site-content-layout":"default","site-content-style":"default","site-sidebar-style":"default","ast-global-header-display":"","ast-banner-title-visibility":"","ast-main-header-display":"","ast-hfb-above-header-display":"","ast-hfb-below-header-display":"","ast-hfb-mobile-header-display":"","site-post-title":"","ast-breadcrumbs-content":"","ast-featured-img":"","footer-sml-layout":"","ast-disable-related-posts":"","theme-transparent-header-meta":"default","adv-header-id-meta":"","stick-header-meta":"default","header-above-stick-meta":"","header-main-stick-meta":"","header-below-stick-meta":"","astra-migrate-meta-layouts":"default","ast-page-background-enabled":"default","ast-page-background-meta":{"desktop":{"background-color":"","background-image":"","background-repeat":"repeat","background-position":"center center","background-size":"auto","background-attachment":"scroll","background-type":"","background-media":"","overlay-type":"","overlay-color":"","overlay-opacity":"","overlay-gradient":""},"tablet":{"background-color":"","background-image":"","background-repeat":"repeat","background-position":"center center","background-size":"auto","background-attachment":"scroll","background-type":"","background-media":"","overlay-type":"","overlay-color":"","overlay-opacity":"","overlay-gradient":""},"mobile":{"background-color":"","background-image":"","background-repeat":"repeat","background-position":"center center","background-size":"auto","background-attachment":"scroll","background-type":"","background-media":"","overlay-type":"","overlay-color":"","overlay-opacity":"","overlay-gradient":""}},"ast-content-background-meta":{"desktop":{"background-color":"var(--ast-global-color-5)","background-image":"","background-repeat":"repeat","background-position":"center center","background-size":"auto","background-attachment":"scroll","background-type":"","background-media":"","overlay-type":"","overlay-color":"","overlay-opacity":"","overlay-gradient":""},"tablet":{"background-color":"var(--ast-global-color-5)","background-image":"","background-repeat":"repeat","background-position":"center center","background-size":"auto","background-attachment":"scroll","background-type":"","background-media":"","overlay-type":"","overlay-color":"","overlay-opacity":"","overlay-gradient":""},"mobile":{"background-color":"var(--ast-global-color-5)","background-image":"","background-repeat":"repeat","background-position":"center center","background-size":"auto","background-attachment":"scroll","background-type":"","background-media":"","overlay-type":"","overlay-color":"","overlay-opacity":"","overlay-gradient":""}}},"product_brand":[],"product_cat":[940,942,939],"product_tag":[],"class_list":{"0":"post-55496","1":"product","2":"type-product","3":"status-publish","4":"has-post-thumbnail","6":"product_cat-avec-filtres-electro-optiques","7":"product_cat-dc-2-2","8":"product_cat-masques-de-soudure","9":"desktop-align-left","10":"tablet-align-left","11":"mobile-align-left","12":"ast-product-gallery-layout-horizontal-slider","13":"ast-product-tabs-layout-horizontal","15":"first","16":"instock","17":"taxable","18":"shipping-taxable","19":"purchasable","20":"product-type-simple"},"_links":{"self":[{"href":"https:\/\/dacarcomercial.com\/fr\/wp-json\/wp\/v2\/product\/55496","targetHints":{"allow":["GET"]}}],"collection":[{"href":"https:\/\/dacarcomercial.com\/fr\/wp-json\/wp\/v2\/product"}],"about":[{"href":"https:\/\/dacarcomercial.com\/fr\/wp-json\/wp\/v2\/types\/product"}],"version-history":[{"count":0,"href":"https:\/\/dacarcomercial.com\/fr\/wp-json\/wp\/v2\/product\/55496\/revisions"}],"wp:featuredmedia":[{"embeddable":true,"href":"https:\/\/dacarcomercial.com\/fr\/wp-json\/wp\/v2\/media\/54230"}],"wp:attachment":[{"href":"https:\/\/dacarcomercial.com\/fr\/wp-json\/wp\/v2\/media?parent=55496"}],"wp:term":[{"taxonomy":"product_brand","embeddable":true,"href":"https:\/\/dacarcomercial.com\/fr\/wp-json\/wp\/v2\/product_brand?post=55496"},{"taxonomy":"product_cat","embeddable":true,"href":"https:\/\/dacarcomercial.com\/fr\/wp-json\/wp\/v2\/product_cat?post=55496"},{"taxonomy":"product_tag","embeddable":true,"href":"https:\/\/dacarcomercial.com\/fr\/wp-json\/wp\/v2\/product_tag?post=55496"}],"curies":[{"name":"wp","href":"https:\/\/api.w.org\/{rel}","templated":true}]}}