{"id":55497,"date":"2026-03-13T10:55:47","date_gmt":"2026-03-13T09:55:47","guid":{"rendered":"https:\/\/dacarcomercial.com\/producto\/masque-de-soudure-x1maxi-avec-appareil-autonome-a6\/"},"modified":"2026-04-20T11:55:36","modified_gmt":"2026-04-20T09:55:36","slug":"masque-de-soudure-x1maxi-avec-appareil-autonome-a6","status":"publish","type":"product","link":"https:\/\/dacarcomercial.com\/fr\/producto\/masque-de-soudure-x1maxi-avec-appareil-autonome-a6\/","title":{"rendered":"Masque de soudure X1MAXI avec appareil autonome A6"},"content":{"rendered":"<p>Le ventilateur purificateur d\u2019air motoris\u00e9 A6 offre le plus haut niveau de protection respiratoire au soudeur. \u00c9quip\u00e9 d\u2019un filtre \u00e0 haute efficacit\u00e9 (plus de 99,99 % de filtration de toute particule), il fournit de l\u2019air propre \u00e0 l\u2019int\u00e9rieur du masque, cr\u00e9ant ainsi une surpression d\u2019air filtr\u00e9 qui emp\u00eache les fum\u00e9es de p\u00e9n\u00e9trer dans la zone respiratoire du soudeur. <\/p>\n<p>Avec 3 niveaux de d\u00e9bit d\u2019air (170 L\/min, 200 L\/min et 230 L\/min), il est \u00e9galement con\u00e7u pour offrir un confort d\u2019utilisation maximal, l\u2019op\u00e9rateur pouvant r\u00e9gler aussi bien la quantit\u00e9 que la r\u00e9partition de l\u2019air en fonction de la chaleur ressentie. L\u2019autonomie de l\u2019\u00e9quipement est de plus de 10 h (niveau minimum) \u00e0 plus de 6 h (niveau maximum), et son niveau sonore maximal est de 73 dB. <\/p>\n<p>Le A6 est \u00e9quip\u00e9 d\u2019alarmes sonores, visuelles et vibrantes qui avertissent l\u2019op\u00e9rateur lorsqu\u2019il faut changer le filtre ou recharger la batterie. En plus du filtre principal, le A6 est dot\u00e9 d\u2019un pr\u00e9filtre destin\u00e9 \u00e0 prolonger la dur\u00e9e de vie du filtre principal, ainsi que d\u2019un pare-\u00e9tincelles pour offrir le plus haut niveau de s\u00e9curit\u00e9 possible lors du soudage. <\/p>\n<p>Le masque X1 MAXI est \u00e9quip\u00e9 du filtre \u00e9lectronique P33MAXI-AMS+ avec un champ de vision XXL de 116 \u00d7 81 mm et la plus haute classe optique V1 (1\/1\/1\/1), offrant une vision nette et panoramique. Son \u00e9cran LCD int\u00e8gre la toute derni\u00e8re technologie True Color afin que le soudeur puisse contr\u00f4ler son bain de fusion sans aucune distorsion des couleurs. <\/p>\n<p>Les 4 capteurs d\u2019arc et 1 capteur de lumi\u00e8re ambiante int\u00e9gr\u00e9s, associ\u00e9s \u00e0 un temps d\u2019obscurcissement de 0,04 ms imperceptible pour l\u2019\u0153il humain, offrent une fiabilit\u00e9 maximale dans la d\u00e9tection de l\u2019arc de soudage, m\u00eame dans des positions d\u00e9favorables, tout en garantissant un confort visuel optimal. La teinte fonc\u00e9e peut \u00eatre r\u00e9gl\u00e9e du niveau 4 au 8 et du niveau 9 au 14, avec une progression par paliers de 0,5 teinte, au moyen de la commande externe Easy Control. <\/p>\n<p>Autre avantage : il int\u00e8gre la fonction AUTO de teinte, avec une plage allant de la teinte 7 \u00e0 la teinte 14, pouvant \u00eatre personnalis\u00e9e de -2 \u00e0 +2 teintes selon la sensibilit\u00e9 visuelle de chaque utilisateur, avec un r\u00e9glage par paliers de 0,1 teinte. Son temps d\u2019\u00e9claircissement est r\u00e9glable de 0,05 seconde \u00e0 2 secondes. <\/p>\n<p>Il dispose des nouvelles fonctions de confort visuel TRS et TACK, qui peuvent \u00eatre activ\u00e9es depuis l\u2019\u00e9cran num\u00e9rique interne du filtre, ainsi que de la fonction de teinte fonc\u00e9e permanente, qui peut \u00eatre activ\u00e9e \u00e0 l\u2019aide de la commande externe Easy Control.<\/p>\n<p>Sans aucun doute, l\u2019\u00e9quipement A6 avec le masque X1 MAXI est la meilleure option pour ceux qui recherchent une protection int\u00e9grale contre la lumi\u00e8re, les projections et les fum\u00e9es de soudage, avec un excellent rapport qualit\u00e9-prix.<\/p>\n","protected":false},"excerpt":{"rendered":"<p>Masque de soudure X1MAXI avec appareil autonome A6 (protection respiratoire motoris\u00e9e).<\/p>\n<p>Ensemble complet avec motoventilateur A6, filtre P R SL, pr\u00e9filtre et pare-\u00e9tincelles. Masque X1MAXI avec filtre \u00e9lectronique XXL et commande ext\u00e9rieure Smart Control. <\/p>\n<p>Comprend un tuyau d\u2019air avec gaine de protection, un d\u00e9bitm\u00e8tre, une batterie, un chargeur, une ceinture avec bretelles ainsi qu\u2019un sac de rangement\/transport.<\/p>\n<p>Certification CE EN 12941 TH3.<\/p>\n","protected":false},"featured_media":54289,"template":"","meta":{"site-sidebar-layout":"default","site-content-layout":"","ast-site-content-layout":"default","site-content-style":"default","site-sidebar-style":"default","ast-global-header-display":"","ast-banner-title-visibility":"","ast-main-header-display":"","ast-hfb-above-header-display":"","ast-hfb-below-header-display":"","ast-hfb-mobile-header-display":"","site-post-title":"","ast-breadcrumbs-content":"","ast-featured-img":"","footer-sml-layout":"","ast-disable-related-posts":"","theme-transparent-header-meta":"default","adv-header-id-meta":"","stick-header-meta":"default","header-above-stick-meta":"","header-main-stick-meta":"","header-below-stick-meta":"","astra-migrate-meta-layouts":"default","ast-page-background-enabled":"default","ast-page-background-meta":{"desktop":{"background-color":"","background-image":"","background-repeat":"repeat","background-position":"center center","background-size":"auto","background-attachment":"scroll","background-type":"","background-media":"","overlay-type":"","overlay-color":"","overlay-opacity":"","overlay-gradient":""},"tablet":{"background-color":"","background-image":"","background-repeat":"repeat","background-position":"center center","background-size":"auto","background-attachment":"scroll","background-type":"","background-media":"","overlay-type":"","overlay-color":"","overlay-opacity":"","overlay-gradient":""},"mobile":{"background-color":"","background-image":"","background-repeat":"repeat","background-position":"center center","background-size":"auto","background-attachment":"scroll","background-type":"","background-media":"","overlay-type":"","overlay-color":"","overlay-opacity":"","overlay-gradient":""}},"ast-content-background-meta":{"desktop":{"background-color":"var(--ast-global-color-5)","background-image":"","background-repeat":"repeat","background-position":"center center","background-size":"auto","background-attachment":"scroll","background-type":"","background-media":"","overlay-type":"","overlay-color":"","overlay-opacity":"","overlay-gradient":""},"tablet":{"background-color":"var(--ast-global-color-5)","background-image":"","background-repeat":"repeat","background-position":"center center","background-size":"auto","background-attachment":"scroll","background-type":"","background-media":"","overlay-type":"","overlay-color":"","overlay-opacity":"","overlay-gradient":""},"mobile":{"background-color":"var(--ast-global-color-5)","background-image":"","background-repeat":"repeat","background-position":"center center","background-size":"auto","background-attachment":"scroll","background-type":"","background-media":"","overlay-type":"","overlay-color":"","overlay-opacity":"","overlay-gradient":""}}},"product_brand":[],"product_cat":[2074,2066],"product_tag":[],"class_list":{"0":"post-55497","1":"product","2":"type-product","3":"status-publish","4":"has-post-thumbnail","6":"product_cat-a6","7":"product_cat-masques-de-soudage-avec-apport-dair","8":"desktop-align-left","9":"tablet-align-left","10":"mobile-align-left","11":"ast-product-gallery-layout-horizontal-slider","12":"ast-product-tabs-layout-horizontal","14":"first","15":"onbackorder","16":"taxable","17":"shipping-taxable","18":"purchasable","19":"product-type-simple"},"_links":{"self":[{"href":"https:\/\/dacarcomercial.com\/fr\/wp-json\/wp\/v2\/product\/55497","targetHints":{"allow":["GET"]}}],"collection":[{"href":"https:\/\/dacarcomercial.com\/fr\/wp-json\/wp\/v2\/product"}],"about":[{"href":"https:\/\/dacarcomercial.com\/fr\/wp-json\/wp\/v2\/types\/product"}],"version-history":[{"count":0,"href":"https:\/\/dacarcomercial.com\/fr\/wp-json\/wp\/v2\/product\/55497\/revisions"}],"wp:featuredmedia":[{"embeddable":true,"href":"https:\/\/dacarcomercial.com\/fr\/wp-json\/wp\/v2\/media\/54289"}],"wp:attachment":[{"href":"https:\/\/dacarcomercial.com\/fr\/wp-json\/wp\/v2\/media?parent=55497"}],"wp:term":[{"taxonomy":"product_brand","embeddable":true,"href":"https:\/\/dacarcomercial.com\/fr\/wp-json\/wp\/v2\/product_brand?post=55497"},{"taxonomy":"product_cat","embeddable":true,"href":"https:\/\/dacarcomercial.com\/fr\/wp-json\/wp\/v2\/product_cat?post=55497"},{"taxonomy":"product_tag","embeddable":true,"href":"https:\/\/dacarcomercial.com\/fr\/wp-json\/wp\/v2\/product_tag?post=55497"}],"curies":[{"name":"wp","href":"https:\/\/api.w.org\/{rel}","templated":true}]}}