{"id":55498,"date":"2026-03-16T10:16:35","date_gmt":"2026-03-16T09:16:35","guid":{"rendered":"https:\/\/dacarcomercial.com\/producto\/masque-de-soudure-f1maxi-avec-appareil-autonome-a6\/"},"modified":"2026-04-20T12:32:18","modified_gmt":"2026-04-20T10:32:18","slug":"masque-de-soudure-f1maxi-avec-appareil-autonome-a6","status":"publish","type":"product","link":"https:\/\/dacarcomercial.com\/fr\/producto\/masque-de-soudure-f1maxi-avec-appareil-autonome-a6\/","title":{"rendered":"Masque de soudure F1MAXI avec appareil autonome A6."},"content":{"rendered":"<p data-start=\"720\" data-end=\"972\">La F1MAXI avec appareil autonome A6 s\u2019adresse \u00e0 ceux qui prennent leur travail au s\u00e9rieux : vision large + air filtr\u00e9 + v\u00e9ritable confort.<\/p>\n<p data-start=\"974\" data-end=\"1258\">Ce pack int\u00e8gre le motoventilateur A6, qui envoie de l\u2019air filtr\u00e9 vers le masque afin que vous travailliez avec une sensation de respiration plus propre et plus constante. Et il le fait selon un standard \u00e9lev\u00e9 : CE EN 12941 TH3, con\u00e7u pour les environnements o\u00f9 la protection respiratoire n\u2019est pas optionnelle. <\/p>\n<p data-start=\"1260\" data-end=\"1670\">C\u00f4t\u00e9 vision, la F1MAXI est \u00e9quip\u00e9e d\u2019un filtre \u00e9lectronique XXL ainsi que d\u2019une fen\u00eatre relevable : c\u2019est tr\u00e8s pratique lorsque vous alternez les t\u00e2ches, devez contr\u00f4ler la pi\u00e8ce ou souhaitez vous d\u00e9placer dans l\u2019atelier sans perdre ce suppl\u00e9ment de confort. Et pour un travail plus fluide, elle inclut une t\u00e9l\u00e9commande, id\u00e9ale pour effectuer les r\u00e9glages sans avoir \u00e0 retirer vos gants ni perdre de temps. <\/p>\n<p data-start=\"1672\" data-end=\"1763\">Et comme un bon \u00e9quipement se remarque dans les d\u00e9tails, l\u2019ensemble est pr\u00eat pour une utilisation quotidienne :<\/p>\n<ul data-start=\"1764\" data-end=\"2136\">\n<li data-section-id=\"bl7227\" data-start=\"1764\" data-end=\"1868\">\n<p data-start=\"1766\" data-end=\"1868\">Filtre P R SL + pr\u00e9filtre + pare-\u00e9tincelles : syst\u00e8me de filtration complet pour le travail r\u00e9el.<\/p>\n<\/li>\n<li data-section-id=\"1f98dw5\" data-start=\"1869\" data-end=\"1944\">\n<p data-start=\"1871\" data-end=\"1944\">Tuyau d\u2019air avec gaine de protection : une meilleure r\u00e9sistance \u00e0 l\u2019usage industriel.<\/p>\n<\/li>\n<li data-section-id=\"1pajg77\" data-start=\"1945\" data-end=\"2015\">\n<p data-start=\"1947\" data-end=\"2015\">D\u00e9bitm\u00e8tre : contr\u00f4le rapide du d\u00e9bit pour travailler en toute tranquillit\u00e9.<\/p>\n<\/li>\n<li data-section-id=\"7ll7ky\" data-start=\"2016\" data-end=\"2136\">\n<p data-start=\"2018\" data-end=\"2136\">Batterie + chargeur, ceinture avec bretelles et sac de transport : tout est organis\u00e9, pratique et facile \u00e0 d\u00e9placer.<\/p>\n<\/li>\n<\/ul>\n","protected":false},"excerpt":{"rendered":"<p>Masque de soudure F1MAXI avec appareil autonome A6 (protection respiratoire motoris\u00e9e). <span style=\"font-size: 16px;\">Ensemble complet avec <\/span><strong style=\"font-size: 16px;\" data-start=\"273\" data-end=\"294\">motoventilateur A6<\/strong><span style=\"font-size: 16px;\">,  <\/span><strong style=\"font-size: 16px;\" data-start=\"296\" data-end=\"313\">filtre P R SL<\/strong><span style=\"font-size: 16px;\">,  <\/span><strong style=\"font-size: 16px;\" data-start=\"315\" data-end=\"329\">pre-filtre<\/strong><span style=\"font-size: 16px;\"> et <\/span><strong style=\"font-size: 16px;\" data-start=\"332\" data-end=\"358\">pare-\u00e9tincelles<\/strong><span style=\"font-size: 16px;\">.  <\/span><span style=\"font-size: 16px;\">Masque <\/span><strong style=\"font-size: 16px;\" data-start=\"367\" data-end=\"377\">F1MAXI<\/strong><span style=\"font-size: 16px;\"> avec <\/span><strong style=\"font-size: 16px;\" data-start=\"382\" data-end=\"428\">filtre \u00e9lectronique XXL avec fen\u00eatre relevable<\/strong><span style=\"font-size: 16px;\"> et <\/span><strong style=\"font-size: 16px;\" data-start=\"431\" data-end=\"452\">t\u00e9l\u00e9commande<\/strong><span style=\"font-size: 16px;\">.<\/span><\/p>\n<p>Comprend un tuyau d\u2019air avec gaine de protection, un d\u00e9bitm\u00e8tre, une batterie, un chargeur, une ceinture avec bretelles et un sac de transport.<\/p>\n<p>Certification CE EN 12941 TH3.<\/p>\n","protected":false},"featured_media":54310,"template":"","meta":{"site-sidebar-layout":"default","site-content-layout":"","ast-site-content-layout":"default","site-content-style":"default","site-sidebar-style":"default","ast-global-header-display":"","ast-banner-title-visibility":"","ast-main-header-display":"","ast-hfb-above-header-display":"","ast-hfb-below-header-display":"","ast-hfb-mobile-header-display":"","site-post-title":"","ast-breadcrumbs-content":"","ast-featured-img":"","footer-sml-layout":"","ast-disable-related-posts":"","theme-transparent-header-meta":"default","adv-header-id-meta":"","stick-header-meta":"default","header-above-stick-meta":"","header-main-stick-meta":"","header-below-stick-meta":"","astra-migrate-meta-layouts":"default","ast-page-background-enabled":"default","ast-page-background-meta":{"desktop":{"background-color":"","background-image":"","background-repeat":"repeat","background-position":"center center","background-size":"auto","background-attachment":"scroll","background-type":"","background-media":"","overlay-type":"","overlay-color":"","overlay-opacity":"","overlay-gradient":""},"tablet":{"background-color":"","background-image":"","background-repeat":"repeat","background-position":"center center","background-size":"auto","background-attachment":"scroll","background-type":"","background-media":"","overlay-type":"","overlay-color":"","overlay-opacity":"","overlay-gradient":""},"mobile":{"background-color":"","background-image":"","background-repeat":"repeat","background-position":"center center","background-size":"auto","background-attachment":"scroll","background-type":"","background-media":"","overlay-type":"","overlay-color":"","overlay-opacity":"","overlay-gradient":""}},"ast-content-background-meta":{"desktop":{"background-color":"var(--ast-global-color-5)","background-image":"","background-repeat":"repeat","background-position":"center center","background-size":"auto","background-attachment":"scroll","background-type":"","background-media":"","overlay-type":"","overlay-color":"","overlay-opacity":"","overlay-gradient":""},"tablet":{"background-color":"var(--ast-global-color-5)","background-image":"","background-repeat":"repeat","background-position":"center center","background-size":"auto","background-attachment":"scroll","background-type":"","background-media":"","overlay-type":"","overlay-color":"","overlay-opacity":"","overlay-gradient":""},"mobile":{"background-color":"var(--ast-global-color-5)","background-image":"","background-repeat":"repeat","background-position":"center center","background-size":"auto","background-attachment":"scroll","background-type":"","background-media":"","overlay-type":"","overlay-color":"","overlay-opacity":"","overlay-gradient":""}}},"product_brand":[],"product_cat":[2074,2066],"product_tag":[],"class_list":{"0":"post-55498","1":"product","2":"type-product","3":"status-publish","4":"has-post-thumbnail","6":"product_cat-a6","7":"product_cat-masques-de-soudage-avec-apport-dair","8":"desktop-align-left","9":"tablet-align-left","10":"mobile-align-left","11":"ast-product-gallery-layout-horizontal-slider","12":"ast-product-tabs-layout-horizontal","14":"first","15":"onbackorder","16":"taxable","17":"shipping-taxable","18":"purchasable","19":"product-type-simple"},"_links":{"self":[{"href":"https:\/\/dacarcomercial.com\/fr\/wp-json\/wp\/v2\/product\/55498","targetHints":{"allow":["GET"]}}],"collection":[{"href":"https:\/\/dacarcomercial.com\/fr\/wp-json\/wp\/v2\/product"}],"about":[{"href":"https:\/\/dacarcomercial.com\/fr\/wp-json\/wp\/v2\/types\/product"}],"version-history":[{"count":0,"href":"https:\/\/dacarcomercial.com\/fr\/wp-json\/wp\/v2\/product\/55498\/revisions"}],"wp:featuredmedia":[{"embeddable":true,"href":"https:\/\/dacarcomercial.com\/fr\/wp-json\/wp\/v2\/media\/54310"}],"wp:attachment":[{"href":"https:\/\/dacarcomercial.com\/fr\/wp-json\/wp\/v2\/media?parent=55498"}],"wp:term":[{"taxonomy":"product_brand","embeddable":true,"href":"https:\/\/dacarcomercial.com\/fr\/wp-json\/wp\/v2\/product_brand?post=55498"},{"taxonomy":"product_cat","embeddable":true,"href":"https:\/\/dacarcomercial.com\/fr\/wp-json\/wp\/v2\/product_cat?post=55498"},{"taxonomy":"product_tag","embeddable":true,"href":"https:\/\/dacarcomercial.com\/fr\/wp-json\/wp\/v2\/product_tag?post=55498"}],"curies":[{"name":"wp","href":"https:\/\/api.w.org\/{rel}","templated":true}]}}