{"id":55499,"date":"2026-03-27T09:50:14","date_gmt":"2026-03-27T08:50:14","guid":{"rendered":"https:\/\/dacarcomercial.com\/producto\/masque-de-soudure-dc-4-boy\/"},"modified":"2026-04-20T12:49:02","modified_gmt":"2026-04-20T10:49:02","slug":"masque-de-soudure-dc-4-boy","status":"publish","type":"product","link":"https:\/\/dacarcomercial.com\/fr\/producto\/masque-de-soudure-dc-4-boy\/","title":{"rendered":"Masque de soudure DC-4 Boy"},"content":{"rendered":"<p data-start=\"741\" data-end=\"951\">La DC-4 BOY vous offre plus de visibilit\u00e9, plus de contr\u00f4le et davantage de confort tout au long de la journ\u00e9e.<\/p>\n<p data-start=\"953\" data-end=\"1244\">Son point fort est \u00e9vident : un \u00e9cran XXL de 100 \u00d7 80 mm. Cela signifie que vous voyez davantage sans avoir \u00e0 bouger sans cesse la t\u00eate, vous contr\u00f4lez mieux le cordon, la pi\u00e8ce et l\u2019environnement, et vous travaillez avec une sensation bien plus fluide. Si vous soudez au quotidien, la diff\u00e9rence se ressent d\u00e8s la premi\u00e8re minute.  <\/p>\n<p data-start=\"1246\" data-end=\"1694\">Au niveau du filtre, il est \u00e9quip\u00e9 du Grand Boy (ADF-BW148) avec True Color (teinte claire 3), pour une vision plus naturelle de l\u2019environnement et une fatigue visuelle r\u00e9duite. Et lorsque l\u2019arc s\u2019allume, il r\u00e9agit rapidement : 0,04 ms d\u2019obscurcissement et 4 capteurs pour une d\u00e9tection fiable. En plus, vous disposez d\u2019une double plage DIN 5\u20138 \/ 9\u201313 ainsi que de r\u00e9glages internes de la sensibilit\u00e9 et du temps d\u2019\u00e9claircissement, afin d\u2019ajuster parfaitement le masque \u00e0 votre fa\u00e7on de travailler.  <\/p>\n<p data-start=\"1696\" data-end=\"1963\">Avec le mode meulage, vous ne perdez pas de temps et n\u2019avez pas \u00e0 retirer le masque sans arr\u00eat. Et c\u00f4t\u00e9 confort, serre-t\u00eate DRM + DRP + bandeau avec velcro pour un ajustement ferme, stable et confortable, m\u00eame lors des longues sessions. <\/p>\n","protected":false},"excerpt":{"rendered":"<p data-start=\"154\" data-end=\"677\">Masque de soudure DC-4 BOY avec filtre \u00e9lectronique Grand Boy (ADF-BW148) : True Color avec teinte claire gris 3, \u00e9cran num\u00e9rique, double plage DIN 5\u20138 \/ 9\u201313 (boutons internes), r\u00e9glage interne de la sensibilit\u00e9 et du temps d\u2019\u00e9claircissement, mode meulage.<\/p>\n<p data-start=\"154\" data-end=\"677\">Alimentation solaire + 1 pile CR2450 rempla\u00e7able. 4 capteurs. Qualit\u00e9 optique 1\/1\/1\/1 (V1). Champ de vision 100 \u00d7 80 mm. Temps d\u2019obscurcissement : 0,04 ms.  <\/p>\n<p data-start=\"154\" data-end=\"677\">Masque de soudure avec cadre noir, serre-t\u00eate DRM + DRP et bandeau avec fermeture velcro.<\/p>\n","protected":false},"featured_media":54488,"template":"","meta":{"site-sidebar-layout":"default","site-content-layout":"","ast-site-content-layout":"default","site-content-style":"default","site-sidebar-style":"default","ast-global-header-display":"","ast-banner-title-visibility":"","ast-main-header-display":"","ast-hfb-above-header-display":"","ast-hfb-below-header-display":"","ast-hfb-mobile-header-display":"","site-post-title":"","ast-breadcrumbs-content":"","ast-featured-img":"","footer-sml-layout":"","ast-disable-related-posts":"","theme-transparent-header-meta":"default","adv-header-id-meta":"","stick-header-meta":"default","header-above-stick-meta":"","header-main-stick-meta":"","header-below-stick-meta":"","astra-migrate-meta-layouts":"default","ast-page-background-enabled":"default","ast-page-background-meta":{"desktop":{"background-color":"","background-image":"","background-repeat":"repeat","background-position":"center center","background-size":"auto","background-attachment":"scroll","background-type":"","background-media":"","overlay-type":"","overlay-color":"","overlay-opacity":"","overlay-gradient":""},"tablet":{"background-color":"","background-image":"","background-repeat":"repeat","background-position":"center center","background-size":"auto","background-attachment":"scroll","background-type":"","background-media":"","overlay-type":"","overlay-color":"","overlay-opacity":"","overlay-gradient":""},"mobile":{"background-color":"","background-image":"","background-repeat":"repeat","background-position":"center center","background-size":"auto","background-attachment":"scroll","background-type":"","background-media":"","overlay-type":"","overlay-color":"","overlay-opacity":"","overlay-gradient":""}},"ast-content-background-meta":{"desktop":{"background-color":"var(--ast-global-color-5)","background-image":"","background-repeat":"repeat","background-position":"center center","background-size":"auto","background-attachment":"scroll","background-type":"","background-media":"","overlay-type":"","overlay-color":"","overlay-opacity":"","overlay-gradient":""},"tablet":{"background-color":"var(--ast-global-color-5)","background-image":"","background-repeat":"repeat","background-position":"center center","background-size":"auto","background-attachment":"scroll","background-type":"","background-media":"","overlay-type":"","overlay-color":"","overlay-opacity":"","overlay-gradient":""},"mobile":{"background-color":"var(--ast-global-color-5)","background-image":"","background-repeat":"repeat","background-position":"center center","background-size":"auto","background-attachment":"scroll","background-type":"","background-media":"","overlay-type":"","overlay-color":"","overlay-opacity":"","overlay-gradient":""}}},"product_brand":[],"product_cat":[940,945,939],"product_tag":[],"class_list":{"0":"post-55499","1":"product","2":"type-product","3":"status-publish","4":"has-post-thumbnail","6":"product_cat-avec-filtres-electro-optiques","7":"product_cat-dc-4-2","8":"product_cat-masques-de-soudure","9":"desktop-align-left","10":"tablet-align-left","11":"mobile-align-left","12":"ast-product-gallery-layout-horizontal-slider","13":"ast-product-gallery-with-no-image","14":"ast-product-tabs-layout-horizontal","16":"first","17":"instock","18":"taxable","19":"shipping-taxable","20":"purchasable","21":"product-type-simple"},"_links":{"self":[{"href":"https:\/\/dacarcomercial.com\/fr\/wp-json\/wp\/v2\/product\/55499","targetHints":{"allow":["GET"]}}],"collection":[{"href":"https:\/\/dacarcomercial.com\/fr\/wp-json\/wp\/v2\/product"}],"about":[{"href":"https:\/\/dacarcomercial.com\/fr\/wp-json\/wp\/v2\/types\/product"}],"version-history":[{"count":0,"href":"https:\/\/dacarcomercial.com\/fr\/wp-json\/wp\/v2\/product\/55499\/revisions"}],"wp:featuredmedia":[{"embeddable":true,"href":"https:\/\/dacarcomercial.com\/fr\/wp-json\/wp\/v2\/media\/54488"}],"wp:attachment":[{"href":"https:\/\/dacarcomercial.com\/fr\/wp-json\/wp\/v2\/media?parent=55499"}],"wp:term":[{"taxonomy":"product_brand","embeddable":true,"href":"https:\/\/dacarcomercial.com\/fr\/wp-json\/wp\/v2\/product_brand?post=55499"},{"taxonomy":"product_cat","embeddable":true,"href":"https:\/\/dacarcomercial.com\/fr\/wp-json\/wp\/v2\/product_cat?post=55499"},{"taxonomy":"product_tag","embeddable":true,"href":"https:\/\/dacarcomercial.com\/fr\/wp-json\/wp\/v2\/product_tag?post=55499"}],"curies":[{"name":"wp","href":"https:\/\/api.w.org\/{rel}","templated":true}]}}