{"id":55500,"date":"2026-03-27T09:41:23","date_gmt":"2026-03-27T08:41:23","guid":{"rendered":"https:\/\/dacarcomercial.com\/producto\/masque-de-soudure-dc-2-ultra-clear\/"},"modified":"2026-04-20T12:52:32","modified_gmt":"2026-04-20T10:52:32","slug":"masque-de-soudure-dc-2-ultra-clear","status":"publish","type":"product","link":"https:\/\/dacarcomercial.com\/fr\/producto\/masque-de-soudure-dc-2-ultra-clear\/","title":{"rendered":"Masque de soudure DC-2 Ultra Clear"},"content":{"rendered":"<p data-start=\"927\" data-end=\"1417\">Nouvelle DC-2 Ultra Clear 2.0 : son filtre Ultra Clear 2.0 (ADF U60) avec True Color et teinte claire 2.0 offre une vision de l\u2019environnement plus nette, plus naturelle et avec beaucoup moins d\u2019\u00ab effet tunnel \u00bb. R\u00e9sultat : moins de fatigue visuelle et plus de pr\u00e9cision, surtout lorsque vous travaillez pendant des heures ou sur des op\u00e9rations de finition. <\/p>\n<p data-start=\"1419\" data-end=\"1889\">Et lorsque l\u2019arc s\u2019allume, il r\u00e9agit comme il se doit : 0,04 ms d\u2019obscurcissement et 4 capteurs pour une d\u00e9tection rapide et stable. En plus, vous disposez d\u2019une plage variable DIN 5\u20138 \/ 9\u201313,5 avec r\u00e9glage num\u00e9rique interne, afin de l\u2019ajuster exactement selon vos pr\u00e9f\u00e9rences, le proc\u00e9d\u00e9 utilis\u00e9 et l\u2019intensit\u00e9 de travail. Vous pouvez \u00e9galement r\u00e9gler num\u00e9riquement la sensibilit\u00e9 et le temps d\u2019\u00e9claircissement (de 0,06 \u00e0 2 s), pour affiner le masque afin qu\u2019il s\u2019adapte \u00e0 vous, et non l\u2019inverse.  <\/p>\n<p data-start=\"1891\" data-end=\"2225\">La diff\u00e9rence se remarque aussi au niveau du champ de vision : 98 \u00d7 62 mm. Une surface de vision plus large signifie davantage de contr\u00f4le, sans avoir \u00e0 bouger la t\u00eate dans tous les sens. Et pour le travail quotidien en atelier, la fonction meulage externe est un vrai plus : vous passez du soudage \u00e0 la pr\u00e9paration de la pi\u00e8ce sans perdre de temps ni devoir retirer le masque sans arr\u00eat.  <\/p>\n<p data-start=\"2227\" data-end=\"2500\">Masque de soudure tr\u00e8s confortable, gr\u00e2ce au serre-t\u00eate DRM + DRP et au bandeau avec velcro pour un ajustement ferme et confortable. Finitions m\u00e9tallis\u00e9es disponibles en plusieurs couleurs (Bleu, Bronze, Blanc, Jaune, Vert et Rouge). <\/p>\n<p data-start=\"2502\" data-end=\"2673\">Un plus pour les travaux de pr\u00e9cision : il int\u00e8gre les fonctions TACK et STEP, con\u00e7ues pour vous aider lors des pointages et des cordons contr\u00f4l\u00e9s lorsque vous avez besoin de pr\u00e9cision et de r\u00e9p\u00e9tabilit\u00e9.<\/p>\n","protected":false},"excerpt":{"rendered":"<p>Masque de soudure DC-2 Ultra Clear 2.0 avec finition m\u00e9tallis\u00e9e : Bleu (A), Bronze (B), Blanc (W), Jaune (J), Vert (V) et Rouge (R). Cadre noir, serre-t\u00eate DRM + DRP et bandeau avec fermeture velcro. Filtre \u00e9lectronique Ultra Clear 2.0 (ADF U60) : True Color avec teinte claire gris 2.0, teinte fonc\u00e9e variable DIN 5\u20138 \/ 9\u201313,5 avec r\u00e9glage num\u00e9rique interne. R\u00e9glage num\u00e9rique interne de la sensibilit\u00e9 et du temps d\u2019\u00e9claircissement (0,06\u20132 s). Fonction meulage externe. Alimentation solaire + 1 pile CR2450 rempla\u00e7able. 4 capteurs. Qualit\u00e9 optique 1\/1\/1\/2. Champ de vision 98 \u00d7 62 mm. Fonctions TACK et STEP. Temps d\u2019obscurcissement : 0,04 ms.         <\/p>\n","protected":false},"featured_media":54460,"template":"","meta":{"site-sidebar-layout":"default","site-content-layout":"","ast-site-content-layout":"default","site-content-style":"default","site-sidebar-style":"default","ast-global-header-display":"","ast-banner-title-visibility":"","ast-main-header-display":"","ast-hfb-above-header-display":"","ast-hfb-below-header-display":"","ast-hfb-mobile-header-display":"","site-post-title":"","ast-breadcrumbs-content":"","ast-featured-img":"","footer-sml-layout":"","ast-disable-related-posts":"","theme-transparent-header-meta":"default","adv-header-id-meta":"","stick-header-meta":"default","header-above-stick-meta":"","header-main-stick-meta":"","header-below-stick-meta":"","astra-migrate-meta-layouts":"default","ast-page-background-enabled":"default","ast-page-background-meta":{"desktop":{"background-color":"","background-image":"","background-repeat":"repeat","background-position":"center center","background-size":"auto","background-attachment":"scroll","background-type":"","background-media":"","overlay-type":"","overlay-color":"","overlay-opacity":"","overlay-gradient":""},"tablet":{"background-color":"","background-image":"","background-repeat":"repeat","background-position":"center center","background-size":"auto","background-attachment":"scroll","background-type":"","background-media":"","overlay-type":"","overlay-color":"","overlay-opacity":"","overlay-gradient":""},"mobile":{"background-color":"","background-image":"","background-repeat":"repeat","background-position":"center center","background-size":"auto","background-attachment":"scroll","background-type":"","background-media":"","overlay-type":"","overlay-color":"","overlay-opacity":"","overlay-gradient":""}},"ast-content-background-meta":{"desktop":{"background-color":"var(--ast-global-color-5)","background-image":"","background-repeat":"repeat","background-position":"center center","background-size":"auto","background-attachment":"scroll","background-type":"","background-media":"","overlay-type":"","overlay-color":"","overlay-opacity":"","overlay-gradient":""},"tablet":{"background-color":"var(--ast-global-color-5)","background-image":"","background-repeat":"repeat","background-position":"center center","background-size":"auto","background-attachment":"scroll","background-type":"","background-media":"","overlay-type":"","overlay-color":"","overlay-opacity":"","overlay-gradient":""},"mobile":{"background-color":"var(--ast-global-color-5)","background-image":"","background-repeat":"repeat","background-position":"center center","background-size":"auto","background-attachment":"scroll","background-type":"","background-media":"","overlay-type":"","overlay-color":"","overlay-opacity":"","overlay-gradient":""}}},"product_brand":[],"product_cat":[940,942,939],"product_tag":[],"class_list":{"0":"post-55500","1":"product","2":"type-product","3":"status-publish","4":"has-post-thumbnail","6":"product_cat-avec-filtres-electro-optiques","7":"product_cat-dc-2-2","8":"product_cat-masques-de-soudure","9":"desktop-align-left","10":"tablet-align-left","11":"mobile-align-left","12":"ast-product-gallery-layout-horizontal-slider","13":"ast-product-gallery-with-no-image","14":"ast-product-single-variable","15":"ast-product-tabs-layout-horizontal","17":"first","18":"instock","19":"taxable","20":"shipping-taxable","21":"purchasable","22":"product-type-variable"},"_links":{"self":[{"href":"https:\/\/dacarcomercial.com\/fr\/wp-json\/wp\/v2\/product\/55500","targetHints":{"allow":["GET"]}}],"collection":[{"href":"https:\/\/dacarcomercial.com\/fr\/wp-json\/wp\/v2\/product"}],"about":[{"href":"https:\/\/dacarcomercial.com\/fr\/wp-json\/wp\/v2\/types\/product"}],"version-history":[{"count":0,"href":"https:\/\/dacarcomercial.com\/fr\/wp-json\/wp\/v2\/product\/55500\/revisions"}],"wp:featuredmedia":[{"embeddable":true,"href":"https:\/\/dacarcomercial.com\/fr\/wp-json\/wp\/v2\/media\/54460"}],"wp:attachment":[{"href":"https:\/\/dacarcomercial.com\/fr\/wp-json\/wp\/v2\/media?parent=55500"}],"wp:term":[{"taxonomy":"product_brand","embeddable":true,"href":"https:\/\/dacarcomercial.com\/fr\/wp-json\/wp\/v2\/product_brand?post=55500"},{"taxonomy":"product_cat","embeddable":true,"href":"https:\/\/dacarcomercial.com\/fr\/wp-json\/wp\/v2\/product_cat?post=55500"},{"taxonomy":"product_tag","embeddable":true,"href":"https:\/\/dacarcomercial.com\/fr\/wp-json\/wp\/v2\/product_tag?post=55500"}],"curies":[{"name":"wp","href":"https:\/\/api.w.org\/{rel}","templated":true}]}}