{"id":55508,"date":"2026-01-16T13:32:29","date_gmt":"2026-01-16T12:32:29","guid":{"rendered":"https:\/\/dacarcomercial.com\/producto\/rideau-pour-soudage-laser\/"},"modified":"2026-04-20T13:19:27","modified_gmt":"2026-04-20T11:19:27","slug":"rideau-pour-soudage-laser","status":"publish","type":"product","link":"https:\/\/dacarcomercial.com\/fr\/producto\/rideau-pour-soudage-laser\/","title":{"rendered":"Rideau pour soudage laser"},"content":{"rendered":"<p data-start=\"746\" data-end=\"1165\">Le rideau pour soudage laser Defender Pro est con\u00e7u pour cr\u00e9er une barri\u00e8re de s\u00e9curit\u00e9 autour des zones de travail au laser, contribuant \u00e0 prot\u00e9ger les personnes pr\u00e9sentes autour du poste du soudeur contre les rayonnements. Sa conception de couleur noire et son mat\u00e9riau composite avec rev\u00eatement sp\u00e9cifique offrent des performances robustes pour les environnements industriels exigeants. <\/p>\n<p data-start=\"746\" data-end=\"1165\">Il comprend 7 \u0153illets renforc\u00e9s dans la partie sup\u00e9rieure pour une installation rapide sur structure ou rail, des cha\u00eenes avec clips pour suspendre le panneau, ainsi que du velcro sur les c\u00f4t\u00e9s pour relier plusieurs rideaux et fermer les zones de travail de mani\u00e8re modulaire. De plus, il offre une faible r\u00e9flexion (&lt;4 %), ce qui contribue \u00e0 r\u00e9duire les reflets ind\u00e9sirables dans l\u2019environnement. <\/p>\n<p data-start=\"1513\" data-end=\"1977\">S\u00e9curit\u00e9 maximale : il est retardateur de flamme (NFPA 701:2023), auto-extinguible et ne produit pas de gouttes en fondant, ce qui am\u00e9liore la ma\u00eetrise des risques dans les ateliers et les lignes de production. Il dispose d\u2019une certification li\u00e9e \u00e0 la s\u00e9curit\u00e9 des machines (Directive 2006\/42\/CE) et est conforme aux normes d\u2019application IEC 60825-4 \/ CE-EN 60825-4 pour les syst\u00e8mes de protection contre les rayonnements laser. <\/p>\n<p data-start=\"1979\" data-end=\"2100\">Disponible en deux dimensions (largeur 1 500 mm), pour que vous puissiez choisir la hauteur qui s\u2019adapte le mieux \u00e0 votre cabine ou \u00e0 votre zone de soudage :<\/p>\n<ul data-start=\"2101\" data-end=\"2198\">\n<li data-start=\"2101\" data-end=\"2131\">\n<p data-start=\"2103\" data-end=\"2131\"><strong data-start=\"2103\" data-end=\"2114\">HE1520:<\/strong> 1500 \u00d7 2000 mm<\/p>\n<\/li>\n<li data-start=\"2132\" data-end=\"2198\">\n<p data-start=\"2134\" data-end=\"2198\"><strong data-start=\"2134\" data-end=\"2145\">HE1525:<\/strong> 1500 \u00d7 2500 mm<\/p>\n<\/li>\n<\/ul>\n<h2 data-start=\"2205\" data-end=\"2247\">Avantages cl\u00e9s du rideau pour soudage laser<\/h2>\n<ul data-start=\"2248\" data-end=\"3036\">\n<li data-start=\"2248\" data-end=\"2386\">\n<p data-start=\"2250\" data-end=\"2386\">Protection pour le soudage laser : con\u00e7ue pour prot\u00e9ger le personnel se trouvant autour du soudeur.<\/p>\n<\/li>\n<li data-start=\"2248\" data-end=\"2386\">Pour lasers de classe 4 : adapt\u00e9e \u00e0 tous les types de lasers et \u00e0 toutes les longueurs d\u2019onde.<\/li>\n<\/ul>\n<ul>\n<li data-start=\"2389\" data-end=\"2496\">Installation facile : 7 \u0153illets renforc\u00e9s sur la partie sup\u00e9rieure.<\/li>\n<\/ul>\n<ul data-start=\"2248\" data-end=\"3036\">\n<li data-start=\"2594\" data-end=\"2727\">\n<p data-start=\"2596\" data-end=\"2727\">Modulaire : velcro lat\u00e9ral pour relier plusieurs rideaux entre eux et \u00ab fermer \u00bb le p\u00e9rim\u00e8tre.<\/p>\n<\/li>\n<li data-start=\"2728\" data-end=\"2825\">\n<p data-start=\"2730\" data-end=\"2825\">Faible r\u00e9flexion (&lt;4 %) : r\u00e9duit les reflets au poste de travail.<\/p>\n<\/li>\n<li data-start=\"2826\" data-end=\"2938\">\n<p data-start=\"2828\" data-end=\"2938\">Retardateur de flamme et auto-extinguible : sans gouttes lors de la fusion.<\/p>\n<\/li>\n<li data-start=\"2939\" data-end=\"3036\">\n<p data-start=\"2941\" data-end=\"3036\">R\u00e9sistant : au vieillissement, \u00e0 la corrosion et \u00e0 l\u2019abrasion.<\/p>\n<\/li>\n<\/ul>\n","protected":false},"excerpt":{"rendered":"<p>Prot\u00e9gez le poste de travail contre les rayonnements du soudage laser avec le rideau Laser Defender Pro, con\u00e7u pour les lasers de classe 4. \u00c9quip\u00e9 de 7 \u0153illets renforc\u00e9s et d\u2019un velcro lat\u00e9ral permettant d\u2019assembler plusieurs rideaux entre eux. Faible r\u00e9flexion (&lt;4 %), retardateur de flamme et certifi\u00e9 selon CE\/EN 60825-4. <\/p>\n<p>Disponible en deux dimensions :<\/p>\n<ul>\n<li>Largeur 1 500 x hauteur 2 000 mm<\/li>\n<li>Largeur 1 500 x hauteur 2 500 mm<\/li>\n<\/ul>\n<p><em style=\"font-size: 16px;\">Les produits Dacar peuvent \u00eatre achet\u00e9s en ligne ou via notre r\u00e9seau de distributeurs. N\u00b4h\u00e9sitez pas \u00e0 nous consulter votre revendeur le plus proche!<\/em><\/p>\n","protected":false},"featured_media":53581,"template":"","meta":{"site-sidebar-layout":"default","site-content-layout":"","ast-site-content-layout":"default","site-content-style":"default","site-sidebar-style":"default","ast-global-header-display":"","ast-banner-title-visibility":"","ast-main-header-display":"","ast-hfb-above-header-display":"","ast-hfb-below-header-display":"","ast-hfb-mobile-header-display":"","site-post-title":"","ast-breadcrumbs-content":"","ast-featured-img":"","footer-sml-layout":"","ast-disable-related-posts":"","theme-transparent-header-meta":"default","adv-header-id-meta":"","stick-header-meta":"default","header-above-stick-meta":"","header-main-stick-meta":"","header-below-stick-meta":"","astra-migrate-meta-layouts":"default","ast-page-background-enabled":"default","ast-page-background-meta":{"desktop":{"background-color":"","background-image":"","background-repeat":"repeat","background-position":"center center","background-size":"auto","background-attachment":"scroll","background-type":"","background-media":"","overlay-type":"","overlay-color":"","overlay-opacity":"","overlay-gradient":""},"tablet":{"background-color":"","background-image":"","background-repeat":"repeat","background-position":"center center","background-size":"auto","background-attachment":"scroll","background-type":"","background-media":"","overlay-type":"","overlay-color":"","overlay-opacity":"","overlay-gradient":""},"mobile":{"background-color":"","background-image":"","background-repeat":"repeat","background-position":"center center","background-size":"auto","background-attachment":"scroll","background-type":"","background-media":"","overlay-type":"","overlay-color":"","overlay-opacity":"","overlay-gradient":""}},"ast-content-background-meta":{"desktop":{"background-color":"var(--ast-global-color-5)","background-image":"","background-repeat":"repeat","background-position":"center center","background-size":"auto","background-attachment":"scroll","background-type":"","background-media":"","overlay-type":"","overlay-color":"","overlay-opacity":"","overlay-gradient":""},"tablet":{"background-color":"var(--ast-global-color-5)","background-image":"","background-repeat":"repeat","background-position":"center center","background-size":"auto","background-attachment":"scroll","background-type":"","background-media":"","overlay-type":"","overlay-color":"","overlay-opacity":"","overlay-gradient":""},"mobile":{"background-color":"var(--ast-global-color-5)","background-image":"","background-repeat":"repeat","background-position":"center center","background-size":"auto","background-attachment":"scroll","background-type":"","background-media":"","overlay-type":"","overlay-color":"","overlay-opacity":"","overlay-gradient":""}}},"product_brand":[],"product_cat":[2044,937,935],"product_tag":[],"class_list":{"0":"post-55508","1":"product","2":"type-product","3":"status-publish","4":"has-post-thumbnail","6":"product_cat-protection-laser","7":"product_cat-rideaux-de-soudage","8":"product_cat-rideaux-lames-ecrans","9":"desktop-align-left","10":"tablet-align-left","11":"mobile-align-left","12":"ast-product-gallery-layout-horizontal-slider","13":"ast-product-single-variable","14":"ast-product-tabs-layout-horizontal","16":"first","17":"instock","18":"taxable","19":"shipping-taxable","20":"purchasable","21":"product-type-variable"},"_links":{"self":[{"href":"https:\/\/dacarcomercial.com\/fr\/wp-json\/wp\/v2\/product\/55508","targetHints":{"allow":["GET"]}}],"collection":[{"href":"https:\/\/dacarcomercial.com\/fr\/wp-json\/wp\/v2\/product"}],"about":[{"href":"https:\/\/dacarcomercial.com\/fr\/wp-json\/wp\/v2\/types\/product"}],"version-history":[{"count":0,"href":"https:\/\/dacarcomercial.com\/fr\/wp-json\/wp\/v2\/product\/55508\/revisions"}],"wp:featuredmedia":[{"embeddable":true,"href":"https:\/\/dacarcomercial.com\/fr\/wp-json\/wp\/v2\/media\/53581"}],"wp:attachment":[{"href":"https:\/\/dacarcomercial.com\/fr\/wp-json\/wp\/v2\/media?parent=55508"}],"wp:term":[{"taxonomy":"product_brand","embeddable":true,"href":"https:\/\/dacarcomercial.com\/fr\/wp-json\/wp\/v2\/product_brand?post=55508"},{"taxonomy":"product_cat","embeddable":true,"href":"https:\/\/dacarcomercial.com\/fr\/wp-json\/wp\/v2\/product_cat?post=55508"},{"taxonomy":"product_tag","embeddable":true,"href":"https:\/\/dacarcomercial.com\/fr\/wp-json\/wp\/v2\/product_tag?post=55508"}],"curies":[{"name":"wp","href":"https:\/\/api.w.org\/{rel}","templated":true}]}}