{"id":55512,"date":"2025-02-06T09:41:52","date_gmt":"2025-02-06T08:41:52","guid":{"rendered":"https:\/\/dacarcomercial.com\/producto\/navigator-gris-fonce\/"},"modified":"2026-04-20T13:32:45","modified_gmt":"2026-04-20T11:32:45","slug":"navigator-gris-fonce","status":"publish","type":"product","link":"https:\/\/dacarcomercial.com\/fr\/producto\/navigator-gris-fonce\/","title":{"rendered":"Navigator Gris Fonc\u00e9"},"content":{"rendered":"<p>Les lunettes de s\u00e9curit\u00e9 Navigator Gris Fonc\u00e9 sont le choix id\u00e9al pour ceux qui recherchent la meilleure protection oculaire sans sacrifier ni le style ni le confort. Con\u00e7ues pour r\u00e9pondre aux besoins des professionnels les plus exigeants, ces lunettes de s\u00e9curit\u00e9 se distinguent par leur design embl\u00e9matique et leurs hautes performances. <\/p>\n<p>Gr\u00e2ce \u00e0 leur verre solaire gris fonc\u00e9 (teinte 3.1), ces lunettes prot\u00e8gent non seulement contre les impacts, mais offrent \u00e9galement une protection efficace contre les rayonnements UV. Elles constituent ainsi l\u2019\u00e9quipement id\u00e9al pour les environnements de travail expos\u00e9s \u00e0 la lumi\u00e8re directe du soleil ou pour les activit\u00e9s en ext\u00e9rieur. <\/p>\n<p>L\u2019un des aspects qui distinguent les Navigator Gris Fonc\u00e9 est leur traitement anti-rayures et antibu\u00e9e Tecton 400, qui garantit une plus grande durabilit\u00e9 des verres et \u00e9vite leur formation de bu\u00e9e, m\u00eame dans des conditions d\u2019humidit\u00e9 ou de variations de temp\u00e9rature. Le traitement K&amp;N garantit que les verres conservent une vision nette et sans distorsion, ce qui am\u00e9liore la s\u00e9curit\u00e9 et le confort pendant les longues journ\u00e9es de travail. <\/p>\n<p>Les lunettes de s\u00e9curit\u00e9 Navigator Gris Fonc\u00e9 sont livr\u00e9es avec une housse en microfibre pour garder les verres propres et prot\u00e9g\u00e9s contre les rayures. Elles comprennent \u00e9galement un \u00e9tui, id\u00e9al pour un rangement et un transport en toute s\u00e9curit\u00e9. <\/p>\n","protected":false},"excerpt":{"rendered":"<p>Les lunettes de s\u00e9curit\u00e9 Navigator Gris Fonc\u00e9 sont con\u00e7ues pour offrir une protection maximale et un grand confort. Dot\u00e9es de verres de protection solaire gris fonc\u00e9 (teinte 3.1), elles assurent une r\u00e9sistance aux impacts et aux rayonnements UV. De plus, leur traitement anti-rayures et antibu\u00e9e Tecton 400 garantit une vision claire \u00e0 tout moment. Certifi\u00e9es selon la norme EN166:2001, ces lunettes r\u00e9pondent aux exigences les plus \u00e9lev\u00e9es en mati\u00e8re de protection oculaire, en offrant une barri\u00e8re fiable contre les impacts et autres risques potentiels dans l\u2019environnement de travail.   <\/p>\n<p>Comprend une housse en microfibre et un \u00e9tui pour un rangement en toute s\u00e9curit\u00e9.<\/p>\n<div class=\"elementor-element elementor-element-166c857 ob-has-background-overlay elementor-widget elementor-widget-woocommerce-product-short-description\" data-id=\"166c857\" data-element_type=\"widget\" data-settings=\"{\"_ob_widget_stalker_use\":\"no\",\"_ob_poopart_use\":\"yes\",\"_ob_shadough_use\":\"no\",\"_ob_allow_hoveranimator\":\"no\"}\" data-widget_type=\"woocommerce-product-short-description.default\">\n<div class=\"elementor-widget-container\">\n<div class=\"woocommerce-product-details__short-description\">\n<div class=\"elementor-element elementor-element-166c857 ob-has-background-overlay elementor-widget elementor-widget-woocommerce-product-short-description\" data-id=\"166c857\" data-element_type=\"widget\" data-settings=\"{\"_ob_perspektive_use\":\"no\",\"_ob_poopart_use\":\"yes\",\"_ob_shadough_use\":\"no\",\"_ob_allow_hoveranimator\":\"no\",\"_ob_widget_stalker_use\":\"no\"}\" data-widget_type=\"woocommerce-product-short-description.default\">\n<div class=\"elementor-widget-container\">\n<div class=\"woocommerce-product-details__short-description\">\n<p><em>Les produits Dacar peuvent \u00eatre achet\u00e9s en ligne ou via notre r\u00e9seau de distributeurs. N\u00b4h\u00e9sitez pas \u00e0 nous consulter votre revendeur le plus proche!<\/em><\/p>\n<\/div>\n<\/div>\n<\/div>\n<div class=\"elementor-element elementor-element-375c5fc ob-has-background-overlay elementor-widget elementor-widget-woocommerce-product-price\" data-id=\"375c5fc\" data-element_type=\"widget\" data-settings=\"{\"_ob_perspektive_use\":\"no\",\"_ob_poopart_use\":\"yes\",\"_ob_shadough_use\":\"no\",\"_ob_allow_hoveranimator\":\"no\",\"_ob_widget_stalker_use\":\"no\"}\" data-widget_type=\"woocommerce-product-price.default\">\n<div class=\"elementor-widget-container\"><\/div>\n<\/div>\n<\/div>\n<\/div>\n<\/div>\n<div class=\"elementor-element elementor-element-375c5fc ob-has-background-overlay elementor-widget elementor-widget-woocommerce-product-price\" data-id=\"375c5fc\" data-element_type=\"widget\" data-settings=\"{\"_ob_widget_stalker_use\":\"no\",\"_ob_poopart_use\":\"yes\",\"_ob_shadough_use\":\"no\",\"_ob_allow_hoveranimator\":\"no\"}\" data-widget_type=\"woocommerce-product-price.default\">\n<div class=\"elementor-widget-container\"><\/div>\n<\/div>\n","protected":false},"featured_media":50848,"template":"","meta":{"site-sidebar-layout":"default","site-content-layout":"","ast-site-content-layout":"default","site-content-style":"default","site-sidebar-style":"default","ast-global-header-display":"","ast-banner-title-visibility":"","ast-main-header-display":"","ast-hfb-above-header-display":"","ast-hfb-below-header-display":"","ast-hfb-mobile-header-display":"","site-post-title":"","ast-breadcrumbs-content":"","ast-featured-img":"","footer-sml-layout":"","ast-disable-related-posts":"","theme-transparent-header-meta":"default","adv-header-id-meta":"","stick-header-meta":"default","header-above-stick-meta":"","header-main-stick-meta":"","header-below-stick-meta":"","astra-migrate-meta-layouts":"default","ast-page-background-enabled":"default","ast-page-background-meta":{"desktop":{"background-color":"","background-image":"","background-repeat":"repeat","background-position":"center center","background-size":"auto","background-attachment":"scroll","background-type":"","background-media":"","overlay-type":"","overlay-color":"","overlay-opacity":"","overlay-gradient":""},"tablet":{"background-color":"","background-image":"","background-repeat":"repeat","background-position":"center center","background-size":"auto","background-attachment":"scroll","background-type":"","background-media":"","overlay-type":"","overlay-color":"","overlay-opacity":"","overlay-gradient":""},"mobile":{"background-color":"","background-image":"","background-repeat":"repeat","background-position":"center center","background-size":"auto","background-attachment":"scroll","background-type":"","background-media":"","overlay-type":"","overlay-color":"","overlay-opacity":"","overlay-gradient":""}},"ast-content-background-meta":{"desktop":{"background-color":"var(--ast-global-color-5)","background-image":"","background-repeat":"repeat","background-position":"center center","background-size":"auto","background-attachment":"scroll","background-type":"","background-media":"","overlay-type":"","overlay-color":"","overlay-opacity":"","overlay-gradient":""},"tablet":{"background-color":"var(--ast-global-color-5)","background-image":"","background-repeat":"repeat","background-position":"center center","background-size":"auto","background-attachment":"scroll","background-type":"","background-media":"","overlay-type":"","overlay-color":"","overlay-opacity":"","overlay-gradient":""},"mobile":{"background-color":"var(--ast-global-color-5)","background-image":"","background-repeat":"repeat","background-position":"center center","background-size":"auto","background-attachment":"scroll","background-type":"","background-media":"","overlay-type":"","overlay-color":"","overlay-opacity":"","overlay-gradient":""}}},"product_brand":[],"product_cat":[973,1632],"product_tag":[],"class_list":{"0":"post-55512","1":"product","2":"type-product","3":"status-publish","4":"has-post-thumbnail","6":"product_cat-lunettes-de-protection","7":"product_cat-oculaires-solaires","8":"desktop-align-left","9":"tablet-align-left","10":"mobile-align-left","11":"ast-product-gallery-layout-horizontal-slider","12":"ast-product-gallery-with-no-image","13":"ast-product-tabs-layout-horizontal","15":"first","16":"instock","17":"taxable","18":"shipping-taxable","19":"purchasable","20":"product-type-simple"},"_links":{"self":[{"href":"https:\/\/dacarcomercial.com\/fr\/wp-json\/wp\/v2\/product\/55512","targetHints":{"allow":["GET"]}}],"collection":[{"href":"https:\/\/dacarcomercial.com\/fr\/wp-json\/wp\/v2\/product"}],"about":[{"href":"https:\/\/dacarcomercial.com\/fr\/wp-json\/wp\/v2\/types\/product"}],"version-history":[{"count":0,"href":"https:\/\/dacarcomercial.com\/fr\/wp-json\/wp\/v2\/product\/55512\/revisions"}],"wp:featuredmedia":[{"embeddable":true,"href":"https:\/\/dacarcomercial.com\/fr\/wp-json\/wp\/v2\/media\/50848"}],"wp:attachment":[{"href":"https:\/\/dacarcomercial.com\/fr\/wp-json\/wp\/v2\/media?parent=55512"}],"wp:term":[{"taxonomy":"product_brand","embeddable":true,"href":"https:\/\/dacarcomercial.com\/fr\/wp-json\/wp\/v2\/product_brand?post=55512"},{"taxonomy":"product_cat","embeddable":true,"href":"https:\/\/dacarcomercial.com\/fr\/wp-json\/wp\/v2\/product_cat?post=55512"},{"taxonomy":"product_tag","embeddable":true,"href":"https:\/\/dacarcomercial.com\/fr\/wp-json\/wp\/v2\/product_tag?post=55512"}],"curies":[{"name":"wp","href":"https:\/\/api.w.org\/{rel}","templated":true}]}}