{"id":55520,"date":"2022-03-08T10:44:59","date_gmt":"2022-03-08T09:44:59","guid":{"rendered":"https:\/\/dacarcomercial.com\/producto\/walkers-razor-360-bluetooth\/"},"modified":"2026-04-20T14:09:00","modified_gmt":"2026-04-20T12:09:00","slug":"walkers-razor-360-bluetooth","status":"publish","type":"product","link":"https:\/\/dacarcomercial.com\/fr\/producto\/walkers-razor-360-bluetooth\/","title":{"rendered":"WALKER\u00b4S Razor 360 Bluetooth"},"content":{"rendered":"<h2><strong>Caract\u00e9ristiques du WALKER\u2019S Razor 360 Bluetooth<\/strong><\/h2>\n<ul>\n<li>Son haute qualit\u00e9<\/li>\n<li>Coques ultrafines et profil\u00e9es.<\/li>\n<li>4 microphones directionnels.<\/li>\n<li>Molette de r\u00e9glage du son.<\/li>\n<li>Arceaux m\u00e9talliques pliables.<\/li>\n<li>Bandeau renforc\u00e9 confortable.<\/li>\n<li>2 piles AAA incluses.<\/li>\n<li>SNR 27 (H32 &#8211; M24 &#8211; L17)<\/li>\n<\/ul>\n","protected":false},"excerpt":{"rendered":"<p>Le casque antibruit \u00e0 r\u00e9duction active du bruit RAZOR 360 Bluetooth offre un excellent rapport qualit\u00e9-prix. Tr\u00e8s compact et confortable, il est dot\u00e9 de coques profil\u00e9es qui ne g\u00eanent pas au niveau des \u00e9paules, et la coupure des bruits impulsionnels est tr\u00e8s rapide (2 millisecondes). <\/p>\n<p>Le casque Razor 360 BT offre une excellente qualit\u00e9 d\u2019\u00e9coute, avec un son pr\u00e9cis et sans bruit de fond. Le Razor 360 est \u00e9quip\u00e9 de quatre microphones qui permettent de capter le bruit dans toutes les directions. <\/p>\n<p>Cette version Bluetooth vous permet \u00e9galement de communiquer avec votre t\u00e9l\u00e9phone pour passer et recevoir des appels ou \u00e9couter de la musique. Les appels t\u00e9l\u00e9phoniques sont transmis directement au casque, et il suffit d\u2019appuyer sur le bouton BT pour d\u00e9marrer ou arr\u00eater l\u2019appel. <\/p>\n<p><em>Les produits Dacar peuvent \u00eatre achet\u00e9s en ligne ou via notre r\u00e9seau de distributeurs. N\u00b4h\u00e9sitez pas \u00e0 nous consulter votre revendeur le plus proche!<\/em><\/p>\n","protected":false},"featured_media":33875,"template":"","meta":{"site-sidebar-layout":"default","site-content-layout":"default","ast-site-content-layout":"default","site-content-style":"default","site-sidebar-style":"default","ast-global-header-display":"","ast-banner-title-visibility":"","ast-main-header-display":"","ast-hfb-above-header-display":"","ast-hfb-below-header-display":"","ast-hfb-mobile-header-display":"","site-post-title":"","ast-breadcrumbs-content":"","ast-featured-img":"","footer-sml-layout":"","ast-disable-related-posts":"","theme-transparent-header-meta":"default","adv-header-id-meta":"","stick-header-meta":"default","header-above-stick-meta":"","header-main-stick-meta":"","header-below-stick-meta":"","astra-migrate-meta-layouts":"default","ast-page-background-enabled":"default","ast-page-background-meta":{"desktop":{"background-color":"","background-image":"","background-repeat":"repeat","background-position":"center center","background-size":"auto","background-attachment":"scroll","background-type":"","background-media":"","overlay-type":"","overlay-color":"","overlay-opacity":"","overlay-gradient":""},"tablet":{"background-color":"","background-image":"","background-repeat":"repeat","background-position":"center center","background-size":"auto","background-attachment":"scroll","background-type":"","background-media":"","overlay-type":"","overlay-color":"","overlay-opacity":"","overlay-gradient":""},"mobile":{"background-color":"","background-image":"","background-repeat":"repeat","background-position":"center center","background-size":"auto","background-attachment":"scroll","background-type":"","background-media":"","overlay-type":"","overlay-color":"","overlay-opacity":"","overlay-gradient":""}},"ast-content-background-meta":{"desktop":{"background-color":"var(--ast-global-color-5)","background-image":"","background-repeat":"repeat","background-position":"center center","background-size":"auto","background-attachment":"scroll","background-type":"","background-media":"","overlay-type":"","overlay-color":"","overlay-opacity":"","overlay-gradient":""},"tablet":{"background-color":"var(--ast-global-color-5)","background-image":"","background-repeat":"repeat","background-position":"center center","background-size":"auto","background-attachment":"scroll","background-type":"","background-media":"","overlay-type":"","overlay-color":"","overlay-opacity":"","overlay-gradient":""},"mobile":{"background-color":"var(--ast-global-color-5)","background-image":"","background-repeat":"repeat","background-position":"center center","background-size":"auto","background-attachment":"scroll","background-type":"","background-media":"","overlay-type":"","overlay-color":"","overlay-opacity":"","overlay-gradient":""}}},"product_brand":[],"product_cat":[967],"product_tag":[],"class_list":{"0":"post-55520","1":"product","2":"type-product","3":"status-publish","4":"has-post-thumbnail","6":"product_cat-protecteurs-auditifs","7":"desktop-align-left","8":"tablet-align-left","9":"mobile-align-left","10":"ast-product-gallery-layout-horizontal-slider","11":"ast-product-tabs-layout-horizontal","13":"first","14":"instock","15":"taxable","16":"shipping-taxable","17":"purchasable","18":"product-type-simple"},"_links":{"self":[{"href":"https:\/\/dacarcomercial.com\/fr\/wp-json\/wp\/v2\/product\/55520","targetHints":{"allow":["GET"]}}],"collection":[{"href":"https:\/\/dacarcomercial.com\/fr\/wp-json\/wp\/v2\/product"}],"about":[{"href":"https:\/\/dacarcomercial.com\/fr\/wp-json\/wp\/v2\/types\/product"}],"version-history":[{"count":0,"href":"https:\/\/dacarcomercial.com\/fr\/wp-json\/wp\/v2\/product\/55520\/revisions"}],"wp:featuredmedia":[{"embeddable":true,"href":"https:\/\/dacarcomercial.com\/fr\/wp-json\/wp\/v2\/media\/33875"}],"wp:attachment":[{"href":"https:\/\/dacarcomercial.com\/fr\/wp-json\/wp\/v2\/media?parent=55520"}],"wp:term":[{"taxonomy":"product_brand","embeddable":true,"href":"https:\/\/dacarcomercial.com\/fr\/wp-json\/wp\/v2\/product_brand?post=55520"},{"taxonomy":"product_cat","embeddable":true,"href":"https:\/\/dacarcomercial.com\/fr\/wp-json\/wp\/v2\/product_cat?post=55520"},{"taxonomy":"product_tag","embeddable":true,"href":"https:\/\/dacarcomercial.com\/fr\/wp-json\/wp\/v2\/product_tag?post=55520"}],"curies":[{"name":"wp","href":"https:\/\/api.w.org\/{rel}","templated":true}]}}