{"id":55663,"date":"2026-04-23T09:24:05","date_gmt":"2026-04-23T07:24:05","guid":{"rendered":"https:\/\/dacarcomercial.com\/producto\/cleanair-unimask-basic\/"},"modified":"2026-04-23T14:34:26","modified_gmt":"2026-04-23T12:34:26","slug":"cleanair-unimask-basic","status":"publish","type":"product","link":"https:\/\/dacarcomercial.com\/fr\/producto\/cleanair-unimask-basic\/","title":{"rendered":"CleanAIR UniMask &amp; Basic"},"content":{"rendered":"<p data-start=\"575\" data-end=\"1040\">L\u2019offre CleanAIR Ready 2 Work UniMask &amp; Basic est une solution compl\u00e8te pour les professionnels qui doivent travailler avec un haut niveau de protection respiratoire sans renoncer au confort ni \u00e0 la facilit\u00e9 d\u2019utilisation. Ce pack associe l\u2019\u00e9cran UniMask \u00e0 l\u2019\u00e9quipement autonome CleanAIR Basic, offrant une configuration pratique, fiable et pr\u00eate pour les environnements de travail exigeants. <\/p>\n<p data-start=\"1042\" data-end=\"1659\">L\u2019\u00e9cran UniMask offre une protection TH3 et int\u00e8gre une visi\u00e8re en polycarbonate TR1, con\u00e7ue pour garantir une bonne visibilit\u00e9 et une protection efficace tout au long de la journ\u00e9e. Il dispose \u00e9galement d\u2019un r\u00e9glage de la ventilation, qui am\u00e9liore le confort d\u2019utilisation, ainsi que d\u2019un connecteur QuickLOCK, permettant une connexion rapide et s\u00fbre au syst\u00e8me. Son joint facial en n\u00e9opr\u00e8ne le rend particuli\u00e8rement adapt\u00e9 aux applications en pr\u00e9sence de produits chimiques. Point important \u00e0 noter : ce mod\u00e8le ne permet pas l\u2019utilisation de films de protection.   <\/p>\n<p data-start=\"1661\" data-end=\"2209\">De son c\u00f4t\u00e9, l\u2019\u00e9quipement autonome CleanAIR Basic int\u00e8gre un bloc moteur, un filtre P R SL, une ceinture Comfort, une batterie Li-Ion 7,2 V \/ 3,2 Ah, un chargeur et un indicateur de d\u00e9bit d\u2019air. Le syst\u00e8me permet de r\u00e9gler le d\u00e9bit entre 170 et 240 l\/min sur 5 vitesses, afin de mieux s\u2019adapter aux besoins de l\u2019utilisateur et au type de travail. L\u2019ensemble est conforme \u00e0 la norme EN 12941 TH3, ce qui renforce son orientation professionnelle pour les applications o\u00f9 la protection respiratoire est prioritaire.  <\/p>\n<p data-start=\"2211\" data-end=\"2642\">Ready to Work!, puisqu\u2019il comprend \u00e9galement un filtre P3, un tuyau QuickLOCK, une batterie et un chargeur, ainsi qu\u2019un sac offert.<\/p>\n","protected":false},"excerpt":{"rendered":"<p>Offre CleanAIR Ready 2 Work avec \u00e9cran UniMask et \u00e9quipement autonome CleanAIR Basic, con\u00e7ue pour offrir une protection respiratoire TH3, un grand confort d\u2019utilisation et un syst\u00e8me complet pr\u00eat \u00e0 l\u2019emploi. Elle comprend un \u00e9cran avec visi\u00e8re en polycarbonate TR1, un r\u00e9glage de la ventilation, un connecteur QuickLOCK, un joint facial en n\u00e9opr\u00e8ne pour les environnements avec produits chimiques, ainsi qu\u2019une unit\u00e9 motoris\u00e9e avec d\u00e9bit r\u00e9glable de 170 \u00e0 240 l\/min. <\/p>\n<p><strong>Comprend un sac de transport GRATUIT.<\/strong><\/p>\n","protected":false},"featured_media":55644,"template":"","meta":{"site-sidebar-layout":"default","site-content-layout":"","ast-site-content-layout":"default","site-content-style":"default","site-sidebar-style":"default","ast-global-header-display":"","ast-banner-title-visibility":"","ast-main-header-display":"","ast-hfb-above-header-display":"","ast-hfb-below-header-display":"","ast-hfb-mobile-header-display":"","site-post-title":"","ast-breadcrumbs-content":"","ast-featured-img":"","footer-sml-layout":"","ast-disable-related-posts":"","theme-transparent-header-meta":"default","adv-header-id-meta":"","stick-header-meta":"default","header-above-stick-meta":"","header-main-stick-meta":"","header-below-stick-meta":"","astra-migrate-meta-layouts":"default","ast-page-background-enabled":"default","ast-page-background-meta":{"desktop":{"background-color":"","background-image":"","background-repeat":"repeat","background-position":"center center","background-size":"auto","background-attachment":"scroll","background-type":"","background-media":"","overlay-type":"","overlay-color":"","overlay-opacity":"","overlay-gradient":""},"tablet":{"background-color":"","background-image":"","background-repeat":"repeat","background-position":"center center","background-size":"auto","background-attachment":"scroll","background-type":"","background-media":"","overlay-type":"","overlay-color":"","overlay-opacity":"","overlay-gradient":""},"mobile":{"background-color":"","background-image":"","background-repeat":"repeat","background-position":"center center","background-size":"auto","background-attachment":"scroll","background-type":"","background-media":"","overlay-type":"","overlay-color":"","overlay-opacity":"","overlay-gradient":""}},"ast-content-background-meta":{"desktop":{"background-color":"var(--ast-global-color-5)","background-image":"","background-repeat":"repeat","background-position":"center center","background-size":"auto","background-attachment":"scroll","background-type":"","background-media":"","overlay-type":"","overlay-color":"","overlay-opacity":"","overlay-gradient":""},"tablet":{"background-color":"var(--ast-global-color-5)","background-image":"","background-repeat":"repeat","background-position":"center center","background-size":"auto","background-attachment":"scroll","background-type":"","background-media":"","overlay-type":"","overlay-color":"","overlay-opacity":"","overlay-gradient":""},"mobile":{"background-color":"var(--ast-global-color-5)","background-image":"","background-repeat":"repeat","background-position":"center center","background-size":"auto","background-attachment":"scroll","background-type":"","background-media":"","overlay-type":"","overlay-color":"","overlay-opacity":"","overlay-gradient":""}}},"product_brand":[],"product_cat":[1901,980],"product_tag":[],"class_list":{"0":"post-55663","1":"product","2":"type-product","3":"status-publish","4":"has-post-thumbnail","6":"product_cat-packs-cleanair-fr","7":"product_cat-packs-offre","8":"desktop-align-left","9":"tablet-align-left","10":"mobile-align-left","11":"ast-product-gallery-layout-horizontal-slider","12":"ast-product-tabs-layout-horizontal","14":"first","15":"instock","16":"sale","17":"taxable","18":"shipping-taxable","19":"purchasable","20":"product-type-simple"},"_links":{"self":[{"href":"https:\/\/dacarcomercial.com\/fr\/wp-json\/wp\/v2\/product\/55663","targetHints":{"allow":["GET"]}}],"collection":[{"href":"https:\/\/dacarcomercial.com\/fr\/wp-json\/wp\/v2\/product"}],"about":[{"href":"https:\/\/dacarcomercial.com\/fr\/wp-json\/wp\/v2\/types\/product"}],"version-history":[{"count":0,"href":"https:\/\/dacarcomercial.com\/fr\/wp-json\/wp\/v2\/product\/55663\/revisions"}],"wp:featuredmedia":[{"embeddable":true,"href":"https:\/\/dacarcomercial.com\/fr\/wp-json\/wp\/v2\/media\/55644"}],"wp:attachment":[{"href":"https:\/\/dacarcomercial.com\/fr\/wp-json\/wp\/v2\/media?parent=55663"}],"wp:term":[{"taxonomy":"product_brand","embeddable":true,"href":"https:\/\/dacarcomercial.com\/fr\/wp-json\/wp\/v2\/product_brand?post=55663"},{"taxonomy":"product_cat","embeddable":true,"href":"https:\/\/dacarcomercial.com\/fr\/wp-json\/wp\/v2\/product_cat?post=55663"},{"taxonomy":"product_tag","embeddable":true,"href":"https:\/\/dacarcomercial.com\/fr\/wp-json\/wp\/v2\/product_tag?post=55663"}],"curies":[{"name":"wp","href":"https:\/\/api.w.org\/{rel}","templated":true}]}}