{"id":55664,"date":"2022-03-08T08:36:17","date_gmt":"2022-03-08T07:36:17","guid":{"rendered":"https:\/\/dacarcomercial.com\/producto\/walkie-talkie\/"},"modified":"2026-04-23T14:45:02","modified_gmt":"2026-04-23T12:45:02","slug":"walkie-talkie","status":"publish","type":"product","link":"https:\/\/dacarcomercial.com\/fr\/producto\/walkie-talkie\/","title":{"rendered":"Walkie-Talkie"},"content":{"rendered":"<h2><strong>Caract\u00e9ristiques du Walkie-Talkie<\/strong><\/h2>\n<p><img fetchpriority=\"high\" decoding=\"async\" class=\" wp-image-33623 alignleft\" src=\"https:\/\/dacarcomercial.com\/wp-content\/uploads\/2022\/03\/walkie-tolkie-min.png\" alt=\"\" width=\"610\" height=\"459\" title=\"\" srcset=\"https:\/\/dacarcomercial.com\/wp-content\/uploads\/2022\/03\/walkie-tolkie-min.png 637w, https:\/\/dacarcomercial.com\/wp-content\/uploads\/2022\/03\/walkie-tolkie-min-600x452.png 600w\" sizes=\"(max-width: 610px) 100vw, 610px\" \/><\/p>\n<ul>\n<li>Il dispose \u00e9galement d\u2019une fonction PRI (priorit\u00e9) qui permet de balayer une deuxi\u00e8me fr\u00e9quence de veille afin de recevoir des messages d\u2019alerte sur une fr\u00e9quence configurable.<\/li>\n<li style=\"text-align: left;\">Poids du kit seul = 135 g<\/li>\n<li style=\"text-align: left;\">Canaux = 8 en PMR446 et 99 en fonction Squelch<\/li>\n<li><span style=\"font-size: 16px;\">Le kit Walkie-Talkie est uniquement compatible avec le casque WALKER\u2019S Razor dans sa version avec 2 microphones et un connecteur jack.<\/span><\/li>\n<\/ul>\n<p>&nbsp;<\/p>\n","protected":false},"excerpt":{"rendered":"<p>Le kit Razor Walkie-Talkie, votre grand alli\u00e9 au travail. Il se fixe directement au casque et le transforme en un casque \u00e0 double fonction : \u00e9couter l\u2019environnement et communiquer par talkie-walkie. <\/p>\n<p>Le Walkie-Talkie fonctionne sur les 8 fr\u00e9quences libres du standard europ\u00e9en PMR446, ce qui le rend compatible avec tous les talkies-walkies du march\u00e9 PMR446.<\/p>\n<p>Une fois install\u00e9 sur le casque, le fonctionnement du kit est vraiment simple :<br \/>\nsi vous utilisez normalement les \u00e9couteurs pour entendre les bruits ext\u00e9rieurs, la fonction Walkie-Talkie reste en veille. D\u00e8s que le talkie-walkie capte une conversation, celle-ci est automatiquement diffus\u00e9e dans les \u00e9couteurs.<br \/>\nSi vous souhaitez transmettre comme avec un talkie-walkie, le kit d\u00e9tecte automatiquement votre voix et \u00e9met. Vous pouvez choisir de parler manuellement, \u00e0 voix basse ou \u00e0 voix haute.  <\/p>\n<p>Il n\u2019y a aucun c\u00e2ble de liaison entre le casque et le walkie-talkie, ce qui vous permet de vous d\u00e9placer en toute libert\u00e9.<\/p>\n<p><em>Les produits Dacar peuvent \u00eatre achet\u00e9s en ligne ou via notre r\u00e9seau de distributeurs. N\u00b4h\u00e9sitez pas \u00e0 nous consulter votre revendeur le plus proche!<\/em><\/p>\n","protected":false},"featured_media":33622,"template":"","meta":{"site-sidebar-layout":"default","site-content-layout":"default","ast-site-content-layout":"default","site-content-style":"default","site-sidebar-style":"default","ast-global-header-display":"","ast-banner-title-visibility":"","ast-main-header-display":"","ast-hfb-above-header-display":"","ast-hfb-below-header-display":"","ast-hfb-mobile-header-display":"","site-post-title":"","ast-breadcrumbs-content":"","ast-featured-img":"","footer-sml-layout":"","ast-disable-related-posts":"","theme-transparent-header-meta":"default","adv-header-id-meta":"","stick-header-meta":"default","header-above-stick-meta":"","header-main-stick-meta":"","header-below-stick-meta":"","astra-migrate-meta-layouts":"default","ast-page-background-enabled":"default","ast-page-background-meta":{"desktop":{"background-color":"","background-image":"","background-repeat":"repeat","background-position":"center center","background-size":"auto","background-attachment":"scroll","background-type":"","background-media":"","overlay-type":"","overlay-color":"","overlay-opacity":"","overlay-gradient":""},"tablet":{"background-color":"","background-image":"","background-repeat":"repeat","background-position":"center center","background-size":"auto","background-attachment":"scroll","background-type":"","background-media":"","overlay-type":"","overlay-color":"","overlay-opacity":"","overlay-gradient":""},"mobile":{"background-color":"","background-image":"","background-repeat":"repeat","background-position":"center center","background-size":"auto","background-attachment":"scroll","background-type":"","background-media":"","overlay-type":"","overlay-color":"","overlay-opacity":"","overlay-gradient":""}},"ast-content-background-meta":{"desktop":{"background-color":"var(--ast-global-color-5)","background-image":"","background-repeat":"repeat","background-position":"center center","background-size":"auto","background-attachment":"scroll","background-type":"","background-media":"","overlay-type":"","overlay-color":"","overlay-opacity":"","overlay-gradient":""},"tablet":{"background-color":"var(--ast-global-color-5)","background-image":"","background-repeat":"repeat","background-position":"center center","background-size":"auto","background-attachment":"scroll","background-type":"","background-media":"","overlay-type":"","overlay-color":"","overlay-opacity":"","overlay-gradient":""},"mobile":{"background-color":"var(--ast-global-color-5)","background-image":"","background-repeat":"repeat","background-position":"center center","background-size":"auto","background-attachment":"scroll","background-type":"","background-media":"","overlay-type":"","overlay-color":"","overlay-opacity":"","overlay-gradient":""}}},"product_brand":[],"product_cat":[967],"product_tag":[],"class_list":{"0":"post-55664","1":"product","2":"type-product","3":"status-publish","4":"has-post-thumbnail","6":"product_cat-protecteurs-auditifs","7":"desktop-align-left","8":"tablet-align-left","9":"mobile-align-left","10":"ast-product-gallery-layout-horizontal-slider","11":"ast-product-tabs-layout-horizontal","13":"first","14":"instock","15":"taxable","16":"shipping-taxable","17":"purchasable","18":"product-type-simple"},"_links":{"self":[{"href":"https:\/\/dacarcomercial.com\/fr\/wp-json\/wp\/v2\/product\/55664","targetHints":{"allow":["GET"]}}],"collection":[{"href":"https:\/\/dacarcomercial.com\/fr\/wp-json\/wp\/v2\/product"}],"about":[{"href":"https:\/\/dacarcomercial.com\/fr\/wp-json\/wp\/v2\/types\/product"}],"version-history":[{"count":0,"href":"https:\/\/dacarcomercial.com\/fr\/wp-json\/wp\/v2\/product\/55664\/revisions"}],"wp:featuredmedia":[{"embeddable":true,"href":"https:\/\/dacarcomercial.com\/fr\/wp-json\/wp\/v2\/media\/33622"}],"wp:attachment":[{"href":"https:\/\/dacarcomercial.com\/fr\/wp-json\/wp\/v2\/media?parent=55664"}],"wp:term":[{"taxonomy":"product_brand","embeddable":true,"href":"https:\/\/dacarcomercial.com\/fr\/wp-json\/wp\/v2\/product_brand?post=55664"},{"taxonomy":"product_cat","embeddable":true,"href":"https:\/\/dacarcomercial.com\/fr\/wp-json\/wp\/v2\/product_cat?post=55664"},{"taxonomy":"product_tag","embeddable":true,"href":"https:\/\/dacarcomercial.com\/fr\/wp-json\/wp\/v2\/product_tag?post=55664"}],"curies":[{"name":"wp","href":"https:\/\/api.w.org\/{rel}","templated":true}]}}