{"id":55665,"date":"2022-03-08T10:17:32","date_gmt":"2022-03-08T09:17:32","guid":{"rendered":"https:\/\/dacarcomercial.com\/producto\/walkers-razor-2\/"},"modified":"2026-04-23T14:54:48","modified_gmt":"2026-04-23T12:54:48","slug":"walkers-razor-2","status":"publish","type":"product","link":"https:\/\/dacarcomercial.com\/fr\/producto\/walkers-razor-2\/","title":{"rendered":"WALKER&rsquo;S Razor 2"},"content":{"rendered":"<h2><strong>Caract\u00e9ristiques du WALKER\u2019S Razor 2<\/strong><\/h2>\n<ul>\n<li>\u00c9couteurs avec une haute qualit\u00e9 sonore<\/li>\n<li>Coques ultra-fines et biseaut\u00e9es<\/li>\n<li>2 microphones directionnels<\/li>\n<li>R\u00e9duction du bruit de fond<\/li>\n<li>Prise d\u2019entr\u00e9e de 3,5 mm (c\u00e2ble non inclus)<\/li>\n<li>Compression automatique des bruits impulsionnels<\/li>\n<li>Arceaux m\u00e9talliques repliables<\/li>\n<li>Bouton de r\u00e9glage<\/li>\n<li>Bandeau renforc\u00e9 confortable<\/li>\n<li>2 piles AAA incluses<\/li>\n<li>SNR: 27dB H: 32 M: 24 L: 17 (EN 352-1:2002)<\/li>\n<\/ul>\n","protected":false},"excerpt":{"rendered":"<p>Les \u00e9couteurs \u00e0 r\u00e9duction active du bruit WALKER\u2019S Razor offrent un excellent rapport qualit\u00e9-prix. Tr\u00e8s compacts et confortables, leurs coques ne g\u00eanent pas l\u2019\u00e9paule et la coupure des bruits brusques est tr\u00e8s rapide (2 millisecondes). <\/p>\n<p>Le principal avantage du Razor est sa qualit\u00e9 d\u2019\u00e9coute, avec un son pr\u00e9cis dans les hautes fr\u00e9quences et sans bruit de fond. La sc\u00e8ne sonore se concentre \u00e0 l\u2019avant et sur les c\u00f4t\u00e9s. Ces \u00e9couteurs disposent d\u2019une att\u00e9nuation acoustique \u00e9lev\u00e9e SNR 27, d\u2019une amplification sonore x9 et de deux microphones HiFi int\u00e9gr\u00e9s. <\/p>\n<p><em>Les produits Dacar peuvent \u00eatre achet\u00e9s en ligne ou via notre r\u00e9seau de distributeurs. N\u00b4h\u00e9sitez pas \u00e0 nous consulter votre revendeur le plus proche!<\/em><\/p>\n","protected":false},"featured_media":33872,"template":"","meta":{"site-sidebar-layout":"default","site-content-layout":"default","ast-site-content-layout":"default","site-content-style":"default","site-sidebar-style":"default","ast-global-header-display":"","ast-banner-title-visibility":"","ast-main-header-display":"","ast-hfb-above-header-display":"","ast-hfb-below-header-display":"","ast-hfb-mobile-header-display":"","site-post-title":"","ast-breadcrumbs-content":"","ast-featured-img":"","footer-sml-layout":"","ast-disable-related-posts":"","theme-transparent-header-meta":"default","adv-header-id-meta":"","stick-header-meta":"default","header-above-stick-meta":"","header-main-stick-meta":"","header-below-stick-meta":"","astra-migrate-meta-layouts":"default","ast-page-background-enabled":"default","ast-page-background-meta":{"desktop":{"background-color":"","background-image":"","background-repeat":"repeat","background-position":"center center","background-size":"auto","background-attachment":"scroll","background-type":"","background-media":"","overlay-type":"","overlay-color":"","overlay-opacity":"","overlay-gradient":""},"tablet":{"background-color":"","background-image":"","background-repeat":"repeat","background-position":"center center","background-size":"auto","background-attachment":"scroll","background-type":"","background-media":"","overlay-type":"","overlay-color":"","overlay-opacity":"","overlay-gradient":""},"mobile":{"background-color":"","background-image":"","background-repeat":"repeat","background-position":"center center","background-size":"auto","background-attachment":"scroll","background-type":"","background-media":"","overlay-type":"","overlay-color":"","overlay-opacity":"","overlay-gradient":""}},"ast-content-background-meta":{"desktop":{"background-color":"var(--ast-global-color-5)","background-image":"","background-repeat":"repeat","background-position":"center center","background-size":"auto","background-attachment":"scroll","background-type":"","background-media":"","overlay-type":"","overlay-color":"","overlay-opacity":"","overlay-gradient":""},"tablet":{"background-color":"var(--ast-global-color-5)","background-image":"","background-repeat":"repeat","background-position":"center center","background-size":"auto","background-attachment":"scroll","background-type":"","background-media":"","overlay-type":"","overlay-color":"","overlay-opacity":"","overlay-gradient":""},"mobile":{"background-color":"var(--ast-global-color-5)","background-image":"","background-repeat":"repeat","background-position":"center center","background-size":"auto","background-attachment":"scroll","background-type":"","background-media":"","overlay-type":"","overlay-color":"","overlay-opacity":"","overlay-gradient":""}}},"product_brand":[],"product_cat":[967],"product_tag":[],"class_list":{"0":"post-55665","1":"product","2":"type-product","3":"status-publish","4":"has-post-thumbnail","6":"product_cat-protecteurs-auditifs","7":"desktop-align-left","8":"tablet-align-left","9":"mobile-align-left","10":"ast-product-gallery-layout-horizontal-slider","11":"ast-product-tabs-layout-horizontal","13":"first","14":"instock","15":"taxable","16":"shipping-taxable","17":"purchasable","18":"product-type-simple"},"_links":{"self":[{"href":"https:\/\/dacarcomercial.com\/fr\/wp-json\/wp\/v2\/product\/55665","targetHints":{"allow":["GET"]}}],"collection":[{"href":"https:\/\/dacarcomercial.com\/fr\/wp-json\/wp\/v2\/product"}],"about":[{"href":"https:\/\/dacarcomercial.com\/fr\/wp-json\/wp\/v2\/types\/product"}],"version-history":[{"count":0,"href":"https:\/\/dacarcomercial.com\/fr\/wp-json\/wp\/v2\/product\/55665\/revisions"}],"wp:featuredmedia":[{"embeddable":true,"href":"https:\/\/dacarcomercial.com\/fr\/wp-json\/wp\/v2\/media\/33872"}],"wp:attachment":[{"href":"https:\/\/dacarcomercial.com\/fr\/wp-json\/wp\/v2\/media?parent=55665"}],"wp:term":[{"taxonomy":"product_brand","embeddable":true,"href":"https:\/\/dacarcomercial.com\/fr\/wp-json\/wp\/v2\/product_brand?post=55665"},{"taxonomy":"product_cat","embeddable":true,"href":"https:\/\/dacarcomercial.com\/fr\/wp-json\/wp\/v2\/product_cat?post=55665"},{"taxonomy":"product_tag","embeddable":true,"href":"https:\/\/dacarcomercial.com\/fr\/wp-json\/wp\/v2\/product_tag?post=55665"}],"curies":[{"name":"wp","href":"https:\/\/api.w.org\/{rel}","templated":true}]}}